{"id":15,"date":"2024-10-14T15:58:25","date_gmt":"2024-10-14T18:58:25","guid":{"rendered":"https:\/\/jetmar.com.uy\/corporativo\/?page_id=15"},"modified":"2024-11-29T10:58:44","modified_gmt":"2024-11-29T13:58:44","slug":"servicios","status":"publish","type":"page","link":"https:\/\/jetmar.com.uy\/corporativo\/servicios\/","title":{"rendered":"Servicios"},"content":{"rendered":"\t\t<div data-elementor-type=\"wp-page\" data-elementor-id=\"15\" class=\"elementor elementor-15\" data-elementor-post-type=\"page\">\n\t\t\t\t<div class=\"elementor-element elementor-element-ef9c9df e-flex e-con-boxed e-con e-parent\" data-id=\"ef9c9df\" data-element_type=\"container\">\n\t\t\t\t\t<div class=\"e-con-inner\">\n\t\t\t\t<div class=\"elementor-element elementor-element-0ba5767 elementor-widget-mobile__width-inherit elementor-widget elementor-widget-heading\" data-id=\"0ba5767\" data-element_type=\"widget\" data-widget_type=\"heading.default\">\n\t\t\t\t<div class=\"elementor-widget-container\">\n\t\t\t\t\t<h1 class=\"elementor-heading-title elementor-size-default\">Propuesta de servicios<\/h1>\t\t\t\t<\/div>\n\t\t\t\t<\/div>\n\t\t\t\t\t<\/div>\n\t\t\t\t<\/div>\n\t\t<div class=\"elementor-element elementor-element-74873b4 e-flex e-con-boxed e-con e-parent\" data-id=\"74873b4\" data-element_type=\"container\">\n\t\t\t\t\t<div class=\"e-con-inner\">\n\t\t<div class=\"elementor-element elementor-element-75b494a e-con-full e-flex e-con e-child\" data-id=\"75b494a\" data-element_type=\"container\">\n\t\t\t\t<div class=\"elementor-element elementor-element-37ef702 elementor-widget-tablet__width-initial elementor-widget elementor-widget-image\" data-id=\"37ef702\" data-element_type=\"widget\" data-widget_type=\"image.default\">\n\t\t\t\t<div class=\"elementor-widget-container\">\n\t\t\t\t\t\t\t\t\t\t\t\t\t\t\t<img fetchpriority=\"high\" decoding=\"async\" width=\"583\" height=\"583\" src=\"https:\/\/jetmar.com.uy\/corporativo\/wp-content\/uploads\/2024\/11\/shutterstock-2137645258-1036x583-1.jpeg\" class=\"attachment-full size-full wp-image-428\" alt=\"Jetmar Corporativo: gestion\u00e1 tus viajes de trabajo con la mejor agencia de viajes de Uruguay\" srcset=\"https:\/\/jetmar.com.uy\/corporativo\/wp-content\/uploads\/2024\/11\/shutterstock-2137645258-1036x583-1.jpeg 583w, https:\/\/jetmar.com.uy\/corporativo\/wp-content\/uploads\/2024\/11\/shutterstock-2137645258-1036x583-1-300x300.jpeg 300w, https:\/\/jetmar.com.uy\/corporativo\/wp-content\/uploads\/2024\/11\/shutterstock-2137645258-1036x583-1-150x150.jpeg 150w\" sizes=\"(max-width: 583px) 100vw, 583px\" \/>\t\t\t\t\t\t\t\t\t\t\t\t\t\t\t<\/div>\n\t\t\t\t<\/div>\n\t\t\t\t<\/div>\n\t\t<div class=\"elementor-element elementor-element-d6cbefa e-con-full e-flex e-con e-child\" data-id=\"d6cbefa\" data-element_type=\"container\">\n\t\t\t\t<div class=\"elementor-element elementor-element-b2b8fba elementor-widget elementor-widget-heading\" data-id=\"b2b8fba\" data-element_type=\"widget\" data-widget_type=\"heading.default\">\n\t\t\t\t<div class=\"elementor-widget-container\">\n\t\t\t\t\t<h5 class=\"elementor-heading-title elementor-size-default\">Atenci\u00f3n personalizada<\/h5>\t\t\t\t<\/div>\n\t\t\t\t<\/div>\n\t\t\t\t<div class=\"elementor-element elementor-element-9c20e6b elementor-widget__width-initial elementor-widget elementor-widget-text-editor\" data-id=\"9c20e6b\" data-element_type=\"widget\" data-widget_type=\"text-editor.default\">\n\t\t\t\t<div class=\"elementor-widget-container\">\n\t\t\t\t\t\t\t\t\t<p>Tendr\u00e1 a disposici\u00f3n asesores 100% dedicados. Los mismos cuentan con una validada trayectoria y experiencia en la atenci\u00f3n de empresas de primer nivel.<\/p><p>Nuestros asesores lograr\u00e1n ahorrarle 20% en sus viajes a trav\u00e9s de mejoras en tarifas de a\u00e9reos y servicios. Adem\u00e1s, 10% brindando la tarifa adecuada donde ahorraran en penalidades por cambios o cancelaciones.<\/p>\t\t\t\t\t\t\t\t<\/div>\n\t\t\t\t<\/div>\n\t\t\t\t<\/div>\n\t\t\t\t\t<\/div>\n\t\t\t\t<\/div>\n\t\t<div class=\"elementor-element elementor-element-bc7bc2e e-flex e-con-boxed e-con e-parent\" data-id=\"bc7bc2e\" data-element_type=\"container\">\n\t\t\t\t\t<div class=\"e-con-inner\">\n\t\t<div class=\"elementor-element elementor-element-a2d0a6d e-con-full e-flex e-con e-child\" data-id=\"a2d0a6d\" data-element_type=\"container\">\n\t\t\t\t<div class=\"elementor-element elementor-element-db0b7c9 elementor-widget elementor-widget-heading\" data-id=\"db0b7c9\" data-element_type=\"widget\" data-widget_type=\"heading.default\">\n\t\t\t\t<div class=\"elementor-widget-container\">\n\t\t\t\t\t<h2 class=\"elementor-heading-title elementor-size-default\">Online Booking Tools<\/h2>\t\t\t\t<\/div>\n\t\t\t\t<\/div>\n\t\t\t\t<div class=\"elementor-element elementor-element-0c7e17d elementor-widget__width-initial elementor-widget elementor-widget-text-editor\" data-id=\"0c7e17d\" data-element_type=\"widget\" data-widget_type=\"text-editor.default\">\n\t\t\t\t<div class=\"elementor-widget-container\">\n\t\t\t\t\t\t\t\t\t<p>Disponemos de soluciones online de gesti\u00f3n de reservas que permiten reservar todos los a\u00e9reos y hoteles para luego ser gestionados por los asesores designados.<\/p><p>Tendr\u00e1 un canal dedicado para la autogesti\u00f3n de cotizaciones y reservas de su empresa.<\/p><p>Disponemos de acuerdos con SABRE y AMADEUS para la utilizaci\u00f3n de herramientas como GetThere, Cytric, Concur y ARGO.<\/p>\t\t\t\t\t\t\t\t<\/div>\n\t\t\t\t<\/div>\n\t\t\t\t<\/div>\n\t\t<div class=\"elementor-element elementor-element-0c57454 e-con-full e-flex e-con e-child\" data-id=\"0c57454\" data-element_type=\"container\">\n\t\t\t\t<div class=\"elementor-element elementor-element-8dd9b60 elementor-widget__width-initial elementor-widget elementor-widget-image\" data-id=\"8dd9b60\" data-element_type=\"widget\" data-widget_type=\"image.default\">\n\t\t\t\t<div class=\"elementor-widget-container\">\n\t\t\t\t\t\t\t\t\t\t\t\t\t\t\t<img decoding=\"async\" width=\"691\" height=\"691\" src=\"https:\/\/jetmar.com.uy\/corporativo\/wp-content\/uploads\/2024\/11\/shutterstock-374613534-1036x691-1.jpeg\" class=\"attachment-large size-large wp-image-429\" alt=\"Gesti\u00f3n de viajes corporativos desde Uruguay\" srcset=\"https:\/\/jetmar.com.uy\/corporativo\/wp-content\/uploads\/2024\/11\/shutterstock-374613534-1036x691-1.jpeg 691w, https:\/\/jetmar.com.uy\/corporativo\/wp-content\/uploads\/2024\/11\/shutterstock-374613534-1036x691-1-300x300.jpeg 300w, https:\/\/jetmar.com.uy\/corporativo\/wp-content\/uploads\/2024\/11\/shutterstock-374613534-1036x691-1-150x150.jpeg 150w\" sizes=\"(max-width: 691px) 100vw, 691px\" \/>\t\t\t\t\t\t\t\t\t\t\t\t\t\t\t<\/div>\n\t\t\t\t<\/div>\n\t\t\t\t<\/div>\n\t\t\t\t\t<\/div>\n\t\t\t\t<\/div>\n\t\t<div class=\"elementor-element elementor-element-7d03af8 e-flex e-con-boxed e-con e-parent\" data-id=\"7d03af8\" data-element_type=\"container\">\n\t\t\t\t\t<div class=\"e-con-inner\">\n\t\t<div class=\"elementor-element elementor-element-255c265 e-con-full e-flex e-con e-child\" data-id=\"255c265\" data-element_type=\"container\" data-settings=\"{&quot;background_background&quot;:&quot;classic&quot;}\">\n\t\t\t\t<div class=\"elementor-element elementor-element-0e85ac2 elementor-widget elementor-widget-heading\" data-id=\"0e85ac2\" data-element_type=\"widget\" data-widget_type=\"heading.default\">\n\t\t\t\t<div class=\"elementor-widget-container\">\n\t\t\t\t\t<h2 class=\"elementor-heading-title elementor-size-default\">Servicio 24\/7 en el exterior<\/h2>\t\t\t\t<\/div>\n\t\t\t\t<\/div>\n\t\t\t\t<div class=\"elementor-element elementor-element-5c4346c elementor-widget elementor-widget-text-editor\" data-id=\"5c4346c\" data-element_type=\"widget\" data-widget_type=\"text-editor.default\">\n\t\t\t\t<div class=\"elementor-widget-container\">\n\t\t\t\t\t\t\t\t\t<p>Tendr\u00e1 a disposici\u00f3n n\u00fameros celulares espec\u00edficos para cualquier tipo de emergencia disponible las 24 horas los 365 d\u00edas del a\u00f1o.<\/p>\t\t\t\t\t\t\t\t<\/div>\n\t\t\t\t<\/div>\n\t\t\t\t<\/div>\n\t\t<div class=\"elementor-element elementor-element-1f12bb9 e-con-full e-flex e-con e-child\" data-id=\"1f12bb9\" data-element_type=\"container\" data-settings=\"{&quot;background_background&quot;:&quot;classic&quot;}\">\n\t\t\t\t<div class=\"elementor-element elementor-element-4715c5b elementor-widget elementor-widget-heading\" data-id=\"4715c5b\" data-element_type=\"widget\" data-widget_type=\"heading.default\">\n\t\t\t\t<div class=\"elementor-widget-container\">\n\t\t\t\t\t<h2 class=\"elementor-heading-title elementor-size-default\">Contratos corporativos<\/h2>\t\t\t\t<\/div>\n\t\t\t\t<\/div>\n\t\t\t\t<div class=\"elementor-element elementor-element-374f53e elementor-widget elementor-widget-text-editor\" data-id=\"374f53e\" data-element_type=\"widget\" data-widget_type=\"text-editor.default\">\n\t\t\t\t<div class=\"elementor-widget-container\">\n\t\t\t\t\t\t\t\t\t<p>Jetmar negociar\u00e1 acuerdos con compa\u00f1\u00edas a\u00e9reas donde otorguen descuentos especiales, exoneraci\u00f3n de penalidades por cambios, atenci\u00f3n personalizada para pasajeros frecuentes, entre otros beneficios.<\/p>\t\t\t\t\t\t\t\t<\/div>\n\t\t\t\t<\/div>\n\t\t\t\t<\/div>\n\t\t<div class=\"elementor-element elementor-element-d7d3ae8 e-con-full e-flex e-con e-child\" data-id=\"d7d3ae8\" data-element_type=\"container\" data-settings=\"{&quot;background_background&quot;:&quot;classic&quot;}\">\n\t\t\t\t<div class=\"elementor-element elementor-element-d09f930 elementor-widget elementor-widget-heading\" data-id=\"d09f930\" data-element_type=\"widget\" data-widget_type=\"heading.default\">\n\t\t\t\t<div class=\"elementor-widget-container\">\n\t\t\t\t\t<h2 class=\"elementor-heading-title elementor-size-default\">Seguro de salud<\/h2>\t\t\t\t<\/div>\n\t\t\t\t<\/div>\n\t\t\t\t<div class=\"elementor-element elementor-element-32fad0c elementor-widget elementor-widget-text-editor\" data-id=\"32fad0c\" data-element_type=\"widget\" data-widget_type=\"text-editor.default\">\n\t\t\t\t<div class=\"elementor-widget-container\">\n\t\t\t\t\t\t\t\t\t<p>Cobertura anual o por d\u00eda de viaje para todos los pasajeros a un precio exclusivo con Assist Card.<\/p>\t\t\t\t\t\t\t\t<\/div>\n\t\t\t\t<\/div>\n\t\t\t\t<\/div>\n\t\t<div class=\"elementor-element elementor-element-e3ffa12 e-con-full e-flex e-con e-child\" data-id=\"e3ffa12\" data-element_type=\"container\" data-settings=\"{&quot;background_background&quot;:&quot;classic&quot;}\">\n\t\t\t\t<div class=\"elementor-element elementor-element-ca2c399 elementor-widget elementor-widget-heading\" data-id=\"ca2c399\" data-element_type=\"widget\" data-widget_type=\"heading.default\">\n\t\t\t\t<div class=\"elementor-widget-container\">\n\t\t\t\t\t<h2 class=\"elementor-heading-title elementor-size-default\">Medios de pago<\/h2>\t\t\t\t<\/div>\n\t\t\t\t<\/div>\n\t\t\t\t<div class=\"elementor-element elementor-element-c5aed1d elementor-widget elementor-widget-text-editor\" data-id=\"c5aed1d\" data-element_type=\"widget\" data-widget_type=\"text-editor.default\">\n\t\t\t\t<div class=\"elementor-widget-container\">\n\t\t\t\t\t\t\t\t\t<p>Cuenta corriente con plazo a 15 d\u00edas, tarjeta de cr\u00e9dito y transferencia bancaria de bancos Ita\u00fa, Santander, Scotiabank o BROU.<\/p>\t\t\t\t\t\t\t\t<\/div>\n\t\t\t\t<\/div>\n\t\t\t\t<\/div>\n\t\t\t\t\t<\/div>\n\t\t\t\t<\/div>\n\t\t<div class=\"elementor-element elementor-element-bcfabeb e-flex e-con-boxed e-con e-parent\" data-id=\"bcfabeb\" data-element_type=\"container\">\n\t\t\t\t\t<div class=\"e-con-inner\">\n\t\t<div class=\"elementor-element elementor-element-990e977 e-con-full e-flex e-con e-child\" data-id=\"990e977\" data-element_type=\"container\">\n\t\t\t\t<div class=\"elementor-element elementor-element-b3edd31 elementor-widget elementor-widget-image\" data-id=\"b3edd31\" data-element_type=\"widget\" data-widget_type=\"image.default\">\n\t\t\t\t<div class=\"elementor-widget-container\">\n\t\t\t\t\t\t\t\t\t\t\t\t\t\t\t<img decoding=\"async\" width=\"691\" height=\"691\" src=\"https:\/\/jetmar.com.uy\/corporativo\/wp-content\/uploads\/2024\/11\/hombres-negocios-que-encuentran-comiendo-concepto-partido-cocina-discusion-1036x691-1.jpeg\" class=\"attachment-large size-large wp-image-430\" alt=\"\" srcset=\"https:\/\/jetmar.com.uy\/corporativo\/wp-content\/uploads\/2024\/11\/hombres-negocios-que-encuentran-comiendo-concepto-partido-cocina-discusion-1036x691-1.jpeg 691w, https:\/\/jetmar.com.uy\/corporativo\/wp-content\/uploads\/2024\/11\/hombres-negocios-que-encuentran-comiendo-concepto-partido-cocina-discusion-1036x691-1-300x300.jpeg 300w, https:\/\/jetmar.com.uy\/corporativo\/wp-content\/uploads\/2024\/11\/hombres-negocios-que-encuentran-comiendo-concepto-partido-cocina-discusion-1036x691-1-150x150.jpeg 150w\" sizes=\"(max-width: 691px) 100vw, 691px\" \/>\t\t\t\t\t\t\t\t\t\t\t\t\t\t\t<\/div>\n\t\t\t\t<\/div>\n\t\t\t\t<\/div>\n\t\t<div class=\"elementor-element elementor-element-ed5f7d9 e-con-full e-flex e-con e-child\" data-id=\"ed5f7d9\" data-element_type=\"container\">\n\t\t\t\t<div class=\"elementor-element elementor-element-1508a27 elementor-widget elementor-widget-heading\" data-id=\"1508a27\" data-element_type=\"widget\" data-widget_type=\"heading.default\">\n\t\t\t\t<div class=\"elementor-widget-container\">\n\t\t\t\t\t<h2 class=\"elementor-heading-title elementor-size-default\">Meetings &amp; Events<\/h2>\t\t\t\t<\/div>\n\t\t\t\t<\/div>\n\t\t\t\t<div class=\"elementor-element elementor-element-0b6da67 elementor-widget elementor-widget-text-editor\" data-id=\"0b6da67\" data-element_type=\"widget\" data-widget_type=\"text-editor.default\">\n\t\t\t\t<div class=\"elementor-widget-container\">\n\t\t\t\t\t\t\t\t\t<p>Contamos con un departamento dedicado a la realizaci\u00f3n de congresos y eventos dise\u00f1ados a medida para cualquier tipo de empresa.<br \/><br \/>Dise\u00f1amos experiencias personalizadas ajustadas a las necesidades de nuestros clientes, brindando desde regalos corporativos hasta viajes de incentivos.<\/p>\t\t\t\t\t\t\t\t<\/div>\n\t\t\t\t<\/div>\n\t\t\t\t<\/div>\n\t\t\t\t\t<\/div>\n\t\t\t\t<\/div>\n\t\t\t\t<\/div>\n\t\t","protected":false},"excerpt":{"rendered":"<p>Propuesta de servicios Atenci\u00f3n personalizada Tendr\u00e1 a disposici\u00f3n asesores 100% dedicados. Los mismos cuentan con una validada trayectoria y experiencia en la atenci\u00f3n de empresas de primer nivel. Nuestros asesores lograr\u00e1n ahorrarle 20% en sus viajes a trav\u00e9s de mejoras en tarifas de a\u00e9reos y servicios. Adem\u00e1s, 10% brindando la tarifa adecuada donde ahorraran en [&hellip;]<\/p>\n","protected":false},"author":1,"featured_media":0,"parent":0,"menu_order":0,"comment_status":"closed","ping_status":"closed","template":"","meta":{"footnotes":""},"class_list":["post-15","page","type-page","status-publish","hentry"],"_links":{"self":[{"href":"https:\/\/jetmar.com.uy\/corporativo\/wp-json\/wp\/v2\/pages\/15","targetHints":{"allow":["GET"]}}],"collection":[{"href":"https:\/\/jetmar.com.uy\/corporativo\/wp-json\/wp\/v2\/pages"}],"about":[{"href":"https:\/\/jetmar.com.uy\/corporativo\/wp-json\/wp\/v2\/types\/page"}],"author":[{"embeddable":true,"href":"https:\/\/jetmar.com.uy\/corporativo\/wp-json\/wp\/v2\/users\/1"}],"replies":[{"embeddable":true,"href":"https:\/\/jetmar.com.uy\/corporativo\/wp-json\/wp\/v2\/comments?post=15"}],"version-history":[{"count":20,"href":"https:\/\/jetmar.com.uy\/corporativo\/wp-json\/wp\/v2\/pages\/15\/revisions"}],"predecessor-version":[{"id":447,"href":"https:\/\/jetmar.com.uy\/corporativo\/wp-json\/wp\/v2\/pages\/15\/revisions\/447"}],"wp:attachment":[{"href":"https:\/\/jetmar.com.uy\/corporativo\/wp-json\/wp\/v2\/media?parent=15"}],"curies":[{"name":"wp","href":"https:\/\/api.w.org\/{rel}","templated":true}]}}