{"id":17,"date":"2024-10-14T15:58:40","date_gmt":"2024-10-14T18:58:40","guid":{"rendered":"https:\/\/jetmar.com.uy\/corporativo\/?page_id=17"},"modified":"2024-12-03T15:44:25","modified_gmt":"2024-12-03T18:44:25","slug":"nosotros","status":"publish","type":"page","link":"https:\/\/jetmar.com.uy\/corporativo\/nosotros\/","title":{"rendered":"Nosotros"},"content":{"rendered":"\t\t<div data-elementor-type=\"wp-page\" data-elementor-id=\"17\" class=\"elementor elementor-17\" data-elementor-post-type=\"page\">\n\t\t\t\t<div class=\"elementor-element elementor-element-6ae7626 e-flex e-con-boxed e-con e-parent\" data-id=\"6ae7626\" data-element_type=\"container\">\n\t\t\t\t\t<div class=\"e-con-inner\">\n\t\t\t\t<div class=\"elementor-element elementor-element-6e1c9a1 elementor-widget elementor-widget-heading\" data-id=\"6e1c9a1\" data-element_type=\"widget\" data-widget_type=\"heading.default\">\n\t\t\t\t<div class=\"elementor-widget-container\">\n\t\t\t\t\t<h2 class=\"elementor-heading-title elementor-size-default\">60 a\u00f1os de trayectoria<\/h2>\t\t\t\t<\/div>\n\t\t\t\t<\/div>\n\t\t\t\t\t<\/div>\n\t\t\t\t<\/div>\n\t\t<div class=\"elementor-element elementor-element-e938d7e e-flex e-con-boxed e-con e-parent\" data-id=\"e938d7e\" data-element_type=\"container\">\n\t\t\t\t\t<div class=\"e-con-inner\">\n\t\t\t\t<div class=\"elementor-element elementor-element-8ecbd61 elementor-widget elementor-widget-text-editor\" data-id=\"8ecbd61\" data-element_type=\"widget\" data-widget_type=\"text-editor.default\">\n\t\t\t\t<div class=\"elementor-widget-container\">\n\t\t\t\t\t\t\t\t\t<p>Jetmar naci\u00f3 en 1962 como una peque\u00f1a agencia de viajes en Montevideo, fundada por Freddy Beer y Am\u00e9rico Ringwald. \u200bEn su primer a\u00f1o fue la agencia que m\u00e1s pasajes vendi\u00f3 de todo el mercado, y desde ese entonces ha mantenido un s\u00f3lido crecimiento en el ramo tur\u00edstico.<\/p><p>Freddy Beer dej\u00f3 su legado, traspasando la direcci\u00f3n de la empresa a su hijo Jean Paul Beer, quien actualmente es adem\u00e1s director de 5M Travel Group, el holding m\u00e1s importante de turismo en nuestro pa\u00eds. \u200b<\/p><p>En la actualidad contamos con m\u00e1s de 250 colaboradores, 11 sucursales ubicadas en Montevideo y en el interior y una red tecnol\u00f3gica del m\u00e1s alto nivel.<\/p><p>Somos una empresa con trayectoria, reconocida a nivel nacional e internacional, con muchos a\u00f1os de experiencia en la industria, pero con un esp\u00edritu joven, din\u00e1mico y \u00e1gil.<\/p><p>No somos complacientes, damos la libertad que la empresa necesita para viajar en sus t\u00e9rminos, incluso si eso significa salir del camino est\u00e1ndar.<\/p><p>Nuestra misi\u00f3n es ser reconocidos por nuestros clientes, proveedores y por la comunidad como la mejor empresa de servicios de viaje, l\u00edder y s\u00f3lida, que basada en la integridad y satisfacci\u00f3n de su gente,\u00a0supere las expectativas de sus clientes mediante un servicio profesional e innovador.<\/p><p>Nos proponemos trascender los l\u00edmites del Uruguay logrando el reconocimiento como empresa que invierte y se proyecta hacia el futuro.<\/p>\t\t\t\t\t\t\t\t<\/div>\n\t\t\t\t<\/div>\n\t\t\t\t\t<\/div>\n\t\t\t\t<\/div>\n\t\t\t\t<\/div>\n\t\t","protected":false},"excerpt":{"rendered":"<p>60 a\u00f1os de trayectoria Jetmar naci\u00f3 en 1962 como una peque\u00f1a agencia de viajes en Montevideo, fundada por Freddy Beer y Am\u00e9rico Ringwald. \u200bEn su primer a\u00f1o fue la agencia que m\u00e1s pasajes vendi\u00f3 de todo el mercado, y desde ese entonces ha mantenido un s\u00f3lido crecimiento en el ramo tur\u00edstico. Freddy Beer dej\u00f3 su [&hellip;]<\/p>\n","protected":false},"author":1,"featured_media":0,"parent":0,"menu_order":0,"comment_status":"closed","ping_status":"closed","template":"","meta":{"footnotes":""},"class_list":["post-17","page","type-page","status-publish","hentry"],"_links":{"self":[{"href":"https:\/\/jetmar.com.uy\/corporativo\/wp-json\/wp\/v2\/pages\/17","targetHints":{"allow":["GET"]}}],"collection":[{"href":"https:\/\/jetmar.com.uy\/corporativo\/wp-json\/wp\/v2\/pages"}],"about":[{"href":"https:\/\/jetmar.com.uy\/corporativo\/wp-json\/wp\/v2\/types\/page"}],"author":[{"embeddable":true,"href":"https:\/\/jetmar.com.uy\/corporativo\/wp-json\/wp\/v2\/users\/1"}],"replies":[{"embeddable":true,"href":"https:\/\/jetmar.com.uy\/corporativo\/wp-json\/wp\/v2\/comments?post=17"}],"version-history":[{"count":20,"href":"https:\/\/jetmar.com.uy\/corporativo\/wp-json\/wp\/v2\/pages\/17\/revisions"}],"predecessor-version":[{"id":481,"href":"https:\/\/jetmar.com.uy\/corporativo\/wp-json\/wp\/v2\/pages\/17\/revisions\/481"}],"wp:attachment":[{"href":"https:\/\/jetmar.com.uy\/corporativo\/wp-json\/wp\/v2\/media?parent=17"}],"curies":[{"name":"wp","href":"https:\/\/api.w.org\/{rel}","templated":true}]}}