{"id":496,"date":"2025-09-05T14:41:55","date_gmt":"2025-09-05T17:41:55","guid":{"rendered":"https:\/\/jetmar.com.uy\/corporativo\/?page_id=496"},"modified":"2025-12-15T13:42:36","modified_gmt":"2025-12-15T16:42:36","slug":"home","status":"publish","type":"page","link":"https:\/\/jetmar.com.uy\/corporativo\/","title":{"rendered":"Home"},"content":{"rendered":"\t\t<div data-elementor-type=\"wp-page\" data-elementor-id=\"496\" class=\"elementor elementor-496\" data-elementor-post-type=\"page\">\n\t\t\t\t<div class=\"elementor-element elementor-element-0f54a59 e-flex e-con-boxed e-con e-parent\" data-id=\"0f54a59\" data-element_type=\"container\" data-settings=\"{&quot;background_background&quot;:&quot;classic&quot;}\">\n\t\t\t\t\t<div class=\"e-con-inner\">\n\t\t<div class=\"elementor-element elementor-element-d704c26 e-con-full e-flex e-con e-child\" data-id=\"d704c26\" data-element_type=\"container\">\n\t\t\t\t<div class=\"elementor-element elementor-element-4ab32b2 elementor-widget__width-initial elementor-widget elementor-widget-heading\" data-id=\"4ab32b2\" data-element_type=\"widget\" data-widget_type=\"heading.default\">\n\t\t\t\t<div class=\"elementor-widget-container\">\n\t\t\t\t\t<span class=\"elementor-heading-title elementor-size-default\"><div>El <b>socio perfecto<\/b> para la<b> gesti\u00f3n<\/b> de sus <b>viajes corporativos<b><\/div><\/span>\t\t\t\t<\/div>\n\t\t\t\t<\/div>\n\t\t\t\t<\/div>\n\t\t\t\t\t<\/div>\n\t\t\t\t<\/div>\n\t\t<div class=\"elementor-element elementor-element-982d651 e-flex e-con-boxed e-con e-parent\" data-id=\"982d651\" data-element_type=\"container\" data-settings=\"{&quot;background_background&quot;:&quot;classic&quot;}\">\n\t\t\t\t\t<div class=\"e-con-inner\">\n\t\t<div class=\"elementor-element elementor-element-a9d34cd e-con-full e-flex e-con e-child\" data-id=\"a9d34cd\" data-element_type=\"container\">\n\t\t\t\t<div class=\"elementor-element elementor-element-4502d2e elementor-widget elementor-widget-heading\" data-id=\"4502d2e\" data-element_type=\"widget\" data-widget_type=\"heading.default\">\n\t\t\t\t<div class=\"elementor-widget-container\">\n\t\t\t\t\t<h3 class=\"elementor-heading-title elementor-size-default\">Propuesta de servicios<\/h3>\t\t\t\t<\/div>\n\t\t\t\t<\/div>\n\t\t\t\t<div class=\"elementor-element elementor-element-5617077 elementor-widget elementor-widget-text-editor\" data-id=\"5617077\" data-element_type=\"widget\" data-widget_type=\"text-editor.default\">\n\t\t\t\t<div class=\"elementor-widget-container\">\n\t\t\t\t\t\t\t\t\t<p>Respaldados por los m\u00e1s de 60 a\u00f1os de trayectoria y profesionalismo<br \/>que caracteriza a Jetmar, contamos con una gran variedad de <br \/>soluciones adaptadas a las necesidades de cada empresa<\/p>\t\t\t\t\t\t\t\t<\/div>\n\t\t\t\t<\/div>\n\t\t\t\t<\/div>\n\t\t<div class=\"elementor-element elementor-element-6101f0e e-con-full e-flex e-con e-child\" data-id=\"6101f0e\" data-element_type=\"container\">\n\t\t<div class=\"elementor-element elementor-element-83ebd16 e-con-full hoverContainer e-flex e-con e-child\" data-id=\"83ebd16\" data-element_type=\"container\" data-settings=\"{&quot;background_background&quot;:&quot;classic&quot;}\">\n\t\t\t\t<div class=\"elementor-element elementor-element-5e4dcd7 elementor-widget elementor-widget-heading\" data-id=\"5e4dcd7\" data-element_type=\"widget\" data-widget_type=\"heading.default\">\n\t\t\t\t<div class=\"elementor-widget-container\">\n\t\t\t\t\t<h5 class=\"elementor-heading-title elementor-size-default\">ATENCI\u00d3N PERSONALIZADA<\/h5>\t\t\t\t<\/div>\n\t\t\t\t<\/div>\n\t\t\t\t<div class=\"elementor-element elementor-element-86c51eb elementor-widget elementor-widget-text-editor\" data-id=\"86c51eb\" data-element_type=\"widget\" data-widget_type=\"text-editor.default\">\n\t\t\t\t<div class=\"elementor-widget-container\">\n\t\t\t\t\t\t\t\t\t<p>Tendr\u00e1 a disposici\u00f3n asesores 100% dedicados. Los mismos cuentan con una validada trayectoria y experiencia en la atenci\u00f3n de empresas de primer nivel.<\/p>\t\t\t\t\t\t\t\t<\/div>\n\t\t\t\t<\/div>\n\t\t\t\t<\/div>\n\t\t<div class=\"elementor-element elementor-element-4bf2472 e-con-full hoverContainer e-flex e-con e-child\" data-id=\"4bf2472\" data-element_type=\"container\" data-settings=\"{&quot;background_background&quot;:&quot;classic&quot;}\">\n\t\t\t\t<div class=\"elementor-element elementor-element-6ed3654 elementor-widget elementor-widget-heading\" data-id=\"6ed3654\" data-element_type=\"widget\" data-widget_type=\"heading.default\">\n\t\t\t\t<div class=\"elementor-widget-container\">\n\t\t\t\t\t<h5 class=\"elementor-heading-title elementor-size-default\">ONLINE BOOKING TOOLS<\/h5>\t\t\t\t<\/div>\n\t\t\t\t<\/div>\n\t\t\t\t<div class=\"elementor-element elementor-element-2f6d441 elementor-widget elementor-widget-text-editor\" data-id=\"2f6d441\" data-element_type=\"widget\" data-widget_type=\"text-editor.default\">\n\t\t\t\t<div class=\"elementor-widget-container\">\n\t\t\t\t\t\t\t\t\t<p>Disponemos de soluciones online para la autogesti\u00f3n de reservas. Trabajamos con herramientas como GetThere, Cytric,<br \/>Concur y ARGO.<\/p>\t\t\t\t\t\t\t\t<\/div>\n\t\t\t\t<\/div>\n\t\t\t\t<\/div>\n\t\t<div class=\"elementor-element elementor-element-6243664 e-con-full hoverContainer e-flex e-con e-child\" data-id=\"6243664\" data-element_type=\"container\" data-settings=\"{&quot;background_background&quot;:&quot;classic&quot;}\">\n\t\t\t\t<div class=\"elementor-element elementor-element-4647cc1 elementor-widget elementor-widget-heading\" data-id=\"4647cc1\" data-element_type=\"widget\" data-widget_type=\"heading.default\">\n\t\t\t\t<div class=\"elementor-widget-container\">\n\t\t\t\t\t<h5 class=\"elementor-heading-title elementor-size-default\">MEETING AND EVENTS<\/h5>\t\t\t\t<\/div>\n\t\t\t\t<\/div>\n\t\t\t\t<div class=\"elementor-element elementor-element-1da37e7 elementor-widget elementor-widget-text-editor\" data-id=\"1da37e7\" data-element_type=\"widget\" data-widget_type=\"text-editor.default\">\n\t\t\t\t<div class=\"elementor-widget-container\">\n\t\t\t\t\t\t\t\t\t<p>Contamos con un departamento dedicado a la realizaci\u00f3n de congresos y eventos dise\u00f1ados a medida para cualquier tipo de empresa.<\/p>\t\t\t\t\t\t\t\t<\/div>\n\t\t\t\t<\/div>\n\t\t\t\t<\/div>\n\t\t\t\t<\/div>\n\t\t<div class=\"elementor-element elementor-element-1e289a8 e-con-full e-flex e-con e-child\" data-id=\"1e289a8\" data-element_type=\"container\">\n\t\t\t\t<div class=\"elementor-element elementor-element-f6c67be elementor-align-center servicios elementor-widget elementor-widget-button\" data-id=\"f6c67be\" data-element_type=\"widget\" id=\"servicios\" data-widget_type=\"button.default\">\n\t\t\t\t<div class=\"elementor-widget-container\">\n\t\t\t\t\t\t\t\t\t<div class=\"elementor-button-wrapper\">\n\t\t\t\t\t<a class=\"elementor-button elementor-button-link elementor-size-sm\" href=\"https:\/\/jetmar.com.uy\/corporativo\/servicios\/\">\n\t\t\t\t\t\t<span class=\"elementor-button-content-wrapper\">\n\t\t\t\t\t\t\t\t\t<span class=\"elementor-button-text\">Conoc\u00e9 la propuesta completa<\/span>\n\t\t\t\t\t<\/span>\n\t\t\t\t\t<\/a>\n\t\t\t\t<\/div>\n\t\t\t\t\t\t\t\t<\/div>\n\t\t\t\t<\/div>\n\t\t\t\t<\/div>\n\t\t\t\t\t<\/div>\n\t\t\t\t<\/div>\n\t\t<div class=\"elementor-element elementor-element-18c09f6 e-flex e-con-boxed e-con e-parent\" data-id=\"18c09f6\" data-element_type=\"container\">\n\t\t\t\t\t<div class=\"e-con-inner\">\n\t\t<div class=\"elementor-element elementor-element-e8a1fd5 e-con-full e-flex e-con e-child\" data-id=\"e8a1fd5\" data-element_type=\"container\">\n\t\t\t\t<div class=\"elementor-element elementor-element-26af99a elementor-widget elementor-widget-heading\" data-id=\"26af99a\" data-element_type=\"widget\" data-widget_type=\"heading.default\">\n\t\t\t\t<div class=\"elementor-widget-container\">\n\t\t\t\t\t<span class=\"elementor-heading-title elementor-size-default\">98%<\/span>\t\t\t\t<\/div>\n\t\t\t\t<\/div>\n\t\t\t\t<div class=\"elementor-element elementor-element-83dbc69 elementor-widget elementor-widget-heading\" data-id=\"83dbc69\" data-element_type=\"widget\" data-widget_type=\"heading.default\">\n\t\t\t\t<div class=\"elementor-widget-container\">\n\t\t\t\t\t<h2 class=\"elementor-heading-title elementor-size-default\">Satisfacci\u00f3n de empresas<\/h2>\t\t\t\t<\/div>\n\t\t\t\t<\/div>\n\t\t\t\t<\/div>\n\t\t<div class=\"elementor-element elementor-element-fa9b58b e-con-full e-flex e-con e-child\" data-id=\"fa9b58b\" data-element_type=\"container\">\n\t\t\t\t<div class=\"elementor-element elementor-element-c33d777 elementor-widget elementor-widget-heading\" data-id=\"c33d777\" data-element_type=\"widget\" data-widget_type=\"heading.default\">\n\t\t\t\t<div class=\"elementor-widget-container\">\n\t\t\t\t\t<span class=\"elementor-heading-title elementor-size-default\">96%<\/span>\t\t\t\t<\/div>\n\t\t\t\t<\/div>\n\t\t\t\t<div class=\"elementor-element elementor-element-154a3eb elementor-widget elementor-widget-heading\" data-id=\"154a3eb\" data-element_type=\"widget\" data-widget_type=\"heading.default\">\n\t\t\t\t<div class=\"elementor-widget-container\">\n\t\t\t\t\t<h2 class=\"elementor-heading-title elementor-size-default\">Retenci\u00f3n de clientes<\/h2>\t\t\t\t<\/div>\n\t\t\t\t<\/div>\n\t\t\t\t<\/div>\n\t\t\t\t\t<\/div>\n\t\t\t\t<\/div>\n\t\t<div class=\"elementor-element elementor-element-f35ba0b e-flex e-con-boxed e-con e-parent\" data-id=\"f35ba0b\" data-element_type=\"container\" data-settings=\"{&quot;background_background&quot;:&quot;classic&quot;,&quot;background_motion_fx_motion_fx_scrolling&quot;:&quot;yes&quot;,&quot;background_motion_fx_translateY_effect&quot;:&quot;yes&quot;,&quot;background_motion_fx_translateY_direction&quot;:&quot;negative&quot;,&quot;background_motion_fx_translateY_speed&quot;:{&quot;unit&quot;:&quot;px&quot;,&quot;size&quot;:4,&quot;sizes&quot;:[]},&quot;background_motion_fx_translateY_affectedRange&quot;:{&quot;unit&quot;:&quot;%&quot;,&quot;size&quot;:&quot;&quot;,&quot;sizes&quot;:{&quot;start&quot;:0,&quot;end&quot;:100}},&quot;background_motion_fx_devices&quot;:[&quot;desktop&quot;,&quot;tablet&quot;,&quot;mobile&quot;]}\">\n\t\t\t\t\t<div class=\"e-con-inner\">\n\t\t<div class=\"elementor-element elementor-element-cb714f0 e-con-full e-flex e-con e-child\" data-id=\"cb714f0\" data-element_type=\"container\">\n\t\t\t\t<div class=\"elementor-element elementor-element-291b3e2 elementor-widget elementor-widget-heading\" data-id=\"291b3e2\" data-element_type=\"widget\" data-widget_type=\"heading.default\">\n\t\t\t\t<div class=\"elementor-widget-container\">\n\t\t\t\t\t<h2 class=\"elementor-heading-title elementor-size-default\">FCM Uruguay<\/h2>\t\t\t\t<\/div>\n\t\t\t\t<\/div>\n\t\t\t\t<div class=\"elementor-element elementor-element-59ae077 elementor-widget elementor-widget-text-editor\" data-id=\"59ae077\" data-element_type=\"widget\" data-widget_type=\"text-editor.default\">\n\t\t\t\t<div class=\"elementor-widget-container\">\n\t\t\t\t\t\t\t\t\t<p>Somos representantes exclusivos de FCM Travel Solutions. Este ecosistema nos brinda la posibilidad de estar a la vanguardia en las tendencias de viajes corporativos y que nos permite brindarle servicio a empresas multinacionales.<\/p>\t\t\t\t\t\t\t\t<\/div>\n\t\t\t\t<\/div>\n\t\t\t\t<div class=\"elementor-element elementor-element-c6970d6 elementor-align-center elementor-widget elementor-widget-button\" data-id=\"c6970d6\" data-element_type=\"widget\" data-widget_type=\"button.default\">\n\t\t\t\t<div class=\"elementor-widget-container\">\n\t\t\t\t\t\t\t\t\t<div class=\"elementor-button-wrapper\">\n\t\t\t\t\t<a class=\"elementor-button elementor-button-link elementor-size-sm\" href=\"https:\/\/www.fcmtravel.com\/es\/acerca-de-nosotros\/red-global\/uruguay\" target=\"_blank\" rel=\"noopener\">\n\t\t\t\t\t\t<span class=\"elementor-button-content-wrapper\">\n\t\t\t\t\t\t\t\t\t<span class=\"elementor-button-text\">M\u00e1s informaci\u00f3n<\/span>\n\t\t\t\t\t<\/span>\n\t\t\t\t\t<\/a>\n\t\t\t\t<\/div>\n\t\t\t\t\t\t\t\t<\/div>\n\t\t\t\t<\/div>\n\t\t\t\t<\/div>\n\t\t\t\t\t<\/div>\n\t\t\t\t<\/div>\n\t\t<div class=\"elementor-element elementor-element-5f503cb e-flex e-con-boxed e-con e-parent\" data-id=\"5f503cb\" data-element_type=\"container\" data-settings=\"{&quot;background_background&quot;:&quot;classic&quot;}\">\n\t\t\t\t\t<div class=\"e-con-inner\">\n\t\t<div class=\"elementor-element elementor-element-ea2664e e-con-full e-flex e-con e-child\" data-id=\"ea2664e\" data-element_type=\"container\">\n\t\t\t\t<div class=\"elementor-element elementor-element-2bd1dd3 elementor-widget elementor-widget-heading\" data-id=\"2bd1dd3\" data-element_type=\"widget\" data-widget_type=\"heading.default\">\n\t\t\t\t<div class=\"elementor-widget-container\">\n\t\t\t\t\t<h5 class=\"elementor-heading-title elementor-size-default\">Clientes que conf\u00edan en nosotros<\/h5>\t\t\t\t<\/div>\n\t\t\t\t<\/div>\n\t\t\t\t<\/div>\n\t\t<div class=\"elementor-element elementor-element-08bc219 e-con-full e-flex e-con e-child\" data-id=\"08bc219\" data-element_type=\"container\" data-settings=\"{&quot;background_background&quot;:&quot;classic&quot;}\">\n\t\t<div class=\"elementor-element elementor-element-7f7308b e-con-full e-flex e-con e-child\" data-id=\"7f7308b\" data-element_type=\"container\" data-settings=\"{&quot;background_background&quot;:&quot;classic&quot;}\">\n\t\t\t\t<div class=\"elementor-element elementor-element-41039a6 elementor-widget elementor-widget-image\" data-id=\"41039a6\" data-element_type=\"widget\" data-widget_type=\"image.default\">\n\t\t\t\t<div class=\"elementor-widget-container\">\n\t\t\t\t\t\t\t\t\t\t\t\t\t\t\t<img fetchpriority=\"high\" decoding=\"async\" width=\"400\" height=\"400\" src=\"https:\/\/jetmar.com.uy\/corporativo\/wp-content\/uploads\/2024\/11\/peya-400x400-1.png\" class=\"attachment-large size-large wp-image-283\" alt=\"\" srcset=\"https:\/\/jetmar.com.uy\/corporativo\/wp-content\/uploads\/2024\/11\/peya-400x400-1.png 400w, https:\/\/jetmar.com.uy\/corporativo\/wp-content\/uploads\/2024\/11\/peya-400x400-1-300x300.png 300w, https:\/\/jetmar.com.uy\/corporativo\/wp-content\/uploads\/2024\/11\/peya-400x400-1-150x150.png 150w\" sizes=\"(max-width: 400px) 100vw, 400px\" \/>\t\t\t\t\t\t\t\t\t\t\t\t\t\t\t<\/div>\n\t\t\t\t<\/div>\n\t\t\t\t<\/div>\n\t\t<div class=\"elementor-element elementor-element-5c0d6cc e-con-full e-flex e-con e-child\" data-id=\"5c0d6cc\" data-element_type=\"container\" data-settings=\"{&quot;background_background&quot;:&quot;classic&quot;}\">\n\t\t\t\t<div class=\"elementor-element elementor-element-2d62f26 elementor-widget elementor-widget-image\" data-id=\"2d62f26\" data-element_type=\"widget\" data-widget_type=\"image.default\">\n\t\t\t\t<div class=\"elementor-widget-container\">\n\t\t\t\t\t\t\t\t\t\t\t\t\t\t\t<img decoding=\"async\" width=\"400\" height=\"400\" src=\"https:\/\/jetmar.com.uy\/corporativo\/wp-content\/uploads\/2024\/11\/deloitte-400x400-1.png\" class=\"attachment-large size-large wp-image-284\" alt=\"\" srcset=\"https:\/\/jetmar.com.uy\/corporativo\/wp-content\/uploads\/2024\/11\/deloitte-400x400-1.png 400w, https:\/\/jetmar.com.uy\/corporativo\/wp-content\/uploads\/2024\/11\/deloitte-400x400-1-300x300.png 300w, https:\/\/jetmar.com.uy\/corporativo\/wp-content\/uploads\/2024\/11\/deloitte-400x400-1-150x150.png 150w\" sizes=\"(max-width: 400px) 100vw, 400px\" \/>\t\t\t\t\t\t\t\t\t\t\t\t\t\t\t<\/div>\n\t\t\t\t<\/div>\n\t\t\t\t<\/div>\n\t\t<div class=\"elementor-element elementor-element-fe74951 e-con-full e-flex e-con e-child\" data-id=\"fe74951\" data-element_type=\"container\" data-settings=\"{&quot;background_background&quot;:&quot;classic&quot;}\">\n\t\t\t\t<div class=\"elementor-element elementor-element-06e4d7a elementor-widget elementor-widget-image\" data-id=\"06e4d7a\" data-element_type=\"widget\" data-widget_type=\"image.default\">\n\t\t\t\t<div class=\"elementor-widget-container\">\n\t\t\t\t\t\t\t\t\t\t\t\t\t\t\t<img decoding=\"async\" width=\"400\" height=\"400\" src=\"https:\/\/jetmar.com.uy\/corporativo\/wp-content\/uploads\/2024\/11\/itau-400x400-1.png\" class=\"attachment-large size-large wp-image-285\" alt=\"\" srcset=\"https:\/\/jetmar.com.uy\/corporativo\/wp-content\/uploads\/2024\/11\/itau-400x400-1.png 400w, https:\/\/jetmar.com.uy\/corporativo\/wp-content\/uploads\/2024\/11\/itau-400x400-1-300x300.png 300w, https:\/\/jetmar.com.uy\/corporativo\/wp-content\/uploads\/2024\/11\/itau-400x400-1-150x150.png 150w\" sizes=\"(max-width: 400px) 100vw, 400px\" \/>\t\t\t\t\t\t\t\t\t\t\t\t\t\t\t<\/div>\n\t\t\t\t<\/div>\n\t\t\t\t<\/div>\n\t\t<div class=\"elementor-element elementor-element-4120b17 e-con-full e-flex e-con e-child\" data-id=\"4120b17\" data-element_type=\"container\" data-settings=\"{&quot;background_background&quot;:&quot;classic&quot;}\">\n\t\t\t\t<div class=\"elementor-element elementor-element-ef054f5 elementor-widget elementor-widget-image\" data-id=\"ef054f5\" data-element_type=\"widget\" data-widget_type=\"image.default\">\n\t\t\t\t<div class=\"elementor-widget-container\">\n\t\t\t\t\t\t\t\t\t\t\t\t\t\t\t<img loading=\"lazy\" decoding=\"async\" width=\"400\" height=\"400\" src=\"https:\/\/jetmar.com.uy\/corporativo\/wp-content\/uploads\/2024\/11\/ubeee-400x400-1.png\" class=\"attachment-large size-large wp-image-286\" alt=\"\" srcset=\"https:\/\/jetmar.com.uy\/corporativo\/wp-content\/uploads\/2024\/11\/ubeee-400x400-1.png 400w, https:\/\/jetmar.com.uy\/corporativo\/wp-content\/uploads\/2024\/11\/ubeee-400x400-1-300x300.png 300w, https:\/\/jetmar.com.uy\/corporativo\/wp-content\/uploads\/2024\/11\/ubeee-400x400-1-150x150.png 150w\" sizes=\"(max-width: 400px) 100vw, 400px\" \/>\t\t\t\t\t\t\t\t\t\t\t\t\t\t\t<\/div>\n\t\t\t\t<\/div>\n\t\t\t\t<\/div>\n\t\t\t\t<\/div>\n\t\t<div class=\"elementor-element elementor-element-5a2107e e-con-full e-flex e-con e-child\" data-id=\"5a2107e\" data-element_type=\"container\">\n\t\t<div class=\"elementor-element elementor-element-382a991 e-con-full e-flex e-con e-child\" data-id=\"382a991\" data-element_type=\"container\" data-settings=\"{&quot;background_background&quot;:&quot;classic&quot;}\">\n\t\t\t\t<div class=\"elementor-element elementor-element-d418a76 elementor-widget elementor-widget-image\" data-id=\"d418a76\" data-element_type=\"widget\" data-widget_type=\"image.default\">\n\t\t\t\t<div class=\"elementor-widget-container\">\n\t\t\t\t\t\t\t\t\t\t\t\t\t\t\t<img loading=\"lazy\" decoding=\"async\" width=\"400\" height=\"400\" src=\"https:\/\/jetmar.com.uy\/corporativo\/wp-content\/uploads\/2024\/11\/basf-400x400-1.png\" class=\"attachment-large size-large wp-image-287\" alt=\"\" srcset=\"https:\/\/jetmar.com.uy\/corporativo\/wp-content\/uploads\/2024\/11\/basf-400x400-1.png 400w, https:\/\/jetmar.com.uy\/corporativo\/wp-content\/uploads\/2024\/11\/basf-400x400-1-300x300.png 300w, https:\/\/jetmar.com.uy\/corporativo\/wp-content\/uploads\/2024\/11\/basf-400x400-1-150x150.png 150w\" sizes=\"(max-width: 400px) 100vw, 400px\" \/>\t\t\t\t\t\t\t\t\t\t\t\t\t\t\t<\/div>\n\t\t\t\t<\/div>\n\t\t\t\t<\/div>\n\t\t<div class=\"elementor-element elementor-element-2da0c98 e-con-full e-flex e-con e-child\" data-id=\"2da0c98\" data-element_type=\"container\" data-settings=\"{&quot;background_background&quot;:&quot;classic&quot;}\">\n\t\t\t\t<div class=\"elementor-element elementor-element-d7954c5 elementor-widget elementor-widget-image\" data-id=\"d7954c5\" data-element_type=\"widget\" data-widget_type=\"image.default\">\n\t\t\t\t<div class=\"elementor-widget-container\">\n\t\t\t\t\t\t\t\t\t\t\t\t\t\t\t<img loading=\"lazy\" decoding=\"async\" width=\"400\" height=\"400\" src=\"https:\/\/jetmar.com.uy\/corporativo\/wp-content\/uploads\/2024\/11\/minervaa-400x400-1.png\" class=\"attachment-large size-large wp-image-288\" alt=\"\" srcset=\"https:\/\/jetmar.com.uy\/corporativo\/wp-content\/uploads\/2024\/11\/minervaa-400x400-1.png 400w, https:\/\/jetmar.com.uy\/corporativo\/wp-content\/uploads\/2024\/11\/minervaa-400x400-1-300x300.png 300w, https:\/\/jetmar.com.uy\/corporativo\/wp-content\/uploads\/2024\/11\/minervaa-400x400-1-150x150.png 150w\" sizes=\"(max-width: 400px) 100vw, 400px\" \/>\t\t\t\t\t\t\t\t\t\t\t\t\t\t\t<\/div>\n\t\t\t\t<\/div>\n\t\t\t\t<\/div>\n\t\t<div class=\"elementor-element elementor-element-9593f2d e-con-full e-flex e-con e-child\" data-id=\"9593f2d\" data-element_type=\"container\" data-settings=\"{&quot;background_background&quot;:&quot;classic&quot;}\">\n\t\t\t\t<div class=\"elementor-element elementor-element-3f555cf elementor-widget elementor-widget-image\" data-id=\"3f555cf\" data-element_type=\"widget\" data-widget_type=\"image.default\">\n\t\t\t\t<div class=\"elementor-widget-container\">\n\t\t\t\t\t\t\t\t\t\t\t\t\t\t\t<img loading=\"lazy\" decoding=\"async\" width=\"400\" height=\"400\" src=\"https:\/\/jetmar.com.uy\/corporativo\/wp-content\/uploads\/2024\/11\/lacnic-400x400-1.png\" class=\"attachment-large size-large wp-image-289\" alt=\"\" srcset=\"https:\/\/jetmar.com.uy\/corporativo\/wp-content\/uploads\/2024\/11\/lacnic-400x400-1.png 400w, https:\/\/jetmar.com.uy\/corporativo\/wp-content\/uploads\/2024\/11\/lacnic-400x400-1-300x300.png 300w, https:\/\/jetmar.com.uy\/corporativo\/wp-content\/uploads\/2024\/11\/lacnic-400x400-1-150x150.png 150w\" sizes=\"(max-width: 400px) 100vw, 400px\" \/>\t\t\t\t\t\t\t\t\t\t\t\t\t\t\t<\/div>\n\t\t\t\t<\/div>\n\t\t\t\t<\/div>\n\t\t<div class=\"elementor-element elementor-element-51f94bf e-con-full e-flex e-con e-child\" data-id=\"51f94bf\" data-element_type=\"container\" data-settings=\"{&quot;background_background&quot;:&quot;classic&quot;}\">\n\t\t\t\t<div class=\"elementor-element elementor-element-d011e97 elementor-widget elementor-widget-image\" data-id=\"d011e97\" data-element_type=\"widget\" data-widget_type=\"image.default\">\n\t\t\t\t<div class=\"elementor-widget-container\">\n\t\t\t\t\t\t\t\t\t\t\t\t\t\t\t<img loading=\"lazy\" decoding=\"async\" width=\"400\" height=\"400\" src=\"https:\/\/jetmar.com.uy\/corporativo\/wp-content\/uploads\/2024\/11\/adium-fa-400x400-1.png\" class=\"attachment-large size-large wp-image-290\" alt=\"\" srcset=\"https:\/\/jetmar.com.uy\/corporativo\/wp-content\/uploads\/2024\/11\/adium-fa-400x400-1.png 400w, https:\/\/jetmar.com.uy\/corporativo\/wp-content\/uploads\/2024\/11\/adium-fa-400x400-1-300x300.png 300w, https:\/\/jetmar.com.uy\/corporativo\/wp-content\/uploads\/2024\/11\/adium-fa-400x400-1-150x150.png 150w\" sizes=\"(max-width: 400px) 100vw, 400px\" \/>\t\t\t\t\t\t\t\t\t\t\t\t\t\t\t<\/div>\n\t\t\t\t<\/div>\n\t\t\t\t<\/div>\n\t\t\t\t<\/div>\n\t\t\t\t\t<\/div>\n\t\t\t\t<\/div>\n\t\t\t\t<\/div>\n\t\t","protected":false},"excerpt":{"rendered":"<p>El socio perfecto para la gesti\u00f3n de sus viajes corporativos Propuesta de servicios Respaldados por los m\u00e1s de 60 a\u00f1os de trayectoria y profesionalismoque caracteriza a Jetmar, contamos con una gran variedad de soluciones adaptadas a las necesidades de cada empresa ATENCI\u00d3N PERSONALIZADA Tendr\u00e1 a disposici\u00f3n asesores 100% dedicados. Los mismos cuentan con una validada [&hellip;]<\/p>\n","protected":false},"author":1,"featured_media":429,"parent":0,"menu_order":0,"comment_status":"closed","ping_status":"closed","template":"","meta":{"footnotes":""},"class_list":["post-496","page","type-page","status-publish","has-post-thumbnail","hentry"],"_links":{"self":[{"href":"https:\/\/jetmar.com.uy\/corporativo\/wp-json\/wp\/v2\/pages\/496","targetHints":{"allow":["GET"]}}],"collection":[{"href":"https:\/\/jetmar.com.uy\/corporativo\/wp-json\/wp\/v2\/pages"}],"about":[{"href":"https:\/\/jetmar.com.uy\/corporativo\/wp-json\/wp\/v2\/types\/page"}],"author":[{"embeddable":true,"href":"https:\/\/jetmar.com.uy\/corporativo\/wp-json\/wp\/v2\/users\/1"}],"replies":[{"embeddable":true,"href":"https:\/\/jetmar.com.uy\/corporativo\/wp-json\/wp\/v2\/comments?post=496"}],"version-history":[{"count":23,"href":"https:\/\/jetmar.com.uy\/corporativo\/wp-json\/wp\/v2\/pages\/496\/revisions"}],"predecessor-version":[{"id":625,"href":"https:\/\/jetmar.com.uy\/corporativo\/wp-json\/wp\/v2\/pages\/496\/revisions\/625"}],"wp:featuredmedia":[{"embeddable":true,"href":"https:\/\/jetmar.com.uy\/corporativo\/wp-json\/wp\/v2\/media\/429"}],"wp:attachment":[{"href":"https:\/\/jetmar.com.uy\/corporativo\/wp-json\/wp\/v2\/media?parent=496"}],"curies":[{"name":"wp","href":"https:\/\/api.w.org\/{rel}","templated":true}]}}