{"id":1399,"date":"2024-05-06T17:50:50","date_gmt":"2024-05-06T20:50:50","guid":{"rendered":"https:\/\/jetmar.com.uy\/portal-viajes\/?page_id=1399"},"modified":"2025-05-06T12:58:02","modified_gmt":"2025-05-06T15:58:02","slug":"nosotros","status":"publish","type":"page","link":"https:\/\/jetmar.com.uy\/portal-viajes\/nosotros\/","title":{"rendered":"Nosotros"},"content":{"rendered":"\t\t<div data-elementor-type=\"wp-page\" data-elementor-id=\"1399\" class=\"elementor elementor-1399\" data-elementor-post-type=\"page\">\n\t\t\t\t<div class=\"elementor-element elementor-element-b5ab8d7 e-flex e-con-boxed e-con e-parent\" data-id=\"b5ab8d7\" data-element_type=\"container\" data-e-type=\"container\">\n\t\t\t\t\t<div class=\"e-con-inner\">\n\t\t\t\t<div class=\"elementor-element elementor-element-0253b4a elementor-widget elementor-widget-heading\" data-id=\"0253b4a\" data-element_type=\"widget\" data-e-type=\"widget\" data-widget_type=\"heading.default\">\n\t\t\t\t<div class=\"elementor-widget-container\">\n\t\t\t\t\t<h2 class=\"elementor-heading-title elementor-size-default\">\u00bfQui\u00e9nes somos?<\/h2>\t\t\t\t<\/div>\n\t\t\t\t<\/div>\n\t\t\t\t<div class=\"elementor-element elementor-element-b0db295 elementor-widget elementor-widget-text-editor\" data-id=\"b0db295\" data-element_type=\"widget\" data-e-type=\"widget\" data-widget_type=\"text-editor.default\">\n\t\t\t\t<div class=\"elementor-widget-container\">\n\t\t\t\t\t\t\t\t\t<p>Fundada en 1962, <b>Jetmar<\/b> es la <b>agencia de viajes l\u00edder en Uruguay<\/b>. Contamos con m\u00e1s de <b>260 colaboradores<\/b> distribuidos en <b>14 sucursales<\/b> en <strong>Montevideo<\/strong>, <strong>Punta del Este<\/strong> y Mercedes. Pertenecemos al Holding m\u00e1s importante de Travel en Uruguay, <b>5M Travel Group<\/b> y somos <b>representantes del sello FCM<\/b> en nuestro pa\u00eds. Somos una empresa con muchos a\u00f1os de experiencia en la industria, pero con un esp\u00edritu joven, din\u00e1mico y \u00e1gil. <strong>P<\/strong><b>ensamos en las necesidades<\/b> de cada una de las partes involucradas en este negocio, y nos preocupamos en ser los mejores brindando <b>servicio personalizado<\/b>, atendiendo las necesidades de los viajeros uruguayos, para que vivan <b>experiencias memorables<\/b>.<\/p>\t\t\t\t\t\t\t\t<\/div>\n\t\t\t\t<\/div>\n\t\t\t\t<div class=\"elementor-element elementor-element-84ba251 elementor-align-right elementor-widget elementor-widget-button\" data-id=\"84ba251\" data-element_type=\"widget\" data-e-type=\"widget\" data-widget_type=\"button.default\">\n\t\t\t\t<div class=\"elementor-widget-container\">\n\t\t\t\t\t\t\t\t\t<div class=\"elementor-button-wrapper\">\n\t\t\t\t\t<a class=\"elementor-button elementor-button-link elementor-size-sm\" href=\"https:\/\/jetmar.com.uy\/paquetes\/?utm_source=Blog-Dejate-Llevar&#038;utm_medium=Menu\">\n\t\t\t\t\t\t<span class=\"elementor-button-content-wrapper\">\n\t\t\t\t\t\t\t\t\t<span class=\"elementor-button-text\">Ir a nuestro sitio web<\/span>\n\t\t\t\t\t<\/span>\n\t\t\t\t\t<\/a>\n\t\t\t\t<\/div>\n\t\t\t\t\t\t\t\t<\/div>\n\t\t\t\t<\/div>\n\t\t\t\t\t<\/div>\n\t\t\t\t<\/div>\n\t\t<div class=\"elementor-element elementor-element-fe46406 e-flex e-con-boxed e-con e-parent\" data-id=\"fe46406\" data-element_type=\"container\" data-e-type=\"container\">\n\t\t\t\t\t<div class=\"e-con-inner\">\n\t\t\t\t<div class=\"elementor-element elementor-element-6003332 elementor-widget elementor-widget-heading\" data-id=\"6003332\" data-element_type=\"widget\" data-e-type=\"widget\" data-widget_type=\"heading.default\">\n\t\t\t\t<div class=\"elementor-widget-container\">\n\t\t\t\t\t<h2 class=\"elementor-heading-title elementor-size-default\">DEJATE LLEVAR<\/h2>\t\t\t\t<\/div>\n\t\t\t\t<\/div>\n\t\t\t\t<div class=\"elementor-element elementor-element-7bb9c82 elementor-widget elementor-widget-heading\" data-id=\"7bb9c82\" data-element_type=\"widget\" data-e-type=\"widget\" data-widget_type=\"heading.default\">\n\t\t\t\t<div class=\"elementor-widget-container\">\n\t\t\t\t\t<h2 class=\"elementor-heading-title elementor-size-default\">Nuestro portal de destinos para viajeros apasionados<\/h2>\t\t\t\t<\/div>\n\t\t\t\t<\/div>\n\t\t\t\t<div class=\"elementor-element elementor-element-e3e7814 elementor-widget elementor-widget-text-editor\" data-id=\"e3e7814\" data-element_type=\"widget\" data-e-type=\"widget\" data-widget_type=\"text-editor.default\">\n\t\t\t\t<div class=\"elementor-widget-container\">\n\t\t\t\t\t\t\t\t\t<p>Creamos este nuevo portal para que puedas leer <strong>gu\u00edas de destinos, historias de viajes y tips<\/strong>\u00a0para planear tu pr\u00f3xima aventura por el mundo. Pensamos en los <strong>viajeros apasionados<\/strong>, en los <strong>precavidos<\/strong>, en los que quieren <strong>exprimir al m\u00e1ximo cada destino<\/strong> y en los que quieren viajar con todo resuelto. No solo te recomendamos lugares para visitar\u00a0dentro del pa\u00eds al que elijas viajar, sino que tambi\u00e9n te contamos sobre la gastronom\u00eda del destino,\u00a0formas para transportarte\u00a0y en qu\u00e9 \u00e9poca del a\u00f1o es mejor viajar. En Jetmar tenemos las mejores ofertas de\u00a0vuelos y paquetes,\u00a0y\u00a0ahora adem\u00e1s te informamos sobre tu destino y te ayudamos a armar un itinerario para que tengas la mejor experiencia posible. \u00a0<\/p>\t\t\t\t\t\t\t\t<\/div>\n\t\t\t\t<\/div>\n\t\t\t\t<div class=\"elementor-element elementor-element-45ed6e1 elementor-widget-divider--view-line elementor-widget elementor-widget-divider\" data-id=\"45ed6e1\" data-element_type=\"widget\" data-e-type=\"widget\" data-widget_type=\"divider.default\">\n\t\t\t\t<div class=\"elementor-widget-container\">\n\t\t\t\t\t\t\t<div class=\"elementor-divider\">\n\t\t\t<span class=\"elementor-divider-separator\">\n\t\t\t\t\t\t<\/span>\n\t\t<\/div>\n\t\t\t\t\t\t<\/div>\n\t\t\t\t<\/div>\n\t\t\t\t\t<\/div>\n\t\t\t\t<\/div>\n\t\t<div class=\"elementor-element elementor-element-7139b0d e-flex e-con-boxed e-con e-parent\" data-id=\"7139b0d\" data-element_type=\"container\" data-e-type=\"container\">\n\t\t\t\t\t<div class=\"e-con-inner\">\n\t\t\t\t<div class=\"elementor-element elementor-element-d87461c elementor-widget elementor-widget-heading\" data-id=\"d87461c\" data-element_type=\"widget\" data-e-type=\"widget\" data-widget_type=\"heading.default\">\n\t\t\t\t<div class=\"elementor-widget-container\">\n\t\t\t\t\t<h2 class=\"elementor-heading-title elementor-size-default\">Campa\u00f1as que inspiran<\/h2>\t\t\t\t<\/div>\n\t\t\t\t<\/div>\n\t\t\t\t<div class=\"elementor-element elementor-element-f45cf8c elementor-widget elementor-widget-heading\" data-id=\"f45cf8c\" data-element_type=\"widget\" data-e-type=\"widget\" data-widget_type=\"heading.default\">\n\t\t\t\t<div class=\"elementor-widget-container\">\n\t\t\t\t\t<h2 class=\"elementor-heading-title elementor-size-default\">Nosotros tambi\u00e9n nos dejamos llevar - 2024<\/h2>\t\t\t\t<\/div>\n\t\t\t\t<\/div>\n\t\t\t\t<div class=\"elementor-element elementor-element-daea623 elementor-widget elementor-widget-text-editor\" data-id=\"daea623\" data-element_type=\"widget\" data-e-type=\"widget\" data-widget_type=\"text-editor.default\">\n\t\t\t\t<div class=\"elementor-widget-container\">\n\t\t\t\t\t\t\t\t\t<p>A comienzos del a\u00f1o, lanzamos nuestra <b>campa\u00f1a \u201cDejate Llevar\u201d<\/b> para invitarte a cerrar la valija y abrir el asombro. Porque para nosotros, viajar es eso, dejarse llevar por nuevas aventuras, dejarse llevar por los paisajes, la historia y la cultura de nuevos destinos. Hoy les queremos contar que <b>nosotros tambi\u00e9n nos dejamos llevar<\/b>. Cerramos nuestra emblem\u00e1tica sucursal de Plaza Independencia para abrir <b>nuevas sucursales<\/b> \u2014m\u00e1s modernas y mejor ubicadas\u2014 y as\u00ed tambi\u00e9n poder estar m\u00e1s cerca de nuestros clientes.\u00a0<\/p><p class=\"p1\">En esta campa\u00f1a decidimos <strong>ser protagonistas<\/strong>, porque en <strong>Jetmar<\/strong> siempre experimentamos primero lo que le invitamos a vivir a nuestros clientes. Por eso nos cre\u00edmos actores y <strong>nos paramos en frente a una c\u00e1mara<\/strong> a ver qu\u00e9 pasaba. Estuvimos varios d\u00edas grabando, repitiendo las escenas mil veces y ri\u00e9ndonos de nosotros mismos. Como siempre, trabajamos en equipo, nos dimos para adelante y nos divertimos mucho. Este es el resultado final. Esperamos que lo disfruten tanto como nosotros, y ahora solo queda agradecerles a cada uno de los agentes de viajes que participaron en esta campa\u00f1a, \u00a1GRACIAS!<\/p>\t\t\t\t\t\t\t\t<\/div>\n\t\t\t\t<\/div>\n\t\t\t\t<div class=\"elementor-element elementor-element-3bfe338 elementor-widget__width-initial elementor-widget elementor-widget-html\" data-id=\"3bfe338\" data-element_type=\"widget\" data-e-type=\"widget\" data-widget_type=\"html.default\">\n\t\t\t\t<div class=\"elementor-widget-container\">\n\t\t\t\t\t<iframe width=\"560\" height=\"715\" src=\"https:\/\/www.youtube.com\/embed\/2bKd_VHEjWU?si=THu7iYsSh1e24rGn\" title=\"YouTube video player\" frameborder=\"0\" allow=\"accelerometer; autoplay; clipboard-write; encrypted-media; gyroscope; picture-in-picture; web-share\" referrerpolicy=\"strict-origin-when-cross-origin\" allowfullscreen><\/iframe>\t\t\t\t<\/div>\n\t\t\t\t<\/div>\n\t\t\t\t<div class=\"elementor-element elementor-element-ee2da19 elementor-widget elementor-widget-heading\" data-id=\"ee2da19\" data-element_type=\"widget\" data-e-type=\"widget\" data-widget_type=\"heading.default\">\n\t\t\t\t<div class=\"elementor-widget-container\">\n\t\t\t\t\t<h2 class=\"elementor-heading-title elementor-size-default\">\u00a1Dejate llevar, por la emoci\u00f3n de viajar! - 2024<\/h2>\t\t\t\t<\/div>\n\t\t\t\t<\/div>\n\t\t\t\t<div class=\"elementor-element elementor-element-bf9513f elementor-widget elementor-widget-text-editor\" data-id=\"bf9513f\" data-element_type=\"widget\" data-e-type=\"widget\" data-widget_type=\"text-editor.default\">\n\t\t\t\t<div class=\"elementor-widget-container\">\n\t\t\t\t\t\t\t\t\t<p>Ya en 2024 y con una alegr\u00eda inmensa, desde <strong>Jetmar<\/strong> nos sentimos <strong>optimistas<\/strong>, <strong>libres<\/strong>, y <strong>llenos de aprendizajes<\/strong>. Queremos que nuestros viajeros tambi\u00e9n se sientan as\u00ed. Nuestro concepto <strong>\u201cDejate llevar\u201d<\/strong> invita a liberar el esp\u00edritu viajero y abrazar lo desconocido, a sumergirse en culturas fascinantes, descubrir paisajes impresionantes y crear recuerdos que perdurar\u00e1n para siempre.\u00a0En <strong>Jetmar<\/strong> queremos que conf\u00edes en nosotros y te <b>d<\/b><strong>ejes llevar<\/strong>.<\/p>\t\t\t\t\t\t\t\t<\/div>\n\t\t\t\t<\/div>\n\t\t\t\t<div class=\"elementor-element elementor-element-05d80d6 elementor-widget elementor-widget-html\" data-id=\"05d80d6\" data-element_type=\"widget\" data-e-type=\"widget\" data-widget_type=\"html.default\">\n\t\t\t\t<div class=\"elementor-widget-container\">\n\t\t\t\t\t<iframe width=\"560\" height=\"715\" src=\"https:\/\/www.youtube.com\/embed\/0Uek3PpLD-M?si=dMs_gY-Qz4CTT6Q-\" title=\"YouTube video player\" frameborder=\"0\" allow=\"accelerometer; autoplay; clipboard-write; encrypted-media; gyroscope; picture-in-picture; web-share\" referrerpolicy=\"strict-origin-when-cross-origin\" allowfullscreen><\/iframe>\t\t\t\t<\/div>\n\t\t\t\t<\/div>\n\t\t\t\t\t<\/div>\n\t\t\t\t<\/div>\n\t\t<div class=\"elementor-element elementor-element-1130817 e-flex e-con-boxed e-con e-parent\" data-id=\"1130817\" data-element_type=\"container\" data-e-type=\"container\">\n\t\t\t\t\t<div class=\"e-con-inner\">\n\t\t\t\t<div class=\"elementor-element elementor-element-8983f65 elementor-widget elementor-widget-heading\" data-id=\"8983f65\" data-element_type=\"widget\" data-e-type=\"widget\" data-widget_type=\"heading.default\">\n\t\t\t\t<div class=\"elementor-widget-container\">\n\t\t\t\t\t<h2 class=\"elementor-heading-title elementor-size-default\">Vamos \u00a1Nuestro pr\u00f3ximo destino es una emoci\u00f3n! - 2022<\/h2>\t\t\t\t<\/div>\n\t\t\t\t<\/div>\n\t\t\t\t<div class=\"elementor-element elementor-element-e28903c elementor-widget elementor-widget-text-editor\" data-id=\"e28903c\" data-element_type=\"widget\" data-e-type=\"widget\" data-widget_type=\"text-editor.default\">\n\t\t\t\t<div class=\"elementor-widget-container\">\n\t\t\t\t\t\t\t\t\t<p>Superamos la <b>pandemia<\/b>, sobrevivimos y eso fue motivo suficiente para volver a conectar con las cosas que <b>nos hacen bien<\/b>. En 2022 la sociedad uruguaya ya estaba viviendo ese futuro que se mencion\u00f3 en la campa\u00f1a anterior, ya era momento de salir a buscar nuevos recuerdos, nuevas emociones. Quer\u00edamos m\u00e1s tiempo para conectar verdaderamente con las <b>personas<\/b>, con los <b>lugares<\/b>, con las <b>comunidades<\/b> y con <b>unx mismx<\/b>, y la mejor forma de experimentarlo era con un nuevo viaje.\u00a0<\/p>\t\t\t\t\t\t\t\t<\/div>\n\t\t\t\t<\/div>\n\t\t\t\t<div class=\"elementor-element elementor-element-9279661 elementor-widget elementor-widget-html\" data-id=\"9279661\" data-element_type=\"widget\" data-e-type=\"widget\" data-widget_type=\"html.default\">\n\t\t\t\t<div class=\"elementor-widget-container\">\n\t\t\t\t\t<iframe width=\"560\" height=\"715\" src=\"https:\/\/www.youtube.com\/embed\/DTXYbPgKN_Y?si=5r6TkAfCk9Cj3dHc\" title=\"YouTube video player\" frameborder=\"0\" allow=\"accelerometer; autoplay; clipboard-write; encrypted-media; gyroscope; picture-in-picture; web-share\" referrerpolicy=\"strict-origin-when-cross-origin\" allowfullscreen><\/iframe>\t\t\t\t<\/div>\n\t\t\t\t<\/div>\n\t\t\t\t\t<\/div>\n\t\t\t\t<\/div>\n\t\t<div class=\"elementor-element elementor-element-704db86 e-flex e-con-boxed e-con e-parent\" data-id=\"704db86\" data-element_type=\"container\" data-e-type=\"container\">\n\t\t\t\t\t<div class=\"e-con-inner\">\n\t\t\t\t<div class=\"elementor-element elementor-element-04d9797 elementor-widget elementor-widget-heading\" data-id=\"04d9797\" data-element_type=\"widget\" data-e-type=\"widget\" data-widget_type=\"heading.default\">\n\t\t\t\t<div class=\"elementor-widget-container\">\n\t\t\t\t\t<h2 class=\"elementor-heading-title elementor-size-default\">Miremos hacia adelante, \u00a1el futuro nos espera lleno de recuerdos! - 2021<\/h2>\t\t\t\t<\/div>\n\t\t\t\t<\/div>\n\t\t\t\t<div class=\"elementor-element elementor-element-cde7568 elementor-widget elementor-widget-text-editor\" data-id=\"cde7568\" data-element_type=\"widget\" data-e-type=\"widget\" data-widget_type=\"text-editor.default\">\n\t\t\t\t<div class=\"elementor-widget-container\">\n\t\t\t\t\t\t\t\t\t<p>En el mes de <strong>marzo 2021<\/strong>, en un contexto a\u00fan de incertidumbre y donde la variante &#8220;Delta&#8221; del <strong>Covid-19<\/strong> generaba nuevamente inestabilidad en nuestra sociedad, desde Jetmar nos animamos a dar un <strong>mensaje de aliento<\/strong>, esperanzador.<\/p>\t\t\t\t\t\t\t\t<\/div>\n\t\t\t\t<\/div>\n\t\t\t\t<div class=\"elementor-element elementor-element-930c420 elementor-widget elementor-widget-html\" data-id=\"930c420\" data-element_type=\"widget\" data-e-type=\"widget\" data-widget_type=\"html.default\">\n\t\t\t\t<div class=\"elementor-widget-container\">\n\t\t\t\t\t<iframe width=\"640\" height=\"715\" src=\"https:\/\/www.youtube.com\/embed\/-kFLIHxqt-o?si=HlgTtwwsAvBsbJ0m\" title=\"YouTube video player\" frameborder=\"0\" allow=\"accelerometer; autoplay; clipboard-write; encrypted-media; gyroscope; picture-in-picture; web-share\" referrerpolicy=\"strict-origin-when-cross-origin\" allowfullscreen<\/iframe width=\"640\" height=\"360\"\t\t\t\t<\/div>\n\t\t\t\t<\/div>\n\t\t\t\t<div class=\"elementor-element elementor-element-eb1612d elementor-widget elementor-widget-button\" data-id=\"eb1612d\" data-element_type=\"widget\" data-e-type=\"widget\" data-widget_type=\"button.default\">\n\t\t\t\t<div class=\"elementor-widget-container\">\n\t\t\t\t\t\t\t\t\t<div class=\"elementor-button-wrapper\">\n\t\t\t\t\t<a class=\"elementor-button elementor-button-link elementor-size-sm\" href=\"http:\/\/www.jetmar.com.uy\/portal-viajes\">\n\t\t\t\t\t\t<span class=\"elementor-button-content-wrapper\">\n\t\t\t\t\t\t<span class=\"elementor-button-icon\">\n\t\t\t\t<svg aria-hidden=\"true\" class=\"e-font-icon-svg e-far-arrow-alt-circle-left\" viewBox=\"0 0 512 512\" xmlns=\"http:\/\/www.w3.org\/2000\/svg\"><path d=\"M8 256c0 137 111 248 248 248s248-111 248-248S393 8 256 8 8 119 8 256zm448 0c0 110.5-89.5 200-200 200S56 366.5 56 256 145.5 56 256 56s200 89.5 200 200zm-72-20v40c0 6.6-5.4 12-12 12H256v67c0 10.7-12.9 16-20.5 8.5l-99-99c-4.7-4.7-4.7-12.3 0-17l99-99c7.6-7.6 20.5-2.2 20.5 8.5v67h116c6.6 0 12 5.4 12 12z\"><\/path><\/svg>\t\t\t<\/span>\n\t\t\t\t\t\t\t\t\t<span class=\"elementor-button-text\">Volver al home<\/span>\n\t\t\t\t\t<\/span>\n\t\t\t\t\t<\/a>\n\t\t\t\t<\/div>\n\t\t\t\t\t\t\t\t<\/div>\n\t\t\t\t<\/div>\n\t\t\t\t\t<\/div>\n\t\t\t\t<\/div>\n\t\t<div class=\"elementor-element elementor-element-60dbe8f e-flex e-con-boxed e-con e-parent\" data-id=\"60dbe8f\" data-element_type=\"container\" data-e-type=\"container\">\n\t\t\t\t\t<div class=\"e-con-inner\">\n\t\t<div class=\"elementor-element elementor-element-7bcd163 e-con-full e-flex e-con e-child\" data-id=\"7bcd163\" data-element_type=\"container\" data-e-type=\"container\">\n\t\t<div class=\"elementor-element elementor-element-53dc765 e-grid e-con-full e-con e-child\" data-id=\"53dc765\" data-element_type=\"container\" data-e-type=\"container\" data-settings=\"{&quot;background_background&quot;:&quot;classic&quot;}\">\n\t\t\t\t<div class=\"elementor-element elementor-element-a37cf71 elementor-widget elementor-widget-heading\" data-id=\"a37cf71\" data-element_type=\"widget\" data-e-type=\"widget\" data-widget_type=\"heading.default\">\n\t\t\t\t<div class=\"elementor-widget-container\">\n\t\t\t\t\t<h2 class=\"elementor-heading-title elementor-size-default\">No dudes m\u00e1s, hac\u00e9 ese <b>VIAJE QUE TANTO SO\u00d1ASTE<\/b><\/h2>\t\t\t\t<\/div>\n\t\t\t\t<\/div>\n\t\t\t\t<div class=\"elementor-element elementor-element-8e5470f elementor-align-justify elementor-widget elementor-widget-button\" data-id=\"8e5470f\" data-element_type=\"widget\" data-e-type=\"widget\" data-widget_type=\"button.default\">\n\t\t\t\t<div class=\"elementor-widget-container\">\n\t\t\t\t\t\t\t\t\t<div class=\"elementor-button-wrapper\">\n\t\t\t\t\t<a class=\"elementor-button elementor-button-link elementor-size-sm\" href=\"https:\/\/jetmar.com.uy\/portal-viajes\/cotiza-tu-viaje\/\">\n\t\t\t\t\t\t<span class=\"elementor-button-content-wrapper\">\n\t\t\t\t\t\t\t\t\t<span class=\"elementor-button-text\">\u00a1Cotiz\u00e1 tu viaje!<\/span>\n\t\t\t\t\t<\/span>\n\t\t\t\t\t<\/a>\n\t\t\t\t<\/div>\n\t\t\t\t\t\t\t\t<\/div>\n\t\t\t\t<\/div>\n\t\t\t\t<\/div>\n\t\t\t\t<\/div>\n\t\t\t\t\t<\/div>\n\t\t\t\t<\/div>\n\t\t<div class=\"elementor-element elementor-element-459f02d e-flex e-con-boxed e-con e-parent\" data-id=\"459f02d\" data-element_type=\"container\" data-e-type=\"container\">\n\t\t\t\t\t<div class=\"e-con-inner\">\n\t\t\t\t<div class=\"elementor-element elementor-element-194e1ef elementor-position-right elementor-vertical-align-top elementor-widget elementor-widget-image-box\" data-id=\"194e1ef\" data-element_type=\"widget\" data-e-type=\"widget\" data-settings=\"{&quot;sticky&quot;:&quot;bottom&quot;,&quot;sticky_on&quot;:[&quot;desktop&quot;,&quot;tablet&quot;,&quot;mobile&quot;],&quot;sticky_offset&quot;:0,&quot;sticky_effects_offset&quot;:0,&quot;sticky_anchor_link_offset&quot;:0}\" data-widget_type=\"image-box.default\">\n\t\t\t\t<div class=\"elementor-widget-container\">\n\t\t\t\t\t<div class=\"elementor-image-box-wrapper\"><figure class=\"elementor-image-box-img\"><a href=\"https:\/\/wa.link\/9y5bud\" tabindex=\"-1\" target=\"_blank\" rel=\"noopener\"><img decoding=\"async\" src=\"https:\/\/jetmar.com.uy\/portal-viajes\/wp-content\/uploads\/elementor\/thumbs\/WhatsApp_icon-qnrwtjinxl46d2emw8990uzmrp2dpzxn9rf79fq5qq.png\" title=\"WhatsApp_icon\" alt=\"\u00edcono de WhatsApp\" loading=\"lazy\" \/><\/a><\/figure><\/div>\t\t\t\t<\/div>\n\t\t\t\t<\/div>\n\t\t\t\t\t<\/div>\n\t\t\t\t<\/div>\n\t\t\t\t<\/div>\n\t\t","protected":false},"excerpt":{"rendered":"<p>\u00bfQui\u00e9nes somos? Fundada en 1962, Jetmar es la agencia de viajes l\u00edder en Uruguay. Contamos con m\u00e1s de 260 colaboradores [&hellip;]<\/p>\n","protected":false},"author":3,"featured_media":0,"parent":0,"menu_order":0,"comment_status":"closed","ping_status":"closed","template":"","meta":{"_acf_changed":false,"nf_dc_page":"","_monsterinsights_skip_tracking":false,"_monsterinsights_sitenote_active":false,"_monsterinsights_sitenote_note":"","_monsterinsights_sitenote_category":0,"site-sidebar-layout":"no-sidebar","site-content-layout":"","ast-site-content-layout":"full-width-container","site-content-style":"default","site-sidebar-style":"default","ast-global-header-display":"","ast-banner-title-visibility":"","ast-main-header-display":"","ast-hfb-above-header-display":"","ast-hfb-below-header-display":"","ast-hfb-mobile-header-display":"","site-post-title":"disabled","ast-breadcrumbs-content":"","ast-featured-img":"disabled","footer-sml-layout":"","ast-disable-related-posts":"","theme-transparent-header-meta":"","adv-header-id-meta":"","stick-header-meta":"","header-above-stick-meta":"","header-main-stick-meta":"","header-below-stick-meta":"","astra-migrate-meta-layouts":"default","ast-page-background-enabled":"default","ast-page-background-meta":{"desktop":{"background-color":"var(--ast-global-color-4)","background-image":"","background-repeat":"repeat","background-position":"center center","background-size":"auto","background-attachment":"scroll","background-type":"","background-media":"","overlay-type":"","overlay-color":"","overlay-opacity":"","overlay-gradient":""},"tablet":{"background-color":"","background-image":"","background-repeat":"repeat","background-position":"center center","background-size":"auto","background-attachment":"scroll","background-type":"","background-media":"","overlay-type":"","overlay-color":"","overlay-opacity":"","overlay-gradient":""},"mobile":{"background-color":"","background-image":"","background-repeat":"repeat","background-position":"center center","background-size":"auto","background-attachment":"scroll","background-type":"","background-media":"","overlay-type":"","overlay-color":"","overlay-opacity":"","overlay-gradient":""}},"ast-content-background-meta":{"desktop":{"background-color":"var(--ast-global-color-5)","background-image":"","background-repeat":"repeat","background-position":"center center","background-size":"auto","background-attachment":"scroll","background-type":"","background-media":"","overlay-type":"","overlay-color":"","overlay-opacity":"","overlay-gradient":""},"tablet":{"background-color":"var(--ast-global-color-5)","background-image":"","background-repeat":"repeat","background-position":"center center","background-size":"auto","background-attachment":"scroll","background-type":"","background-media":"","overlay-type":"","overlay-color":"","overlay-opacity":"","overlay-gradient":""},"mobile":{"background-color":"var(--ast-global-color-5)","background-image":"","background-repeat":"repeat","background-position":"center center","background-size":"auto","background-attachment":"scroll","background-type":"","background-media":"","overlay-type":"","overlay-color":"","overlay-opacity":"","overlay-gradient":""}},"footnotes":""},"class_list":["post-1399","page","type-page","status-publish","hentry"],"acf":[],"rttpg_featured_image_url":null,"rttpg_author":{"display_name":"Maite Beer","author_link":"https:\/\/jetmar.com.uy\/portal-viajes\/author\/maite-beer\/"},"rttpg_comment":0,"rttpg_category":null,"rttpg_excerpt":"\u00bfQui\u00e9nes somos? Fundada en 1962, Jetmar es la agencia de viajes l\u00edder en Uruguay. Contamos con m\u00e1s de 260 colaboradores [&hellip;]","_links":{"self":[{"href":"https:\/\/jetmar.com.uy\/portal-viajes\/wp-json\/wp\/v2\/pages\/1399","targetHints":{"allow":["GET"]}}],"collection":[{"href":"https:\/\/jetmar.com.uy\/portal-viajes\/wp-json\/wp\/v2\/pages"}],"about":[{"href":"https:\/\/jetmar.com.uy\/portal-viajes\/wp-json\/wp\/v2\/types\/page"}],"author":[{"embeddable":true,"href":"https:\/\/jetmar.com.uy\/portal-viajes\/wp-json\/wp\/v2\/users\/3"}],"replies":[{"embeddable":true,"href":"https:\/\/jetmar.com.uy\/portal-viajes\/wp-json\/wp\/v2\/comments?post=1399"}],"version-history":[{"count":5,"href":"https:\/\/jetmar.com.uy\/portal-viajes\/wp-json\/wp\/v2\/pages\/1399\/revisions"}],"predecessor-version":[{"id":7592,"href":"https:\/\/jetmar.com.uy\/portal-viajes\/wp-json\/wp\/v2\/pages\/1399\/revisions\/7592"}],"wp:attachment":[{"href":"https:\/\/jetmar.com.uy\/portal-viajes\/wp-json\/wp\/v2\/media?parent=1399"}],"curies":[{"name":"wp","href":"https:\/\/api.w.org\/{rel}","templated":true}]}}