{"id":2986,"date":"2024-08-09T17:35:05","date_gmt":"2024-08-09T20:35:05","guid":{"rendered":"https:\/\/jetmar.com.uy\/portal-viajes\/?page_id=2986"},"modified":"2025-05-06T13:00:38","modified_gmt":"2025-05-06T16:00:38","slug":"vacaciones-de-setiembre","status":"publish","type":"page","link":"https:\/\/jetmar.com.uy\/portal-viajes\/vacaciones-de-setiembre\/","title":{"rendered":"Vacaciones de Setiembre"},"content":{"rendered":"\t\t<div data-elementor-type=\"wp-page\" data-elementor-id=\"2986\" class=\"elementor elementor-2986\" data-elementor-post-type=\"page\">\n\t\t\t\t<div class=\"elementor-element elementor-element-a09fe3c e-flex e-con-boxed e-con e-parent\" data-id=\"a09fe3c\" data-element_type=\"container\" data-e-type=\"container\">\n\t\t\t\t\t<div class=\"e-con-inner\">\n\t\t\t\t<div class=\"elementor-element elementor-element-4ec2019 elementor-widget elementor-widget-heading\" data-id=\"4ec2019\" data-element_type=\"widget\" data-e-type=\"widget\" data-widget_type=\"heading.default\">\n\t\t\t\t<div class=\"elementor-widget-container\">\n\t\t\t\t\t<h2 class=\"elementor-heading-title elementor-size-default\">Vacaciones de Setiembre<\/h2>\t\t\t\t<\/div>\n\t\t\t\t<\/div>\n\t\t\t\t<div class=\"elementor-element elementor-element-c172812 elementor-widget elementor-widget-text-editor\" data-id=\"c172812\" data-element_type=\"widget\" data-e-type=\"widget\" data-widget_type=\"text-editor.default\">\n\t\t\t\t<div class=\"elementor-widget-container\">\n\t\t\t\t\t\t\t\t\t<p style=\"font-size: 17px; font-style: normal; color: #000000; font-family: Montserrat, sans-serif;\"><span style=\"font-weight: 500;\">Las <\/span><b>Vacaciones de Setiembre<\/b>\u00a0son el momento perfecto para hacer una<span style=\"font-weight: bold;\">\u00a0pausa a la rutina<\/span>\u00a0y vivir unas\u00a0<span style=\"font-weight: bold;\">vacaciones inolvidables en familia<\/span>. Desde\u00a0<span style=\"font-weight: bold;\">Jetmar\u00a0<\/span>te ofrecemos paquetes a destinos en\u00a0<span style=\"font-weight: bold;\"><a href=\"https:\/\/jetmar.com.uy\/paquetes\/shop?seasons=vacaciones%20de%20setiembre&amp;services=vuelo&amp;_gl=1*5qikiq*_gcl_au*MjEwNDkxNjExOS4xNzIxNzQ4NTc4&amp;location=america%20del%20sur,argentina\">Argentina<\/a><\/span>,\u00a0<span style=\"font-weight: bold;\"><a href=\"https:\/\/jetmar.com.uy\/paquetes\/shop?seasons=vacaciones%20de%20setiembre&amp;services=vuelo&amp;_gl=1*5qikiq*_gcl_au*MjEwNDkxNjExOS4xNzIxNzQ4NTc4&amp;location=america%20del%20sur,brasil\">Brasil<\/a><\/span>, el\u00a0<a href=\"https:\/\/jetmar.com.uy\/paquetes\/shop?services=vuelo&amp;_gl=1*5qikiq*_gcl_au*MjEwNDkxNjExOS4xNzIxNzQ4NTc4&amp;location=america%20central,rep%C3%BAblica%20dominicana\"><span style=\"font-weight: bold;\">Caribe<\/span>\u00a0<\/a>y\u00a0<span style=\"font-weight: bold;\"><a href=\"https:\/\/jetmar.com.uy\/paquetes\/shop?services=vuelo&amp;_gl=1*5qikiq*_gcl_au*MjEwNDkxNjExOS4xNzIxNzQ4NTc4&amp;location=america%20del%20norte,estados%20unidos\">Estados Unidos<\/a><\/span>\u00a0para que combines belleza natural, culturas vibrantes y actividades emocionantes.\u00a0<\/p>\t\t\t\t\t\t\t\t<\/div>\n\t\t\t\t<\/div>\n\t\t\t\t<div class=\"elementor-element elementor-element-062d5ff elementor-widget elementor-widget-button\" data-id=\"062d5ff\" data-element_type=\"widget\" data-e-type=\"widget\" data-widget_type=\"button.default\">\n\t\t\t\t<div class=\"elementor-widget-container\">\n\t\t\t\t\t\t\t\t\t<div class=\"elementor-button-wrapper\">\n\t\t\t\t\t<a class=\"elementor-button elementor-button-link elementor-size-sm\" href=\"https:\/\/jetmar.com.uy\/paquetes\/shop?seasons=vacaciones%20de%20setiembre&#038;services=vuelo\">\n\t\t\t\t\t\t<span class=\"elementor-button-content-wrapper\">\n\t\t\t\t\t\t\t\t\t<span class=\"elementor-button-text\">ver los paquetes ac\u00e1<\/span>\n\t\t\t\t\t<\/span>\n\t\t\t\t\t<\/a>\n\t\t\t\t<\/div>\n\t\t\t\t\t\t\t\t<\/div>\n\t\t\t\t<\/div>\n\t\t\t\t<div class=\"elementor-element elementor-element-ca691bd elementor-widget elementor-widget-text-editor\" data-id=\"ca691bd\" data-element_type=\"widget\" data-e-type=\"widget\" data-widget_type=\"text-editor.default\">\n\t\t\t\t<div class=\"elementor-widget-container\">\n\t\t\t\t\t\t\t\t\t<p><span style=\"font-style: inherit; text-align: var(--text-align); background-color: var(--ast-global-color-5);\">Estas <b>Vacaciones de Setiembre<\/b> descubr\u00ed la magia de la <\/span><b style=\"font-style: inherit; text-align: var(--text-align); background-color: var(--ast-global-color-5);\">Patagonia <\/b><span style=\"font-style: inherit; text-align: var(--text-align); background-color: var(--ast-global-color-5);\">en<\/span><b style=\"font-style: inherit; text-align: var(--text-align); background-color: var(--ast-global-color-5);\"> Argentina<\/b><span style=\"font-style: inherit; text-align: var(--text-align); background-color: var(--ast-global-color-5);\">, con sus paisajes de monta\u00f1a y lagos cristalinos; la arquitectura colonial y maravillas naturales del<\/span><b style=\"font-style: inherit; text-align: var(--text-align); background-color: var(--ast-global-color-5);\"> norte argentino<\/b><span style=\"font-style: inherit; text-align: var(--text-align); background-color: var(--ast-global-color-5);\">, o las tierras heladas de <\/span><b style=\"font-style: inherit; text-align: var(--text-align); background-color: var(--ast-global-color-5);\">Ushuaia <\/b><span style=\"font-style: inherit; text-align: var(--text-align); background-color: var(--ast-global-color-5);\">y el <\/span><b style=\"font-style: inherit; text-align: var(--text-align); background-color: var(--ast-global-color-5);\">Calafate<\/b><span style=\"font-style: inherit; text-align: var(--text-align); background-color: var(--ast-global-color-5);\">. <\/span><b style=\"font-style: inherit; text-align: var(--text-align); background-color: var(--ast-global-color-5);\">Brasil <\/b><span style=\"font-style: inherit; text-align: var(--text-align); background-color: var(--ast-global-color-5);\">te espera con sus playas paradis\u00edacas en lugares como <\/span><b style=\"font-style: inherit; text-align: var(--text-align); background-color: var(--ast-global-color-5);\">B\u00fazios<\/b><span style=\"font-style: inherit; text-align: var(--text-align); background-color: var(--ast-global-color-5);\">,<\/span><b style=\"font-style: inherit; text-align: var(--text-align); background-color: var(--ast-global-color-5);\"> Ilha Grande<\/b><span style=\"font-style: inherit; text-align: var(--text-align); background-color: var(--ast-global-color-5);\"> o <\/span><b style=\"font-style: inherit; text-align: var(--text-align); background-color: var(--ast-global-color-5);\">Maragogi <\/b><span style=\"font-style: inherit; text-align: var(--text-align); background-color: var(--ast-global-color-5);\">, donde la alegr\u00eda brasile\u00f1a invade cada espacio.\u00a0<\/span><\/p><p><b style=\"font-style: inherit; text-align: var(--text-align); background-color: var(--ast-global-color-5);\">El Caribe<\/b><span style=\"font-style: inherit; text-align: var(--text-align); background-color: var(--ast-global-color-5);\">, por su parte, ofrece un clima tropical con aguas turquesas y arenas blancas, como<\/span><b style=\"font-style: inherit; text-align: var(--text-align); background-color: var(--ast-global-color-5);\"> Punta Cana <\/b><span style=\"font-style: inherit; text-align: var(--text-align); background-color: var(--ast-global-color-5);\">o <\/span><b style=\"font-style: inherit; text-align: var(--text-align); background-color: var(--ast-global-color-5);\">Canc\u00fan<\/b><span style=\"font-style: inherit; text-align: var(--text-align); background-color: var(--ast-global-color-5);\">, para que te relajes en sus incre\u00edbles <\/span><b style=\"font-style: inherit; text-align: var(--text-align); background-color: var(--ast-global-color-5);\">hoteles <\/b><b style=\"font-style: inherit; text-align: var(--text-align); background-color: var(--ast-global-color-5);\"><i>all inclusive<\/i><\/b><span style=\"font-style: inherit; text-align: var(--text-align); background-color: var(--ast-global-color-5);\">. En<\/span><b style=\"font-style: inherit; text-align: var(--text-align); background-color: var(--ast-global-color-5);\"> Estados Unidos<\/b><span style=\"font-style: inherit; text-align: var(--text-align); background-color: var(--ast-global-color-5);\">, la magia de los parques tem\u00e1ticos de <\/span><b style=\"font-style: inherit; text-align: var(--text-align); background-color: var(--ast-global-color-5);\">Disney <\/b><span style=\"font-style: inherit; text-align: var(--text-align); background-color: var(--ast-global-color-5);\">y <\/span><b style=\"font-style: inherit; text-align: var(--text-align); background-color: var(--ast-global-color-5);\">Universal<\/b><span style=\"font-style: inherit; text-align: var(--text-align); background-color: var(--ast-global-color-5);\"> en <\/span><b style=\"font-style: inherit; text-align: var(--text-align); background-color: var(--ast-global-color-5);\">Orlando <\/b><span style=\"font-style: inherit; text-align: var(--text-align); background-color: var(--ast-global-color-5);\">y las playas de <\/span><b style=\"font-style: inherit; text-align: var(--text-align); background-color: var(--ast-global-color-5);\">Miami <\/b><span style=\"font-style: inherit; text-align: var(--text-align); background-color: var(--ast-global-color-5);\">prometen entretenimiento y disfrute para todos.\u00a0<\/span><\/p><p><span style=\"font-weight: 400;\">Cada destino brinda una experiencia diferente: desde explorar los <\/span><b>paisajes impresionantes<\/b><span style=\"font-weight: 400;\"> de <\/span><b>Argentina<\/b><span style=\"font-weight: 400;\">, hasta optar por las <\/span><b>playas cercanas<\/b><span style=\"font-weight: 400;\"> de <\/span><b>Brasil <\/b><span style=\"font-weight: 400;\">para cortar el fr\u00edo o elegir el<\/span><b> para\u00edso<\/b><span style=\"font-weight: 400;\"> del <\/span><b>Caribe<\/b><span style=\"font-weight: 400;\"> con sus hoteles de primer nivel. Sin embargo, la emoci\u00f3n est\u00e1 garantizada en cualquiera de estos destinos.<\/span><\/p>\t\t\t\t\t\t\t\t<\/div>\n\t\t\t\t<\/div>\n\t\t\t\t\t<\/div>\n\t\t\t\t<\/div>\n\t\t<div class=\"elementor-element elementor-element-e23cd36 e-flex e-con-boxed e-con e-parent\" data-id=\"e23cd36\" data-element_type=\"container\" data-e-type=\"container\">\n\t\t\t\t\t<div class=\"e-con-inner\">\n\t\t\t\t<div class=\"elementor-element elementor-element-f2f3622 elementor-widget elementor-widget-heading\" data-id=\"f2f3622\" data-element_type=\"widget\" data-e-type=\"widget\" data-widget_type=\"heading.default\">\n\t\t\t\t<div class=\"elementor-widget-container\">\n\t\t\t\t\t<h2 class=\"elementor-heading-title elementor-size-default\">A d\u00f3nde viajar estas <b>Vacaciones de Setie<\/b>mbre<\/h2>\t\t\t\t<\/div>\n\t\t\t\t<\/div>\n\t\t\t\t<div class=\"elementor-element elementor-element-e5ada80 elementor-grid-3 elementor-grid-tablet-2 elementor-grid-mobile-1 elementor-posts--thumbnail-top elementor-card-shadow-yes elementor-posts__hover-gradient elementor-widget elementor-widget-posts\" data-id=\"e5ada80\" data-element_type=\"widget\" data-e-type=\"widget\" data-settings=\"{&quot;cards_row_gap&quot;:{&quot;unit&quot;:&quot;px&quot;,&quot;size&quot;:50,&quot;sizes&quot;:[]},&quot;pagination_type&quot;:&quot;numbers&quot;,&quot;cards_columns&quot;:&quot;3&quot;,&quot;cards_columns_tablet&quot;:&quot;2&quot;,&quot;cards_columns_mobile&quot;:&quot;1&quot;,&quot;cards_row_gap_tablet&quot;:{&quot;unit&quot;:&quot;px&quot;,&quot;size&quot;:&quot;&quot;,&quot;sizes&quot;:[]},&quot;cards_row_gap_mobile&quot;:{&quot;unit&quot;:&quot;px&quot;,&quot;size&quot;:&quot;&quot;,&quot;sizes&quot;:[]}}\" data-widget_type=\"posts.cards\">\n\t\t\t\t<div class=\"elementor-widget-container\">\n\t\t\t\t\t\t\t<div class=\"elementor-posts-container elementor-posts elementor-posts--skin-cards elementor-grid\" role=\"list\">\n\t\t\t\t<article class=\"elementor-post elementor-grid-item post-3098 post type-post status-publish format-standard has-post-thumbnail hentry category-vacaciones-de-setiembre tag-brasil tag-caribe tag-hoteles-all-inclusive\" role=\"listitem\">\n\t\t\t<div class=\"elementor-post__card\">\n\t\t\t\t<a class=\"elementor-post__thumbnail__link\" href=\"https:\/\/jetmar.com.uy\/portal-viajes\/hoteles-all-inclusive-vacaciones-setiembre\/\" tabindex=\"-1\" ><div class=\"elementor-post__thumbnail\"><img fetchpriority=\"high\" decoding=\"async\" width=\"1920\" height=\"1080\" src=\"https:\/\/jetmar.com.uy\/portal-viajes\/wp-content\/uploads\/2024\/08\/image-1.jpeg\" class=\"attachment-full size-full wp-image-3031\" alt=\"\" srcset=\"https:\/\/jetmar.com.uy\/portal-viajes\/wp-content\/uploads\/2024\/08\/image-1.jpeg 1920w, https:\/\/jetmar.com.uy\/portal-viajes\/wp-content\/uploads\/2024\/08\/image-1-300x169.jpeg 300w, https:\/\/jetmar.com.uy\/portal-viajes\/wp-content\/uploads\/2024\/08\/image-1-1024x576.jpeg 1024w, https:\/\/jetmar.com.uy\/portal-viajes\/wp-content\/uploads\/2024\/08\/image-1-768x432.jpeg 768w, https:\/\/jetmar.com.uy\/portal-viajes\/wp-content\/uploads\/2024\/08\/image-1-1536x864.jpeg 1536w\" sizes=\"(max-width: 1920px) 100vw, 1920px\" \/><\/div><\/a>\n\t\t\t\t<div class=\"elementor-post__text\">\n\t\t\t\t<h1 class=\"elementor-post__title\">\n\t\t\t<a href=\"https:\/\/jetmar.com.uy\/portal-viajes\/hoteles-all-inclusive-vacaciones-setiembre\/\" >\n\t\t\t\tCinco hoteles all inclusive en Brasil y el Caribe para viajar en familia\t\t\t<\/a>\n\t\t<\/h1>\n\t\t\t\t<div class=\"elementor-post__excerpt\">\n\t\t\t<p>Viv\u00ed unas vacaciones de diversi\u00f3n y rel\u00e1x en los hoteles all inclusive que ofrece Jetmar en Brasil y el Caribe: Vila Gal\u00e9 Resort Alagoas, Pratagy Beach Resort en Macei\u00f3, Riu Palace en Punta Cana, Grabn Palladium B\u00e1varo e Iberostar Selection Hacienda Dominicus<\/p>\n\t\t<\/div>\n\t\t\n\t\t<a class=\"elementor-post__read-more\" href=\"https:\/\/jetmar.com.uy\/portal-viajes\/hoteles-all-inclusive-vacaciones-setiembre\/\" aria-label=\"Read more about Cinco hoteles all inclusive en Brasil y el Caribe para viajar en familia\" tabindex=\"-1\" >\n\t\t\tLeer m\u00e1s\t\t<\/a>\n\n\t\t\t\t<\/div>\n\t\t\t\t\t<\/div>\n\t\t<\/article>\n\t\t\t\t<article class=\"elementor-post elementor-grid-item post-3076 post type-post status-publish format-standard has-post-thumbnail hentry category-vacaciones-de-setiembre category-america tag-brasil tag-semana-santa\" role=\"listitem\">\n\t\t\t<div class=\"elementor-post__card\">\n\t\t\t\t<a class=\"elementor-post__thumbnail__link\" href=\"https:\/\/jetmar.com.uy\/portal-viajes\/10-actividades-ninos-rio-de-janeiro\/\" tabindex=\"-1\" ><div class=\"elementor-post__thumbnail\"><img decoding=\"async\" width=\"1200\" height=\"800\" src=\"https:\/\/jetmar.com.uy\/portal-viajes\/wp-content\/uploads\/2024\/08\/nominated-children-looking-at-aquarium-tank-2023-11-27-05-16-32-utc-scaled-1.jpg\" class=\"attachment-full size-full wp-image-4338\" alt=\"Dos ni\u00f1os en el Acuario de R\u00edo de Janeiro\" srcset=\"https:\/\/jetmar.com.uy\/portal-viajes\/wp-content\/uploads\/2024\/08\/nominated-children-looking-at-aquarium-tank-2023-11-27-05-16-32-utc-scaled-1.jpg 1200w, https:\/\/jetmar.com.uy\/portal-viajes\/wp-content\/uploads\/2024\/08\/nominated-children-looking-at-aquarium-tank-2023-11-27-05-16-32-utc-scaled-1-300x200.jpg 300w, https:\/\/jetmar.com.uy\/portal-viajes\/wp-content\/uploads\/2024\/08\/nominated-children-looking-at-aquarium-tank-2023-11-27-05-16-32-utc-scaled-1-1024x683.jpg 1024w, https:\/\/jetmar.com.uy\/portal-viajes\/wp-content\/uploads\/2024\/08\/nominated-children-looking-at-aquarium-tank-2023-11-27-05-16-32-utc-scaled-1-768x512.jpg 768w\" sizes=\"(max-width: 1200px) 100vw, 1200px\" \/><\/div><\/a>\n\t\t\t\t<div class=\"elementor-post__text\">\n\t\t\t\t<h1 class=\"elementor-post__title\">\n\t\t\t<a href=\"https:\/\/jetmar.com.uy\/portal-viajes\/10-actividades-ninos-rio-de-janeiro\/\" >\n\t\t\t\tSi viaj\u00e1s a R\u00edo con ni\u00f1os, estas son las 10 actividades que no pod\u00e9s dejar de hacer\t\t\t<\/a>\n\t\t<\/h1>\n\t\t\t\t<div class=\"elementor-post__excerpt\">\n\t\t\t<p>Si viaj\u00e1s a R\u00edo junto a tus hijos, pod\u00e9s visitar un zool\u00f3gico, un acuario y un parque de agua para divertirte en familia. O tambi\u00e9n pod\u00e9s sentir la vibra carioca haciendo clases de surf todos juntos o pasear por el barrio art\u00edstico de Santa Teresa en el cl\u00e1sico tranv\u00eda amarillo. Si tus hijos son curiosos, no dudes en visitar el Museo del Ma\u00f1ana<\/p>\n\t\t<\/div>\n\t\t\n\t\t<a class=\"elementor-post__read-more\" href=\"https:\/\/jetmar.com.uy\/portal-viajes\/10-actividades-ninos-rio-de-janeiro\/\" aria-label=\"Read more about Si viaj\u00e1s a R\u00edo con ni\u00f1os, estas son las 10 actividades que no pod\u00e9s dejar de hacer\" tabindex=\"-1\" >\n\t\t\tLeer m\u00e1s\t\t<\/a>\n\n\t\t\t\t<\/div>\n\t\t\t\t\t<\/div>\n\t\t<\/article>\n\t\t\t\t<article class=\"elementor-post elementor-grid-item post-3066 post type-post status-publish format-standard has-post-thumbnail hentry category-vacaciones-de-setiembre\" role=\"listitem\">\n\t\t\t<div class=\"elementor-post__card\">\n\t\t\t\t<a class=\"elementor-post__thumbnail__link\" href=\"https:\/\/jetmar.com.uy\/portal-viajes\/que-incluyen-paquetes-jetmar\/\" tabindex=\"-1\" ><div class=\"elementor-post__thumbnail\"><img decoding=\"async\" width=\"2560\" height=\"1707\" src=\"https:\/\/jetmar.com.uy\/portal-viajes\/wp-content\/uploads\/2024\/08\/traveling-by-airplane-2023-11-27-05-11-40-utc-scaled.jpg\" class=\"attachment-full size-full wp-image-3068\" alt=\"\" srcset=\"https:\/\/jetmar.com.uy\/portal-viajes\/wp-content\/uploads\/2024\/08\/traveling-by-airplane-2023-11-27-05-11-40-utc-scaled.jpg 2560w, https:\/\/jetmar.com.uy\/portal-viajes\/wp-content\/uploads\/2024\/08\/traveling-by-airplane-2023-11-27-05-11-40-utc-300x200.jpg 300w, https:\/\/jetmar.com.uy\/portal-viajes\/wp-content\/uploads\/2024\/08\/traveling-by-airplane-2023-11-27-05-11-40-utc-1024x683.jpg 1024w, https:\/\/jetmar.com.uy\/portal-viajes\/wp-content\/uploads\/2024\/08\/traveling-by-airplane-2023-11-27-05-11-40-utc-768x512.jpg 768w, https:\/\/jetmar.com.uy\/portal-viajes\/wp-content\/uploads\/2024\/08\/traveling-by-airplane-2023-11-27-05-11-40-utc-1536x1024.jpg 1536w, https:\/\/jetmar.com.uy\/portal-viajes\/wp-content\/uploads\/2024\/08\/traveling-by-airplane-2023-11-27-05-11-40-utc-2048x1365.jpg 2048w\" sizes=\"(max-width: 2560px) 100vw, 2560px\" \/><\/div><\/a>\n\t\t\t\t<div class=\"elementor-post__text\">\n\t\t\t\t<h1 class=\"elementor-post__title\">\n\t\t\t<a href=\"https:\/\/jetmar.com.uy\/portal-viajes\/que-incluyen-paquetes-jetmar\/\" >\n\t\t\t\t\u00bfPor qu\u00e9 te conviene comprar un paquete de Jetmar para estas Vacaciones de Setiembre? Ac\u00e1 te contamos\t\t\t<\/a>\n\t\t<\/h1>\n\t\t\t\t<div class=\"elementor-post__excerpt\">\n\t\t\t<p>Comprar un paquete para tu pr\u00f3ximo viaje estas Vacaciones de Setiembre, es una soluci\u00f3n y va a llevar tu experiencia a otro nivel. Descubr\u00ed las opciones que tiene Jetmar y disfrut\u00e1 de un descanso con todo resuelto y con el soporte de la agencia de viajes n1 de Uruguay<\/p>\n\t\t<\/div>\n\t\t\n\t\t<a class=\"elementor-post__read-more\" href=\"https:\/\/jetmar.com.uy\/portal-viajes\/que-incluyen-paquetes-jetmar\/\" aria-label=\"Read more about \u00bfPor qu\u00e9 te conviene comprar un paquete de Jetmar para estas Vacaciones de Setiembre? Ac\u00e1 te contamos\" tabindex=\"-1\" >\n\t\t\tLeer m\u00e1s\t\t<\/a>\n\n\t\t\t\t<\/div>\n\t\t\t\t\t<\/div>\n\t\t<\/article>\n\t\t\t\t<\/div>\n\t\t\n\t\t\t\t\t\t<\/div>\n\t\t\t\t<\/div>\n\t\t\t\t<div class=\"elementor-element elementor-element-5397b37 elementor-widget elementor-widget-button\" data-id=\"5397b37\" data-element_type=\"widget\" data-e-type=\"widget\" data-widget_type=\"button.default\">\n\t\t\t\t<div class=\"elementor-widget-container\">\n\t\t\t\t\t\t\t\t\t<div class=\"elementor-button-wrapper\">\n\t\t\t\t\t<a class=\"elementor-button elementor-button-link elementor-size-sm\" href=\"http:\/\/www.jetmar.com.uy\/portal-viajes\">\n\t\t\t\t\t\t<span class=\"elementor-button-content-wrapper\">\n\t\t\t\t\t\t<span class=\"elementor-button-icon\">\n\t\t\t\t<svg aria-hidden=\"true\" class=\"e-font-icon-svg e-far-arrow-alt-circle-left\" viewBox=\"0 0 512 512\" xmlns=\"http:\/\/www.w3.org\/2000\/svg\"><path d=\"M8 256c0 137 111 248 248 248s248-111 248-248S393 8 256 8 8 119 8 256zm448 0c0 110.5-89.5 200-200 200S56 366.5 56 256 145.5 56 256 56s200 89.5 200 200zm-72-20v40c0 6.6-5.4 12-12 12H256v67c0 10.7-12.9 16-20.5 8.5l-99-99c-4.7-4.7-4.7-12.3 0-17l99-99c7.6-7.6 20.5-2.2 20.5 8.5v67h116c6.6 0 12 5.4 12 12z\"><\/path><\/svg>\t\t\t<\/span>\n\t\t\t\t\t\t\t\t\t<span class=\"elementor-button-text\">Volver al home<\/span>\n\t\t\t\t\t<\/span>\n\t\t\t\t\t<\/a>\n\t\t\t\t<\/div>\n\t\t\t\t\t\t\t\t<\/div>\n\t\t\t\t<\/div>\n\t\t\t\t\t<\/div>\n\t\t\t\t<\/div>\n\t\t<div class=\"elementor-element elementor-element-6c7c2de e-grid e-con-full e-con e-parent\" data-id=\"6c7c2de\" data-element_type=\"container\" data-e-type=\"container\" data-settings=\"{&quot;background_background&quot;:&quot;classic&quot;}\">\n\t\t\t\t<div class=\"elementor-element elementor-element-6a3f833 elementor-widget elementor-widget-heading\" data-id=\"6a3f833\" data-element_type=\"widget\" data-e-type=\"widget\" data-widget_type=\"heading.default\">\n\t\t\t\t<div class=\"elementor-widget-container\">\n\t\t\t\t\t<h2 class=\"elementor-heading-title elementor-size-default\">No dudes m\u00e1s, <br>estas V<b>acaciones de Setiembre<\/b> hac\u00e9 ese viaje familiar que <b>tanto so\u00f1aste<\/b><\/h2>\t\t\t\t<\/div>\n\t\t\t\t<\/div>\n\t\t\t\t<div class=\"elementor-element elementor-element-6cf54d3 elementor-align-justify elementor-widget elementor-widget-button\" data-id=\"6cf54d3\" data-element_type=\"widget\" data-e-type=\"widget\" data-widget_type=\"button.default\">\n\t\t\t\t<div class=\"elementor-widget-container\">\n\t\t\t\t\t\t\t\t\t<div class=\"elementor-button-wrapper\">\n\t\t\t\t\t<a class=\"elementor-button elementor-button-link elementor-size-sm\" href=\"https:\/\/jetmar.com.uy\/paquetes\/shop?seasons=vacaciones%20de%20setiembre&#038;services=vuelo&#038;_gl=1*5qikiq*_gcl_au*MjEwNDkxNjExOS4xNzIxNzQ4NTc4\">\n\t\t\t\t\t\t<span class=\"elementor-button-content-wrapper\">\n\t\t\t\t\t\t\t\t\t<span class=\"elementor-button-text\">Ver ofertas<\/span>\n\t\t\t\t\t<\/span>\n\t\t\t\t\t<\/a>\n\t\t\t\t<\/div>\n\t\t\t\t\t\t\t\t<\/div>\n\t\t\t\t<\/div>\n\t\t\t\t<\/div>\n\t\t<div class=\"elementor-element elementor-element-621a12f e-flex e-con-boxed e-con e-parent\" data-id=\"621a12f\" data-element_type=\"container\" data-e-type=\"container\">\n\t\t\t\t\t<div class=\"e-con-inner\">\n\t\t\t\t\t<\/div>\n\t\t\t\t<\/div>\n\t\t\t\t<\/div>\n\t\t","protected":false},"excerpt":{"rendered":"<p>Vacaciones de Setiembre Las Vacaciones de Setiembre\u00a0son el momento perfecto para hacer una\u00a0pausa a la rutina\u00a0y vivir unas\u00a0vacaciones inolvidables en [&hellip;]<\/p>\n","protected":false},"author":3,"featured_media":0,"parent":0,"menu_order":0,"comment_status":"closed","ping_status":"closed","template":"","meta":{"_acf_changed":false,"nf_dc_page":"","_monsterinsights_skip_tracking":false,"_monsterinsights_sitenote_active":false,"_monsterinsights_sitenote_note":"","_monsterinsights_sitenote_category":0,"site-sidebar-layout":"no-sidebar","site-content-layout":"","ast-site-content-layout":"full-width-container","site-content-style":"default","site-sidebar-style":"default","ast-global-header-display":"","ast-banner-title-visibility":"","ast-main-header-display":"","ast-hfb-above-header-display":"","ast-hfb-below-header-display":"","ast-hfb-mobile-header-display":"","site-post-title":"disabled","ast-breadcrumbs-content":"","ast-featured-img":"disabled","footer-sml-layout":"","ast-disable-related-posts":"","theme-transparent-header-meta":"","adv-header-id-meta":"","stick-header-meta":"","header-above-stick-meta":"","header-main-stick-meta":"","header-below-stick-meta":"","astra-migrate-meta-layouts":"default","ast-page-background-enabled":"default","ast-page-background-meta":{"desktop":{"background-color":"var(--ast-global-color-4)","background-image":"","background-repeat":"repeat","background-position":"center center","background-size":"auto","background-attachment":"scroll","background-type":"","background-media":"","overlay-type":"","overlay-color":"","overlay-opacity":"","overlay-gradient":""},"tablet":{"background-color":"","background-image":"","background-repeat":"repeat","background-position":"center center","background-size":"auto","background-attachment":"scroll","background-type":"","background-media":"","overlay-type":"","overlay-color":"","overlay-opacity":"","overlay-gradient":""},"mobile":{"background-color":"","background-image":"","background-repeat":"repeat","background-position":"center center","background-size":"auto","background-attachment":"scroll","background-type":"","background-media":"","overlay-type":"","overlay-color":"","overlay-opacity":"","overlay-gradient":""}},"ast-content-background-meta":{"desktop":{"background-color":"var(--ast-global-color-5)","background-image":"","background-repeat":"repeat","background-position":"center center","background-size":"auto","background-attachment":"scroll","background-type":"","background-media":"","overlay-type":"","overlay-color":"","overlay-opacity":"","overlay-gradient":""},"tablet":{"background-color":"var(--ast-global-color-5)","background-image":"","background-repeat":"repeat","background-position":"center center","background-size":"auto","background-attachment":"scroll","background-type":"","background-media":"","overlay-type":"","overlay-color":"","overlay-opacity":"","overlay-gradient":""},"mobile":{"background-color":"var(--ast-global-color-5)","background-image":"","background-repeat":"repeat","background-position":"center center","background-size":"auto","background-attachment":"scroll","background-type":"","background-media":"","overlay-type":"","overlay-color":"","overlay-opacity":"","overlay-gradient":""}},"footnotes":""},"class_list":["post-2986","page","type-page","status-publish","hentry"],"acf":[],"rttpg_featured_image_url":null,"rttpg_author":{"display_name":"Maite Beer","author_link":"https:\/\/jetmar.com.uy\/portal-viajes\/author\/maite-beer\/"},"rttpg_comment":0,"rttpg_category":"","rttpg_excerpt":"Vacaciones de Setiembre Las Vacaciones de Setiembre\u00a0son el momento perfecto para hacer una\u00a0pausa a la rutina\u00a0y vivir unas\u00a0vacaciones inolvidables en [&hellip;]","_links":{"self":[{"href":"https:\/\/jetmar.com.uy\/portal-viajes\/wp-json\/wp\/v2\/pages\/2986","targetHints":{"allow":["GET"]}}],"collection":[{"href":"https:\/\/jetmar.com.uy\/portal-viajes\/wp-json\/wp\/v2\/pages"}],"about":[{"href":"https:\/\/jetmar.com.uy\/portal-viajes\/wp-json\/wp\/v2\/types\/page"}],"author":[{"embeddable":true,"href":"https:\/\/jetmar.com.uy\/portal-viajes\/wp-json\/wp\/v2\/users\/3"}],"replies":[{"embeddable":true,"href":"https:\/\/jetmar.com.uy\/portal-viajes\/wp-json\/wp\/v2\/comments?post=2986"}],"version-history":[{"count":5,"href":"https:\/\/jetmar.com.uy\/portal-viajes\/wp-json\/wp\/v2\/pages\/2986\/revisions"}],"predecessor-version":[{"id":7607,"href":"https:\/\/jetmar.com.uy\/portal-viajes\/wp-json\/wp\/v2\/pages\/2986\/revisions\/7607"}],"wp:attachment":[{"href":"https:\/\/jetmar.com.uy\/portal-viajes\/wp-json\/wp\/v2\/media?parent=2986"}],"curies":[{"name":"wp","href":"https:\/\/api.w.org\/{rel}","templated":true}]}}