{"id":490,"date":"2024-04-03T21:34:35","date_gmt":"2024-04-04T00:34:35","guid":{"rendered":"https:\/\/jetmar.com.uy\/portal-viajes\/?page_id=490"},"modified":"2025-05-06T12:53:30","modified_gmt":"2025-05-06T15:53:30","slug":"asia","status":"publish","type":"page","link":"https:\/\/jetmar.com.uy\/portal-viajes\/asia\/","title":{"rendered":"Asia"},"content":{"rendered":"\t\t<div data-elementor-type=\"wp-page\" data-elementor-id=\"490\" class=\"elementor elementor-490\" data-elementor-post-type=\"page\">\n\t\t\t\t<div class=\"elementor-element elementor-element-4a0c19c e-flex e-con-boxed e-con e-parent\" data-id=\"4a0c19c\" data-element_type=\"container\" data-e-type=\"container\">\n\t\t\t\t\t<div class=\"e-con-inner\">\n\t\t\t\t<div class=\"elementor-element elementor-element-350f86d elementor-widget elementor-widget-heading\" data-id=\"350f86d\" data-element_type=\"widget\" data-e-type=\"widget\" data-widget_type=\"heading.default\">\n\t\t\t\t<div class=\"elementor-widget-container\">\n\t\t\t\t\t<h2 class=\"elementor-heading-title elementor-size-default\">Asia<\/h2>\t\t\t\t<\/div>\n\t\t\t\t<\/div>\n\t\t\t\t<div class=\"elementor-element elementor-element-99c0047 elementor-widget elementor-widget-text-editor\" data-id=\"99c0047\" data-element_type=\"widget\" data-e-type=\"widget\" data-widget_type=\"text-editor.default\">\n\t\t\t\t<div class=\"elementor-widget-container\">\n\t\t\t\t\t\t\t\t\t<p>Viaj\u00e1 al <b>continente<\/b> m\u00e1s grande del mundo y descubr\u00ed todo lo que existe en\u00a0<b>Asia<\/b>: desde las altas monta\u00f1as del <b>Himalaya<\/b>, hasta las densas <b>selvas<\/b> del <b>sudeste asi\u00e1tico<\/b>, pasando por capitales como <b>Mosc\u00fa<\/b>, <b>Tokio<\/b>\u00a0y\u00a0<b>Bangkok<\/b> o islas paradis\u00edacas del <b>Oc\u00e9ano \u00cdndico<\/b>.<\/p>\t\t\t\t\t\t\t\t<\/div>\n\t\t\t\t<\/div>\n\t\t\t\t<div class=\"elementor-element elementor-element-203b0c9 elementor-widget elementor-widget-button\" data-id=\"203b0c9\" data-element_type=\"widget\" data-e-type=\"widget\" data-widget_type=\"button.default\">\n\t\t\t\t<div class=\"elementor-widget-container\">\n\t\t\t\t\t\t\t\t\t<div class=\"elementor-button-wrapper\">\n\t\t\t\t\t<a class=\"elementor-button elementor-button-link elementor-size-sm\" href=\"https:\/\/jetmar.com.uy\/paquetes\/shop?location=asia\">\n\t\t\t\t\t\t<span class=\"elementor-button-content-wrapper\">\n\t\t\t\t\t\t\t\t\t<span class=\"elementor-button-text\">Ver paquetes<\/span>\n\t\t\t\t\t<\/span>\n\t\t\t\t\t<\/a>\n\t\t\t\t<\/div>\n\t\t\t\t\t\t\t\t<\/div>\n\t\t\t\t<\/div>\n\t\t\t\t<div class=\"elementor-element elementor-element-ecdf7ae elementor-grid-3 elementor-grid-tablet-2 elementor-grid-mobile-1 elementor-posts--thumbnail-top elementor-card-shadow-yes elementor-posts__hover-gradient elementor-widget elementor-widget-posts\" data-id=\"ecdf7ae\" data-element_type=\"widget\" data-e-type=\"widget\" data-settings=\"{&quot;cards_row_gap&quot;:{&quot;unit&quot;:&quot;px&quot;,&quot;size&quot;:50,&quot;sizes&quot;:[]},&quot;pagination_type&quot;:&quot;numbers&quot;,&quot;cards_columns&quot;:&quot;3&quot;,&quot;cards_columns_tablet&quot;:&quot;2&quot;,&quot;cards_columns_mobile&quot;:&quot;1&quot;,&quot;cards_row_gap_tablet&quot;:{&quot;unit&quot;:&quot;px&quot;,&quot;size&quot;:&quot;&quot;,&quot;sizes&quot;:[]},&quot;cards_row_gap_mobile&quot;:{&quot;unit&quot;:&quot;px&quot;,&quot;size&quot;:&quot;&quot;,&quot;sizes&quot;:[]}}\" data-widget_type=\"posts.cards\">\n\t\t\t\t<div class=\"elementor-widget-container\">\n\t\t\t\t\t\t\t<div class=\"elementor-posts-container elementor-posts elementor-posts--skin-cards elementor-grid\" role=\"list\">\n\t\t\t\t<article class=\"elementor-post elementor-grid-item post-6378 post type-post status-publish format-standard has-post-thumbnail hentry category-asia tag-viajes-tematicos\" role=\"listitem\">\n\t\t\t<div class=\"elementor-post__card\">\n\t\t\t\t<a class=\"elementor-post__thumbnail__link\" href=\"https:\/\/jetmar.com.uy\/portal-viajes\/emiratos-arabes-unidos\/\" tabindex=\"-1\" ><div class=\"elementor-post__thumbnail\"><img fetchpriority=\"high\" decoding=\"async\" width=\"1200\" height=\"800\" src=\"https:\/\/jetmar.com.uy\/portal-viajes\/wp-content\/uploads\/2025\/02\/museo-del-futuro.jpg\" class=\"attachment-full size-full wp-image-6379\" alt=\"\" srcset=\"https:\/\/jetmar.com.uy\/portal-viajes\/wp-content\/uploads\/2025\/02\/museo-del-futuro.jpg 1200w, https:\/\/jetmar.com.uy\/portal-viajes\/wp-content\/uploads\/2025\/02\/museo-del-futuro-300x200.jpg 300w, https:\/\/jetmar.com.uy\/portal-viajes\/wp-content\/uploads\/2025\/02\/museo-del-futuro-1024x683.jpg 1024w, https:\/\/jetmar.com.uy\/portal-viajes\/wp-content\/uploads\/2025\/02\/museo-del-futuro-768x512.jpg 768w\" sizes=\"(max-width: 1200px) 100vw, 1200px\" \/><\/div><\/a>\n\t\t\t\t<div class=\"elementor-post__text\">\n\t\t\t\t<h1 class=\"elementor-post__title\">\n\t\t\t<a href=\"https:\/\/jetmar.com.uy\/portal-viajes\/emiratos-arabes-unidos\/\" >\n\t\t\t\tLo imperdible de los Emiratos \u00c1rabes Unidos: Dub\u00e1i, Abu Dhabi y Al Ain\t\t\t<\/a>\n\t\t<\/h1>\n\t\t\t\t<div class=\"elementor-post__excerpt\">\n\t\t\t<p>Si quer\u00e9s viajar a ciudades del futuro, conocer el desierto y adentrarte en la cultura ar\u00e1bica milenaria, entonces los Emiratos \u00c1rabes Unidos te esperan. Con sus miles de innovaciones tecnol\u00f3gicas y  arquitect\u00f3nicas, Dub\u00e1i y Abu Dhabi te sorprenden a cada paso que das, mientras que Al Ain mantiene las tradiciones del mundo \u00e1rabe con sus oasis, mezquitas y mercados de camellos<\/p>\n\t\t<\/div>\n\t\t\n\t\t<a class=\"elementor-post__read-more\" href=\"https:\/\/jetmar.com.uy\/portal-viajes\/emiratos-arabes-unidos\/\" aria-label=\"Read more about Lo imperdible de los Emiratos \u00c1rabes Unidos: Dub\u00e1i, Abu Dhabi y Al Ain\" tabindex=\"-1\" >\n\t\t\tLeer m\u00e1s\t\t<\/a>\n\n\t\t\t\t<\/div>\n\t\t\t\t\t<\/div>\n\t\t<\/article>\n\t\t\t\t<article class=\"elementor-post elementor-grid-item post-6338 post type-post status-publish format-standard has-post-thumbnail hentry category-asia tag-viajes-tematicos\" role=\"listitem\">\n\t\t\t<div class=\"elementor-post__card\">\n\t\t\t\t<a class=\"elementor-post__thumbnail__link\" href=\"https:\/\/jetmar.com.uy\/portal-viajes\/guia-japon\/\" tabindex=\"-1\" ><div class=\"elementor-post__thumbnail\"><img decoding=\"async\" width=\"1200\" height=\"801\" src=\"https:\/\/jetmar.com.uy\/portal-viajes\/wp-content\/uploads\/2025\/02\/monte-fuji.jpg\" class=\"attachment-full size-full wp-image-6339\" alt=\"Vista panor\u00e1mica al Monte Fuji en Jap\u00f3n\" srcset=\"https:\/\/jetmar.com.uy\/portal-viajes\/wp-content\/uploads\/2025\/02\/monte-fuji.jpg 1200w, https:\/\/jetmar.com.uy\/portal-viajes\/wp-content\/uploads\/2025\/02\/monte-fuji-300x200.jpg 300w, https:\/\/jetmar.com.uy\/portal-viajes\/wp-content\/uploads\/2025\/02\/monte-fuji-1024x684.jpg 1024w, https:\/\/jetmar.com.uy\/portal-viajes\/wp-content\/uploads\/2025\/02\/monte-fuji-768x513.jpg 768w\" sizes=\"(max-width: 1200px) 100vw, 1200px\" \/><\/div><\/a>\n\t\t\t\t<div class=\"elementor-post__text\">\n\t\t\t\t<h1 class=\"elementor-post__title\">\n\t\t\t<a href=\"https:\/\/jetmar.com.uy\/portal-viajes\/guia-japon\/\" >\n\t\t\t\tQu\u00e9 visitar en Jap\u00f3n: mega ciudades, pueblos milenarios y el imponente Monte Fuji\t\t\t<\/a>\n\t\t<\/h1>\n\t\t\t\t<div class=\"elementor-post__excerpt\">\n\t\t\t<p>Tokio, Osaka, Kioto, Hiroshima, el Parque Nacional Fuji-Hakone-Izu y los pueblos tradicionales de los alpes japoneses. Estos son los destinos imperdibles si viaj\u00e1s a Jap\u00f3n, un destino fascinante que combina ciudades futuristas, tradiciones milenarias y paisaje naturales que no se ven en otras partes del mundo<\/p>\n\t\t<\/div>\n\t\t\n\t\t<a class=\"elementor-post__read-more\" href=\"https:\/\/jetmar.com.uy\/portal-viajes\/guia-japon\/\" aria-label=\"Read more about Qu\u00e9 visitar en Jap\u00f3n: mega ciudades, pueblos milenarios y el imponente Monte Fuji\" tabindex=\"-1\" >\n\t\t\tLeer m\u00e1s\t\t<\/a>\n\n\t\t\t\t<\/div>\n\t\t\t\t\t<\/div>\n\t\t<\/article>\n\t\t\t\t<article class=\"elementor-post elementor-grid-item post-463 post type-post status-publish format-standard has-post-thumbnail hentry category-europa category-asia\" role=\"listitem\">\n\t\t\t<div class=\"elementor-post__card\">\n\t\t\t\t<a class=\"elementor-post__thumbnail__link\" href=\"https:\/\/jetmar.com.uy\/portal-viajes\/seis-caras-turquia\/\" tabindex=\"-1\" ><div class=\"elementor-post__thumbnail\"><img decoding=\"async\" width=\"2560\" height=\"1604\" src=\"https:\/\/jetmar.com.uy\/portal-viajes\/wp-content\/uploads\/2024\/04\/hot-air-balloons-over-cappadocia-turkey-2023-11-27-05-06-33-utc-scaled.jpeg\" class=\"attachment-full size-full wp-image-464\" alt=\"\" srcset=\"https:\/\/jetmar.com.uy\/portal-viajes\/wp-content\/uploads\/2024\/04\/hot-air-balloons-over-cappadocia-turkey-2023-11-27-05-06-33-utc-scaled.jpeg 2560w, https:\/\/jetmar.com.uy\/portal-viajes\/wp-content\/uploads\/2024\/04\/hot-air-balloons-over-cappadocia-turkey-2023-11-27-05-06-33-utc-300x188.jpeg 300w, https:\/\/jetmar.com.uy\/portal-viajes\/wp-content\/uploads\/2024\/04\/hot-air-balloons-over-cappadocia-turkey-2023-11-27-05-06-33-utc-1024x642.jpeg 1024w, https:\/\/jetmar.com.uy\/portal-viajes\/wp-content\/uploads\/2024\/04\/hot-air-balloons-over-cappadocia-turkey-2023-11-27-05-06-33-utc-768x481.jpeg 768w, https:\/\/jetmar.com.uy\/portal-viajes\/wp-content\/uploads\/2024\/04\/hot-air-balloons-over-cappadocia-turkey-2023-11-27-05-06-33-utc-1536x962.jpeg 1536w, https:\/\/jetmar.com.uy\/portal-viajes\/wp-content\/uploads\/2024\/04\/hot-air-balloons-over-cappadocia-turkey-2023-11-27-05-06-33-utc-2048x1283.jpeg 2048w\" sizes=\"(max-width: 2560px) 100vw, 2560px\" \/><\/div><\/a>\n\t\t\t\t<div class=\"elementor-post__text\">\n\t\t\t\t<h1 class=\"elementor-post__title\">\n\t\t\t<a href=\"https:\/\/jetmar.com.uy\/portal-viajes\/seis-caras-turquia\/\" >\n\t\t\t\tSeis caras de Turqu\u00eda: el pa\u00eds donde converge oriente y occidente\u00a0\t\t\t<\/a>\n\t\t<\/h1>\n\t\t\t\t<div class=\"elementor-post__excerpt\">\n\t\t\t<p>Conoc\u00e9 Turqu\u00eda, uno de los pa\u00edses m\u00e1s importantes de la historia de la humanidad y con una capital como Estambul, epicentro del Imperio Otomano durante siete siglos. Y no solo eso, disfrut\u00e1 de paisajes naturales impresionantes como Capadocia o la costa turquesa<\/p>\n\t\t<\/div>\n\t\t\n\t\t<a class=\"elementor-post__read-more\" href=\"https:\/\/jetmar.com.uy\/portal-viajes\/seis-caras-turquia\/\" aria-label=\"Read more about Seis caras de Turqu\u00eda: el pa\u00eds donde converge oriente y occidente\u00a0\" tabindex=\"-1\" >\n\t\t\tLeer m\u00e1s\t\t<\/a>\n\n\t\t\t\t<\/div>\n\t\t\t\t\t<\/div>\n\t\t<\/article>\n\t\t\t\t<article class=\"elementor-post elementor-grid-item post-254 post type-post status-publish format-standard has-post-thumbnail hentry category-asia tag-aventura\" role=\"listitem\">\n\t\t\t<div class=\"elementor-post__card\">\n\t\t\t\t<a class=\"elementor-post__thumbnail__link\" href=\"https:\/\/jetmar.com.uy\/portal-viajes\/sudeste-asiatico-lugar-sonado\/\" tabindex=\"-1\" ><div class=\"elementor-post__thumbnail\"><img loading=\"lazy\" decoding=\"async\" width=\"2321\" height=\"1706\" src=\"https:\/\/jetmar.com.uy\/portal-viajes\/wp-content\/uploads\/2024\/03\/Botes-Tailandia-scaled-e1719236193798.jpeg\" class=\"attachment-full size-full wp-image-210\" alt=\"\" srcset=\"https:\/\/jetmar.com.uy\/portal-viajes\/wp-content\/uploads\/2024\/03\/Botes-Tailandia-scaled-e1719236193798.jpeg 2321w, https:\/\/jetmar.com.uy\/portal-viajes\/wp-content\/uploads\/2024\/03\/Botes-Tailandia-scaled-e1719236193798-300x221.jpeg 300w, https:\/\/jetmar.com.uy\/portal-viajes\/wp-content\/uploads\/2024\/03\/Botes-Tailandia-scaled-e1719236193798-1024x753.jpeg 1024w, https:\/\/jetmar.com.uy\/portal-viajes\/wp-content\/uploads\/2024\/03\/Botes-Tailandia-scaled-e1719236193798-768x565.jpeg 768w, https:\/\/jetmar.com.uy\/portal-viajes\/wp-content\/uploads\/2024\/03\/Botes-Tailandia-scaled-e1719236193798-1536x1129.jpeg 1536w, https:\/\/jetmar.com.uy\/portal-viajes\/wp-content\/uploads\/2024\/03\/Botes-Tailandia-scaled-e1719236193798-2048x1505.jpeg 2048w\" sizes=\"(max-width: 2321px) 100vw, 2321px\" \/><\/div><\/a>\n\t\t\t\t<div class=\"elementor-post__text\">\n\t\t\t\t<h1 class=\"elementor-post__title\">\n\t\t\t<a href=\"https:\/\/jetmar.com.uy\/portal-viajes\/sudeste-asiatico-lugar-sonado\/\" >\n\t\t\t\tUn viaje por el sudeste asi\u00e1tico: las seis mejores islas de Tailandia\t\t\t<\/a>\n\t\t<\/h1>\n\t\t\t\t<div class=\"elementor-post__excerpt\">\n\t\t\t<p>Descubr\u00ed el para\u00edso del sudeste asi\u00e1tico junto a Jetmar: ciudades ancestrales, playas de ensue\u00f1o y maravillas naturales. Empecemos por Tailandia, donde est\u00e1n las mejores islas del mundo y en este art\u00edculo te ayudamos a decidir cu\u00e1l de todas es compatible con tus gustos<\/p>\n\t\t<\/div>\n\t\t\n\t\t<a class=\"elementor-post__read-more\" href=\"https:\/\/jetmar.com.uy\/portal-viajes\/sudeste-asiatico-lugar-sonado\/\" aria-label=\"Read more about Un viaje por el sudeste asi\u00e1tico: las seis mejores islas de Tailandia\" tabindex=\"-1\" >\n\t\t\tLeer m\u00e1s\t\t<\/a>\n\n\t\t\t\t<\/div>\n\t\t\t\t\t<\/div>\n\t\t<\/article>\n\t\t\t\t<article class=\"elementor-post elementor-grid-item post-152 post type-post status-publish format-standard has-post-thumbnail hentry category-asia tag-aventura\" role=\"listitem\">\n\t\t\t<div class=\"elementor-post__card\">\n\t\t\t\t<a class=\"elementor-post__thumbnail__link\" href=\"https:\/\/jetmar.com.uy\/portal-viajes\/vietnam-ocho-sitios-imperdibles\/\" tabindex=\"-1\" ><div class=\"elementor-post__thumbnail\"><img loading=\"lazy\" decoding=\"async\" width=\"2414\" height=\"1706\" src=\"https:\/\/jetmar.com.uy\/portal-viajes\/wp-content\/uploads\/2024\/03\/Mercado-flotante-scaled-e1717610213979.jpeg\" class=\"attachment-full size-full wp-image-224\" alt=\"\" srcset=\"https:\/\/jetmar.com.uy\/portal-viajes\/wp-content\/uploads\/2024\/03\/Mercado-flotante-scaled-e1717610213979.jpeg 2414w, https:\/\/jetmar.com.uy\/portal-viajes\/wp-content\/uploads\/2024\/03\/Mercado-flotante-scaled-e1717610213979-300x212.jpeg 300w, https:\/\/jetmar.com.uy\/portal-viajes\/wp-content\/uploads\/2024\/03\/Mercado-flotante-scaled-e1717610213979-1024x724.jpeg 1024w, https:\/\/jetmar.com.uy\/portal-viajes\/wp-content\/uploads\/2024\/03\/Mercado-flotante-scaled-e1717610213979-768x543.jpeg 768w, https:\/\/jetmar.com.uy\/portal-viajes\/wp-content\/uploads\/2024\/03\/Mercado-flotante-scaled-e1717610213979-1536x1086.jpeg 1536w, https:\/\/jetmar.com.uy\/portal-viajes\/wp-content\/uploads\/2024\/03\/Mercado-flotante-scaled-e1717610213979-2048x1447.jpeg 2048w\" sizes=\"(max-width: 2414px) 100vw, 2414px\" \/><\/div><\/a>\n\t\t\t\t<div class=\"elementor-post__text\">\n\t\t\t\t<h1 class=\"elementor-post__title\">\n\t\t\t<a href=\"https:\/\/jetmar.com.uy\/portal-viajes\/vietnam-ocho-sitios-imperdibles\/\" >\n\t\t\t\tVietnam: ocho sitios imperdibles para visitar en esta tierra de infinitas posibilidades\t\t\t<\/a>\n\t\t<\/h1>\n\t\t\t\t<div class=\"elementor-post__excerpt\">\n\t\t\t<p>Este pa\u00eds de sudeste asi\u00e1tico tiene mucho para ofrecer con su naturaleza \u00fanica y sus ciudades pintorescas. En tu viaje por Vietnam vas a poder tomar un crucero por la bah\u00eda de Ha Long, visitar las terrazas de arroz en Sapa, hacer un tour gastron\u00f3mico por Hanoi y mucho m\u00e1s. <\/p>\n\t\t<\/div>\n\t\t\n\t\t<a class=\"elementor-post__read-more\" href=\"https:\/\/jetmar.com.uy\/portal-viajes\/vietnam-ocho-sitios-imperdibles\/\" aria-label=\"Read more about Vietnam: ocho sitios imperdibles para visitar en esta tierra de infinitas posibilidades\" tabindex=\"-1\" >\n\t\t\tLeer m\u00e1s\t\t<\/a>\n\n\t\t\t\t<\/div>\n\t\t\t\t\t<\/div>\n\t\t<\/article>\n\t\t\t\t<article class=\"elementor-post elementor-grid-item post-1 post type-post status-publish format-standard has-post-thumbnail hentry category-asia tag-aventura\" role=\"listitem\">\n\t\t\t<div class=\"elementor-post__card\">\n\t\t\t\t<a class=\"elementor-post__thumbnail__link\" href=\"https:\/\/jetmar.com.uy\/portal-viajes\/sudeste-asiatico-camboya-angkor\/\" tabindex=\"-1\" ><div class=\"elementor-post__thumbnail\"><img loading=\"lazy\" decoding=\"async\" width=\"1200\" height=\"800\" src=\"https:\/\/jetmar.com.uy\/portal-viajes\/wp-content\/uploads\/2024\/03\/Camboya-principal-2.jpeg\" class=\"attachment-full size-full wp-image-4715\" alt=\"Vista panor\u00e1mica de Angkor Wat en Siem Reap, Camboya\" srcset=\"https:\/\/jetmar.com.uy\/portal-viajes\/wp-content\/uploads\/2024\/03\/Camboya-principal-2.jpeg 1200w, https:\/\/jetmar.com.uy\/portal-viajes\/wp-content\/uploads\/2024\/03\/Camboya-principal-2-300x200.jpeg 300w, https:\/\/jetmar.com.uy\/portal-viajes\/wp-content\/uploads\/2024\/03\/Camboya-principal-2-1024x683.jpeg 1024w, https:\/\/jetmar.com.uy\/portal-viajes\/wp-content\/uploads\/2024\/03\/Camboya-principal-2-768x512.jpeg 768w\" sizes=\"(max-width: 1200px) 100vw, 1200px\" \/><\/div><\/a>\n\t\t\t\t<div class=\"elementor-post__text\">\n\t\t\t\t<h1 class=\"elementor-post__title\">\n\t\t\t<a href=\"https:\/\/jetmar.com.uy\/portal-viajes\/sudeste-asiatico-camboya-angkor\/\" >\n\t\t\t\tCamboya: un viaje surrealista por Angkor, la joya arqueol\u00f3gica del sudeste asi\u00e1tico\t\t\t<\/a>\n\t\t<\/h1>\n\t\t\t\t<div class=\"elementor-post__excerpt\">\n\t\t\t<p>Si viaj\u00e1s al sudeste asi\u00e1tico y sos un fan\u00e1tico de la historia, ten\u00e9s que visitar el parque arqueol\u00f3gico Angkor, declarado Patrimonio de la Humanidad. Se trata de un complejo de templos y estructuras antiguas de religi\u00f3n hinduista que mezclan entre los \u00e1rboles y representan la mayor atracci\u00f3n tur\u00edstica de Camboya<\/p>\n\t\t<\/div>\n\t\t\n\t\t<a class=\"elementor-post__read-more\" href=\"https:\/\/jetmar.com.uy\/portal-viajes\/sudeste-asiatico-camboya-angkor\/\" aria-label=\"Read more about Camboya: un viaje surrealista por Angkor, la joya arqueol\u00f3gica del sudeste asi\u00e1tico\" tabindex=\"-1\" >\n\t\t\tLeer m\u00e1s\t\t<\/a>\n\n\t\t\t\t<\/div>\n\t\t\t\t\t<\/div>\n\t\t<\/article>\n\t\t\t\t<\/div>\n\t\t\n\t\t\t\t\t\t<\/div>\n\t\t\t\t<\/div>\n\t\t\t\t<div class=\"elementor-element elementor-element-37ff28c elementor-widget elementor-widget-button\" data-id=\"37ff28c\" data-element_type=\"widget\" data-e-type=\"widget\" data-widget_type=\"button.default\">\n\t\t\t\t<div class=\"elementor-widget-container\">\n\t\t\t\t\t\t\t\t\t<div class=\"elementor-button-wrapper\">\n\t\t\t\t\t<a class=\"elementor-button elementor-button-link elementor-size-sm\" href=\"http:\/\/www.jetmar.com.uy\/portal-viajes\">\n\t\t\t\t\t\t<span class=\"elementor-button-content-wrapper\">\n\t\t\t\t\t\t<span class=\"elementor-button-icon\">\n\t\t\t\t<svg aria-hidden=\"true\" class=\"e-font-icon-svg e-far-arrow-alt-circle-left\" viewBox=\"0 0 512 512\" xmlns=\"http:\/\/www.w3.org\/2000\/svg\"><path d=\"M8 256c0 137 111 248 248 248s248-111 248-248S393 8 256 8 8 119 8 256zm448 0c0 110.5-89.5 200-200 200S56 366.5 56 256 145.5 56 256 56s200 89.5 200 200zm-72-20v40c0 6.6-5.4 12-12 12H256v67c0 10.7-12.9 16-20.5 8.5l-99-99c-4.7-4.7-4.7-12.3 0-17l99-99c7.6-7.6 20.5-2.2 20.5 8.5v67h116c6.6 0 12 5.4 12 12z\"><\/path><\/svg>\t\t\t<\/span>\n\t\t\t\t\t\t\t\t\t<span class=\"elementor-button-text\">Volver al home<\/span>\n\t\t\t\t\t<\/span>\n\t\t\t\t\t<\/a>\n\t\t\t\t<\/div>\n\t\t\t\t\t\t\t\t<\/div>\n\t\t\t\t<\/div>\n\t\t\t\t\t<\/div>\n\t\t\t\t<\/div>\n\t\t<div class=\"elementor-element elementor-element-dcdcd20 e-flex e-con-boxed e-con e-parent\" data-id=\"dcdcd20\" data-element_type=\"container\" data-e-type=\"container\">\n\t\t\t\t\t<div class=\"e-con-inner\">\n\t\t<div class=\"elementor-element elementor-element-2da2dee e-con-full e-flex e-con e-child\" data-id=\"2da2dee\" data-element_type=\"container\" data-e-type=\"container\">\n\t\t<div class=\"elementor-element elementor-element-aee82e0 e-grid e-con-full e-con e-child\" data-id=\"aee82e0\" data-element_type=\"container\" data-e-type=\"container\" data-settings=\"{&quot;background_background&quot;:&quot;classic&quot;}\">\n\t\t\t\t<div class=\"elementor-element elementor-element-cfa1ea9 elementor-widget elementor-widget-heading\" data-id=\"cfa1ea9\" data-element_type=\"widget\" data-e-type=\"widget\" data-widget_type=\"heading.default\">\n\t\t\t\t<div class=\"elementor-widget-container\">\n\t\t\t\t\t<h2 class=\"elementor-heading-title elementor-size-default\">No dudes m\u00e1s, hac\u00e9 ese <b>VIAJE QUE TANTO SO\u00d1ASTE<\/b><\/h2>\t\t\t\t<\/div>\n\t\t\t\t<\/div>\n\t\t\t\t<div class=\"elementor-element elementor-element-9bcc6ff elementor-align-justify elementor-widget elementor-widget-button\" data-id=\"9bcc6ff\" data-element_type=\"widget\" data-e-type=\"widget\" data-widget_type=\"button.default\">\n\t\t\t\t<div class=\"elementor-widget-container\">\n\t\t\t\t\t\t\t\t\t<div class=\"elementor-button-wrapper\">\n\t\t\t\t\t<a class=\"elementor-button elementor-button-link elementor-size-sm\" href=\"https:\/\/jetmar.com.uy\/portal-viajes\/cotiza-tu-viaje\/\">\n\t\t\t\t\t\t<span class=\"elementor-button-content-wrapper\">\n\t\t\t\t\t\t\t\t\t<span class=\"elementor-button-text\">\u00a1Cotiz\u00e1 tu viaje!<\/span>\n\t\t\t\t\t<\/span>\n\t\t\t\t\t<\/a>\n\t\t\t\t<\/div>\n\t\t\t\t\t\t\t\t<\/div>\n\t\t\t\t<\/div>\n\t\t\t\t<\/div>\n\t\t\t\t<\/div>\n\t\t\t\t\t<\/div>\n\t\t\t\t<\/div>\n\t\t<div class=\"elementor-element elementor-element-8e917db e-flex e-con-boxed e-con e-parent\" data-id=\"8e917db\" data-element_type=\"container\" data-e-type=\"container\">\n\t\t\t\t\t<div class=\"e-con-inner\">\n\t\t\t\t<div class=\"elementor-element elementor-element-16cb002 elementor-position-right elementor-vertical-align-top elementor-widget elementor-widget-image-box\" data-id=\"16cb002\" data-element_type=\"widget\" data-e-type=\"widget\" data-settings=\"{&quot;sticky&quot;:&quot;bottom&quot;,&quot;sticky_on&quot;:[&quot;desktop&quot;,&quot;tablet&quot;,&quot;mobile&quot;],&quot;sticky_offset&quot;:0,&quot;sticky_effects_offset&quot;:0,&quot;sticky_anchor_link_offset&quot;:0}\" data-widget_type=\"image-box.default\">\n\t\t\t\t<div class=\"elementor-widget-container\">\n\t\t\t\t\t<div class=\"elementor-image-box-wrapper\"><figure class=\"elementor-image-box-img\"><a href=\"https:\/\/wa.link\/9y5bud\" tabindex=\"-1\" target=\"_blank\" rel=\"noopener\"><img decoding=\"async\" src=\"https:\/\/jetmar.com.uy\/portal-viajes\/wp-content\/uploads\/elementor\/thumbs\/WhatsApp_icon-qnrwtjinxl46d2emw8990uzmrp2dpzxn9rf79fq5qq.png\" title=\"WhatsApp_icon\" alt=\"\u00edcono de WhatsApp\" loading=\"lazy\" \/><\/a><\/figure><\/div>\t\t\t\t<\/div>\n\t\t\t\t<\/div>\n\t\t\t\t\t<\/div>\n\t\t\t\t<\/div>\n\t\t\t\t<\/div>\n\t\t","protected":false},"excerpt":{"rendered":"<p>Asia Viaj\u00e1 al continente m\u00e1s grande del mundo y descubr\u00ed todo lo que existe en\u00a0Asia: desde las altas monta\u00f1as del [&hellip;]<\/p>\n","protected":false},"author":3,"featured_media":0,"parent":0,"menu_order":0,"comment_status":"closed","ping_status":"closed","template":"","meta":{"_acf_changed":false,"nf_dc_page":"","_monsterinsights_skip_tracking":false,"_monsterinsights_sitenote_active":false,"_monsterinsights_sitenote_note":"","_monsterinsights_sitenote_category":0,"site-sidebar-layout":"no-sidebar","site-content-layout":"","ast-site-content-layout":"full-width-container","site-content-style":"default","site-sidebar-style":"default","ast-global-header-display":"","ast-banner-title-visibility":"","ast-main-header-display":"","ast-hfb-above-header-display":"","ast-hfb-below-header-display":"","ast-hfb-mobile-header-display":"","site-post-title":"disabled","ast-breadcrumbs-content":"","ast-featured-img":"disabled","footer-sml-layout":"","ast-disable-related-posts":"","theme-transparent-header-meta":"","adv-header-id-meta":"","stick-header-meta":"","header-above-stick-meta":"","header-main-stick-meta":"","header-below-stick-meta":"","astra-migrate-meta-layouts":"default","ast-page-background-enabled":"default","ast-page-background-meta":{"desktop":{"background-color":"var(--ast-global-color-4)","background-image":"","background-repeat":"repeat","background-position":"center center","background-size":"auto","background-attachment":"scroll","background-type":"","background-media":"","overlay-type":"","overlay-color":"","overlay-opacity":"","overlay-gradient":""},"tablet":{"background-color":"","background-image":"","background-repeat":"repeat","background-position":"center center","background-size":"auto","background-attachment":"scroll","background-type":"","background-media":"","overlay-type":"","overlay-color":"","overlay-opacity":"","overlay-gradient":""},"mobile":{"background-color":"","background-image":"","background-repeat":"repeat","background-position":"center center","background-size":"auto","background-attachment":"scroll","background-type":"","background-media":"","overlay-type":"","overlay-color":"","overlay-opacity":"","overlay-gradient":""}},"ast-content-background-meta":{"desktop":{"background-color":"var(--ast-global-color-5)","background-image":"","background-repeat":"repeat","background-position":"center center","background-size":"auto","background-attachment":"scroll","background-type":"","background-media":"","overlay-type":"","overlay-color":"","overlay-opacity":"","overlay-gradient":""},"tablet":{"background-color":"var(--ast-global-color-5)","background-image":"","background-repeat":"repeat","background-position":"center center","background-size":"auto","background-attachment":"scroll","background-type":"","background-media":"","overlay-type":"","overlay-color":"","overlay-opacity":"","overlay-gradient":""},"mobile":{"background-color":"var(--ast-global-color-5)","background-image":"","background-repeat":"repeat","background-position":"center center","background-size":"auto","background-attachment":"scroll","background-type":"","background-media":"","overlay-type":"","overlay-color":"","overlay-opacity":"","overlay-gradient":""}},"footnotes":""},"class_list":["post-490","page","type-page","status-publish","hentry"],"acf":[],"rttpg_featured_image_url":null,"rttpg_author":{"display_name":"Maite Beer","author_link":"https:\/\/jetmar.com.uy\/portal-viajes\/author\/maite-beer\/"},"rttpg_comment":0,"rttpg_category":"","rttpg_excerpt":"Asia Viaj\u00e1 al continente m\u00e1s grande del mundo y descubr\u00ed todo lo que existe en\u00a0Asia: desde las altas monta\u00f1as del [&hellip;]","_links":{"self":[{"href":"https:\/\/jetmar.com.uy\/portal-viajes\/wp-json\/wp\/v2\/pages\/490","targetHints":{"allow":["GET"]}}],"collection":[{"href":"https:\/\/jetmar.com.uy\/portal-viajes\/wp-json\/wp\/v2\/pages"}],"about":[{"href":"https:\/\/jetmar.com.uy\/portal-viajes\/wp-json\/wp\/v2\/types\/page"}],"author":[{"embeddable":true,"href":"https:\/\/jetmar.com.uy\/portal-viajes\/wp-json\/wp\/v2\/users\/3"}],"replies":[{"embeddable":true,"href":"https:\/\/jetmar.com.uy\/portal-viajes\/wp-json\/wp\/v2\/comments?post=490"}],"version-history":[{"count":5,"href":"https:\/\/jetmar.com.uy\/portal-viajes\/wp-json\/wp\/v2\/pages\/490\/revisions"}],"predecessor-version":[{"id":7571,"href":"https:\/\/jetmar.com.uy\/portal-viajes\/wp-json\/wp\/v2\/pages\/490\/revisions\/7571"}],"wp:attachment":[{"href":"https:\/\/jetmar.com.uy\/portal-viajes\/wp-json\/wp\/v2\/media?parent=490"}],"curies":[{"name":"wp","href":"https:\/\/api.w.org\/{rel}","templated":true}]}}