{"id":662,"date":"2024-04-16T12:24:33","date_gmt":"2024-04-16T15:24:33","guid":{"rendered":"https:\/\/jetmar.com.uy\/portal-viajes\/?page_id=662"},"modified":"2025-05-06T12:52:15","modified_gmt":"2025-05-06T15:52:15","slug":"africa","status":"publish","type":"page","link":"https:\/\/jetmar.com.uy\/portal-viajes\/africa\/","title":{"rendered":"\u00c1frica"},"content":{"rendered":"\t\t<div data-elementor-type=\"wp-page\" data-elementor-id=\"662\" class=\"elementor elementor-662\" data-elementor-post-type=\"page\">\n\t\t\t\t<div class=\"elementor-element elementor-element-4a0c19c e-flex e-con-boxed e-con e-parent\" data-id=\"4a0c19c\" data-element_type=\"container\" data-e-type=\"container\">\n\t\t\t\t\t<div class=\"e-con-inner\">\n\t\t\t\t<div class=\"elementor-element elementor-element-350f86d elementor-widget elementor-widget-heading\" data-id=\"350f86d\" data-element_type=\"widget\" data-e-type=\"widget\" data-widget_type=\"heading.default\">\n\t\t\t\t<div class=\"elementor-widget-container\">\n\t\t\t\t\t<h2 class=\"elementor-heading-title elementor-size-default\">\u00c1frica<\/h2>\t\t\t\t<\/div>\n\t\t\t\t<\/div>\n\t\t\t\t<div class=\"elementor-element elementor-element-99c0047 elementor-widget elementor-widget-text-editor\" data-id=\"99c0047\" data-element_type=\"widget\" data-e-type=\"widget\" data-widget_type=\"text-editor.default\">\n\t\t\t\t<div class=\"elementor-widget-container\">\n\t\t\t\t\t\t\t\t\t<p>Desde las vastas llanuras del <b>Serengeti<\/b> en <b>Tanzania<\/b> hasta las incre\u00edbles cataratas Victoria en <b>Zambia<\/b> y <b>Zimbabue<\/b>, pasando por los <b>desiertos<\/b> del <b>S\u00e1hara<\/b> y el <b>Kalahari<\/b> y los safaris en <b>Sud\u00e1frica<\/b> y <b>Kenia<\/b>, \u00c1frica alberga algunos de los paisajes naturales m\u00e1s impresionantes del mundo. Pero adem\u00e1s tienen una diversidad cultural \u00fanica, con grupos \u00e9tnicos que se mantienen miles y miles de a\u00f1os con <b>tradiciones antiqu\u00edsimas<\/b>.\u00a0<\/p>\t\t\t\t\t\t\t\t<\/div>\n\t\t\t\t<\/div>\n\t\t\t\t<div class=\"elementor-element elementor-element-00bf2b1 elementor-widget elementor-widget-button\" data-id=\"00bf2b1\" data-element_type=\"widget\" data-e-type=\"widget\" data-widget_type=\"button.default\">\n\t\t\t\t<div class=\"elementor-widget-container\">\n\t\t\t\t\t\t\t\t\t<div class=\"elementor-button-wrapper\">\n\t\t\t\t\t<a class=\"elementor-button elementor-button-link elementor-size-sm\" href=\"https:\/\/jetmar.com.uy\/paquetes\/shop?location=africa\">\n\t\t\t\t\t\t<span class=\"elementor-button-content-wrapper\">\n\t\t\t\t\t\t\t\t\t<span class=\"elementor-button-text\">Ver paquetes<\/span>\n\t\t\t\t\t<\/span>\n\t\t\t\t\t<\/a>\n\t\t\t\t<\/div>\n\t\t\t\t\t\t\t\t<\/div>\n\t\t\t\t<\/div>\n\t\t\t\t<div class=\"elementor-element elementor-element-cf77be1 elementor-grid-3 elementor-grid-tablet-2 elementor-grid-mobile-1 elementor-posts--thumbnail-top elementor-card-shadow-yes elementor-posts__hover-gradient elementor-widget elementor-widget-posts\" data-id=\"cf77be1\" data-element_type=\"widget\" data-e-type=\"widget\" data-settings=\"{&quot;cards_row_gap&quot;:{&quot;unit&quot;:&quot;px&quot;,&quot;size&quot;:50,&quot;sizes&quot;:[]},&quot;pagination_type&quot;:&quot;numbers&quot;,&quot;cards_columns&quot;:&quot;3&quot;,&quot;cards_columns_tablet&quot;:&quot;2&quot;,&quot;cards_columns_mobile&quot;:&quot;1&quot;,&quot;cards_row_gap_tablet&quot;:{&quot;unit&quot;:&quot;px&quot;,&quot;size&quot;:&quot;&quot;,&quot;sizes&quot;:[]},&quot;cards_row_gap_mobile&quot;:{&quot;unit&quot;:&quot;px&quot;,&quot;size&quot;:&quot;&quot;,&quot;sizes&quot;:[]}}\" data-widget_type=\"posts.cards\">\n\t\t\t\t<div class=\"elementor-widget-container\">\n\t\t\t\t\t\t\t<div class=\"elementor-posts-container elementor-posts elementor-posts--skin-cards elementor-grid\" role=\"list\">\n\t\t\t\t<article class=\"elementor-post elementor-grid-item post-1280 post type-post status-publish format-standard has-post-thumbnail hentry category-africa\" role=\"listitem\">\n\t\t\t<div class=\"elementor-post__card\">\n\t\t\t\t<a class=\"elementor-post__thumbnail__link\" href=\"https:\/\/jetmar.com.uy\/portal-viajes\/marruecos-esplendor-africa\/\" tabindex=\"-1\" ><div class=\"elementor-post__thumbnail\"><img fetchpriority=\"high\" decoding=\"async\" width=\"2376\" height=\"1706\" src=\"https:\/\/jetmar.com.uy\/portal-viajes\/wp-content\/uploads\/2024\/04\/caravan-of-camels-at-sunset-sahara-desert-morocco-2023-11-27-04-52-02-utc-scaled-e1719236509336.jpeg\" class=\"attachment-full size-full wp-image-633\" alt=\"\" srcset=\"https:\/\/jetmar.com.uy\/portal-viajes\/wp-content\/uploads\/2024\/04\/caravan-of-camels-at-sunset-sahara-desert-morocco-2023-11-27-04-52-02-utc-scaled-e1719236509336.jpeg 2376w, https:\/\/jetmar.com.uy\/portal-viajes\/wp-content\/uploads\/2024\/04\/caravan-of-camels-at-sunset-sahara-desert-morocco-2023-11-27-04-52-02-utc-scaled-e1719236509336-300x215.jpeg 300w, https:\/\/jetmar.com.uy\/portal-viajes\/wp-content\/uploads\/2024\/04\/caravan-of-camels-at-sunset-sahara-desert-morocco-2023-11-27-04-52-02-utc-scaled-e1719236509336-1024x735.jpeg 1024w, https:\/\/jetmar.com.uy\/portal-viajes\/wp-content\/uploads\/2024\/04\/caravan-of-camels-at-sunset-sahara-desert-morocco-2023-11-27-04-52-02-utc-scaled-e1719236509336-768x551.jpeg 768w, https:\/\/jetmar.com.uy\/portal-viajes\/wp-content\/uploads\/2024\/04\/caravan-of-camels-at-sunset-sahara-desert-morocco-2023-11-27-04-52-02-utc-scaled-e1719236509336-1536x1103.jpeg 1536w, https:\/\/jetmar.com.uy\/portal-viajes\/wp-content\/uploads\/2024\/04\/caravan-of-camels-at-sunset-sahara-desert-morocco-2023-11-27-04-52-02-utc-scaled-e1719236509336-2048x1470.jpeg 2048w\" sizes=\"(max-width: 2376px) 100vw, 2376px\" \/><\/div><\/a>\n\t\t\t\t<div class=\"elementor-post__text\">\n\t\t\t\t<h1 class=\"elementor-post__title\">\n\t\t\t<a href=\"https:\/\/jetmar.com.uy\/portal-viajes\/marruecos-esplendor-africa\/\" >\n\t\t\t\tMarruecos: el esplendor de \u00c1frica a tan solo dos horas de Europa\t\t\t<\/a>\n\t\t<\/h1>\n\t\t\t\t<div class=\"elementor-post__excerpt\">\n\t\t\t<p>Amilcar Vi\u00f1as, hist\u00f3rico asesor de viajes de Jetmar que lidera los Grupos Acompa\u00f1ados, describe a Marruecos como un destino \u201cex\u00f3tico\u201d, con una gastronom\u00eda, edificaciones y paisajes alucinantes. En conversaci\u00f3n con el asesor te contamos por qu\u00e9 deber\u00edas poner a este pa\u00eds del norte de \u00c1frica en tu lista de pr\u00f3ximos destinos<\/p>\n\t\t<\/div>\n\t\t\n\t\t<a class=\"elementor-post__read-more\" href=\"https:\/\/jetmar.com.uy\/portal-viajes\/marruecos-esplendor-africa\/\" aria-label=\"Read more about Marruecos: el esplendor de \u00c1frica a tan solo dos horas de Europa\" tabindex=\"-1\" >\n\t\t\tLeer m\u00e1s\t\t<\/a>\n\n\t\t\t\t<\/div>\n\t\t\t\t\t<\/div>\n\t\t<\/article>\n\t\t\t\t<\/div>\n\t\t\n\t\t\t\t\t\t<\/div>\n\t\t\t\t<\/div>\n\t\t\t\t<div class=\"elementor-element elementor-element-abbe62e elementor-widget elementor-widget-button\" data-id=\"abbe62e\" data-element_type=\"widget\" data-e-type=\"widget\" data-widget_type=\"button.default\">\n\t\t\t\t<div class=\"elementor-widget-container\">\n\t\t\t\t\t\t\t\t\t<div class=\"elementor-button-wrapper\">\n\t\t\t\t\t<a class=\"elementor-button elementor-button-link elementor-size-sm\" href=\"http:\/\/www.jetmar.com.uy\/portal-viajes\">\n\t\t\t\t\t\t<span class=\"elementor-button-content-wrapper\">\n\t\t\t\t\t\t<span class=\"elementor-button-icon\">\n\t\t\t\t<svg aria-hidden=\"true\" class=\"e-font-icon-svg e-far-arrow-alt-circle-left\" viewBox=\"0 0 512 512\" xmlns=\"http:\/\/www.w3.org\/2000\/svg\"><path d=\"M8 256c0 137 111 248 248 248s248-111 248-248S393 8 256 8 8 119 8 256zm448 0c0 110.5-89.5 200-200 200S56 366.5 56 256 145.5 56 256 56s200 89.5 200 200zm-72-20v40c0 6.6-5.4 12-12 12H256v67c0 10.7-12.9 16-20.5 8.5l-99-99c-4.7-4.7-4.7-12.3 0-17l99-99c7.6-7.6 20.5-2.2 20.5 8.5v67h116c6.6 0 12 5.4 12 12z\"><\/path><\/svg>\t\t\t<\/span>\n\t\t\t\t\t\t\t\t\t<span class=\"elementor-button-text\">Volver al home<\/span>\n\t\t\t\t\t<\/span>\n\t\t\t\t\t<\/a>\n\t\t\t\t<\/div>\n\t\t\t\t\t\t\t\t<\/div>\n\t\t\t\t<\/div>\n\t\t\t\t\t<\/div>\n\t\t\t\t<\/div>\n\t\t<div class=\"elementor-element elementor-element-14899fc e-flex e-con-boxed e-con e-parent\" data-id=\"14899fc\" data-element_type=\"container\" data-e-type=\"container\">\n\t\t\t\t\t<div class=\"e-con-inner\">\n\t\t<div class=\"elementor-element elementor-element-5aeddd0 e-con-full e-flex e-con e-child\" data-id=\"5aeddd0\" data-element_type=\"container\" data-e-type=\"container\">\n\t\t<div class=\"elementor-element elementor-element-4227b7f e-grid e-con-full e-con e-child\" data-id=\"4227b7f\" data-element_type=\"container\" data-e-type=\"container\" data-settings=\"{&quot;background_background&quot;:&quot;classic&quot;}\">\n\t\t\t\t<div class=\"elementor-element elementor-element-d9ece17 elementor-widget elementor-widget-heading\" data-id=\"d9ece17\" data-element_type=\"widget\" data-e-type=\"widget\" data-widget_type=\"heading.default\">\n\t\t\t\t<div class=\"elementor-widget-container\">\n\t\t\t\t\t<h2 class=\"elementor-heading-title elementor-size-default\">No dudes m\u00e1s, hac\u00e9 ese <b>VIAJE QUE TANTO SO\u00d1ASTE<\/b><\/h2>\t\t\t\t<\/div>\n\t\t\t\t<\/div>\n\t\t\t\t<div class=\"elementor-element elementor-element-ed6ab0e elementor-align-justify elementor-widget elementor-widget-button\" data-id=\"ed6ab0e\" data-element_type=\"widget\" data-e-type=\"widget\" data-widget_type=\"button.default\">\n\t\t\t\t<div class=\"elementor-widget-container\">\n\t\t\t\t\t\t\t\t\t<div class=\"elementor-button-wrapper\">\n\t\t\t\t\t<a class=\"elementor-button elementor-button-link elementor-size-sm\" href=\"https:\/\/jetmar.com.uy\/portal-viajes\/cotiza-tu-viaje\/\">\n\t\t\t\t\t\t<span class=\"elementor-button-content-wrapper\">\n\t\t\t\t\t\t\t\t\t<span class=\"elementor-button-text\">\u00a1Cotiz\u00e1 tu viaje!<\/span>\n\t\t\t\t\t<\/span>\n\t\t\t\t\t<\/a>\n\t\t\t\t<\/div>\n\t\t\t\t\t\t\t\t<\/div>\n\t\t\t\t<\/div>\n\t\t\t\t<\/div>\n\t\t\t\t<\/div>\n\t\t\t\t\t<\/div>\n\t\t\t\t<\/div>\n\t\t<div class=\"elementor-element elementor-element-90aef4d e-flex e-con-boxed e-con e-parent\" data-id=\"90aef4d\" data-element_type=\"container\" data-e-type=\"container\">\n\t\t\t\t\t<div class=\"e-con-inner\">\n\t\t\t\t<div class=\"elementor-element elementor-element-e73ec6c elementor-position-right elementor-vertical-align-top elementor-widget elementor-widget-image-box\" data-id=\"e73ec6c\" data-element_type=\"widget\" data-e-type=\"widget\" data-settings=\"{&quot;sticky&quot;:&quot;bottom&quot;,&quot;sticky_on&quot;:[&quot;desktop&quot;,&quot;tablet&quot;,&quot;mobile&quot;],&quot;sticky_offset&quot;:0,&quot;sticky_effects_offset&quot;:0,&quot;sticky_anchor_link_offset&quot;:0}\" data-widget_type=\"image-box.default\">\n\t\t\t\t<div class=\"elementor-widget-container\">\n\t\t\t\t\t<div class=\"elementor-image-box-wrapper\"><figure class=\"elementor-image-box-img\"><a href=\"https:\/\/wa.link\/9y5bud\" tabindex=\"-1\" target=\"_blank\" rel=\"noopener\"><img decoding=\"async\" src=\"https:\/\/jetmar.com.uy\/portal-viajes\/wp-content\/uploads\/elementor\/thumbs\/WhatsApp_icon-qnrwtjinxl46d2emw8990uzmrp2dpzxn9rf79fq5qq.png\" title=\"WhatsApp_icon\" alt=\"\u00edcono de WhatsApp\" loading=\"lazy\" \/><\/a><\/figure><\/div>\t\t\t\t<\/div>\n\t\t\t\t<\/div>\n\t\t\t\t\t<\/div>\n\t\t\t\t<\/div>\n\t\t\t\t<\/div>\n\t\t","protected":false},"excerpt":{"rendered":"<p>\u00c1frica Desde las vastas llanuras del Serengeti en Tanzania hasta las incre\u00edbles cataratas Victoria en Zambia y Zimbabue, pasando por [&hellip;]<\/p>\n","protected":false},"author":3,"featured_media":0,"parent":0,"menu_order":0,"comment_status":"closed","ping_status":"closed","template":"","meta":{"_acf_changed":false,"nf_dc_page":"","_monsterinsights_skip_tracking":false,"_monsterinsights_sitenote_active":false,"_monsterinsights_sitenote_note":"","_monsterinsights_sitenote_category":0,"site-sidebar-layout":"no-sidebar","site-content-layout":"","ast-site-content-layout":"full-width-container","site-content-style":"default","site-sidebar-style":"default","ast-global-header-display":"","ast-banner-title-visibility":"","ast-main-header-display":"","ast-hfb-above-header-display":"","ast-hfb-below-header-display":"","ast-hfb-mobile-header-display":"","site-post-title":"disabled","ast-breadcrumbs-content":"","ast-featured-img":"disabled","footer-sml-layout":"","ast-disable-related-posts":"","theme-transparent-header-meta":"","adv-header-id-meta":"","stick-header-meta":"","header-above-stick-meta":"","header-main-stick-meta":"","header-below-stick-meta":"","astra-migrate-meta-layouts":"default","ast-page-background-enabled":"default","ast-page-background-meta":{"desktop":{"background-color":"var(--ast-global-color-4)","background-image":"","background-repeat":"repeat","background-position":"center center","background-size":"auto","background-attachment":"scroll","background-type":"","background-media":"","overlay-type":"","overlay-color":"","overlay-opacity":"","overlay-gradient":""},"tablet":{"background-color":"","background-image":"","background-repeat":"repeat","background-position":"center center","background-size":"auto","background-attachment":"scroll","background-type":"","background-media":"","overlay-type":"","overlay-color":"","overlay-opacity":"","overlay-gradient":""},"mobile":{"background-color":"","background-image":"","background-repeat":"repeat","background-position":"center center","background-size":"auto","background-attachment":"scroll","background-type":"","background-media":"","overlay-type":"","overlay-color":"","overlay-opacity":"","overlay-gradient":""}},"ast-content-background-meta":{"desktop":{"background-color":"var(--ast-global-color-5)","background-image":"","background-repeat":"repeat","background-position":"center center","background-size":"auto","background-attachment":"scroll","background-type":"","background-media":"","overlay-type":"","overlay-color":"","overlay-opacity":"","overlay-gradient":""},"tablet":{"background-color":"var(--ast-global-color-5)","background-image":"","background-repeat":"repeat","background-position":"center center","background-size":"auto","background-attachment":"scroll","background-type":"","background-media":"","overlay-type":"","overlay-color":"","overlay-opacity":"","overlay-gradient":""},"mobile":{"background-color":"var(--ast-global-color-5)","background-image":"","background-repeat":"repeat","background-position":"center center","background-size":"auto","background-attachment":"scroll","background-type":"","background-media":"","overlay-type":"","overlay-color":"","overlay-opacity":"","overlay-gradient":""}},"footnotes":""},"class_list":["post-662","page","type-page","status-publish","hentry"],"acf":[],"rttpg_featured_image_url":null,"rttpg_author":{"display_name":"Maite Beer","author_link":"https:\/\/jetmar.com.uy\/portal-viajes\/author\/maite-beer\/"},"rttpg_comment":0,"rttpg_category":"","rttpg_excerpt":"\u00c1frica Desde las vastas llanuras del Serengeti en Tanzania hasta las incre\u00edbles cataratas Victoria en Zambia y Zimbabue, pasando por [&hellip;]","_links":{"self":[{"href":"https:\/\/jetmar.com.uy\/portal-viajes\/wp-json\/wp\/v2\/pages\/662","targetHints":{"allow":["GET"]}}],"collection":[{"href":"https:\/\/jetmar.com.uy\/portal-viajes\/wp-json\/wp\/v2\/pages"}],"about":[{"href":"https:\/\/jetmar.com.uy\/portal-viajes\/wp-json\/wp\/v2\/types\/page"}],"author":[{"embeddable":true,"href":"https:\/\/jetmar.com.uy\/portal-viajes\/wp-json\/wp\/v2\/users\/3"}],"replies":[{"embeddable":true,"href":"https:\/\/jetmar.com.uy\/portal-viajes\/wp-json\/wp\/v2\/comments?post=662"}],"version-history":[{"count":5,"href":"https:\/\/jetmar.com.uy\/portal-viajes\/wp-json\/wp\/v2\/pages\/662\/revisions"}],"predecessor-version":[{"id":7565,"href":"https:\/\/jetmar.com.uy\/portal-viajes\/wp-json\/wp\/v2\/pages\/662\/revisions\/7565"}],"wp:attachment":[{"href":"https:\/\/jetmar.com.uy\/portal-viajes\/wp-json\/wp\/v2\/media?parent=662"}],"curies":[{"name":"wp","href":"https:\/\/api.w.org\/{rel}","templated":true}]}}