{"id":1051,"date":"2024-10-23T17:19:00","date_gmt":"2024-10-23T17:19:00","guid":{"rendered":"https:\/\/jetmar.com.uy\/receptivo\/?page_id=1051"},"modified":"2025-02-06T17:10:27","modified_gmt":"2025-02-06T17:10:27","slug":"naturaleza","status":"publish","type":"page","link":"https:\/\/jetmar.com.uy\/receptivo\/naturaleza\/","title":{"rendered":"Naturaleza"},"content":{"rendered":"\t\t<div data-elementor-type=\"wp-page\" data-elementor-id=\"1051\" class=\"elementor elementor-1051\" data-elementor-post-type=\"page\">\n\t\t\t\t<div class=\"elementor-element elementor-element-039fa2a e-flex e-con-boxed e-con e-parent\" data-id=\"039fa2a\" data-element_type=\"container\" data-e-type=\"container\">\n\t\t\t\t\t<div class=\"e-con-inner\">\n\t\t<div class=\"elementor-element elementor-element-27fb53e e-con-full e-flex e-con e-child\" data-id=\"27fb53e\" data-element_type=\"container\" data-e-type=\"container\">\n\t\t<div class=\"elementor-element elementor-element-0edabc5 e-con-full e-flex e-con e-child\" data-id=\"0edabc5\" data-element_type=\"container\" data-e-type=\"container\">\n\t\t\t\t<div class=\"elementor-element elementor-element-60bea69 elementor-widget elementor-widget-image\" data-id=\"60bea69\" data-element_type=\"widget\" data-e-type=\"widget\" data-widget_type=\"image.default\">\n\t\t\t\t<div class=\"elementor-widget-container\">\n\t\t\t\t\t\t\t\t\t\t\t\t\t\t\t<img fetchpriority=\"high\" decoding=\"async\" width=\"1600\" height=\"900\" src=\"https:\/\/i0.wp.com\/jetmar.com.uy\/receptivo\/wp-content\/uploads\/2025\/01\/dia-en-una-playa-uruguaya.jpg?fit=1600%2C900&amp;ssl=1\" class=\"attachment-full size-full wp-image-2368\" alt=\"\" srcset=\"https:\/\/i0.wp.com\/jetmar.com.uy\/receptivo\/wp-content\/uploads\/2025\/01\/dia-en-una-playa-uruguaya.jpg?w=1600&amp;ssl=1 1600w, https:\/\/i0.wp.com\/jetmar.com.uy\/receptivo\/wp-content\/uploads\/2025\/01\/dia-en-una-playa-uruguaya.jpg?resize=300%2C169&amp;ssl=1 300w, https:\/\/i0.wp.com\/jetmar.com.uy\/receptivo\/wp-content\/uploads\/2025\/01\/dia-en-una-playa-uruguaya.jpg?resize=1024%2C576&amp;ssl=1 1024w, https:\/\/i0.wp.com\/jetmar.com.uy\/receptivo\/wp-content\/uploads\/2025\/01\/dia-en-una-playa-uruguaya.jpg?resize=768%2C432&amp;ssl=1 768w, https:\/\/i0.wp.com\/jetmar.com.uy\/receptivo\/wp-content\/uploads\/2025\/01\/dia-en-una-playa-uruguaya.jpg?resize=1536%2C864&amp;ssl=1 1536w\" sizes=\"(max-width: 800px) 100vw, 800px\" \/>\t\t\t\t\t\t\t\t\t\t\t\t\t\t\t<\/div>\n\t\t\t\t<\/div>\n\t\t\t\t<\/div>\n\t\t<div class=\"elementor-element elementor-element-3454c0b e-con-full e-flex e-con e-child\" data-id=\"3454c0b\" data-element_type=\"container\" data-e-type=\"container\">\n\t\t\t\t<div class=\"elementor-element elementor-element-eb75737 elementor-widget elementor-widget-heading\" data-id=\"eb75737\" data-element_type=\"widget\" data-e-type=\"widget\" data-widget_type=\"heading.default\">\n\t\t\t\t<div class=\"elementor-widget-container\">\n\t\t\t\t\t<h5 class=\"elementor-heading-title elementor-size-default\">Un d\u00eda en una playa uruguaya<\/h5>\t\t\t\t<\/div>\n\t\t\t\t<\/div>\n\t\t\t\t<div class=\"elementor-element elementor-element-c9d9382 elementor-widget elementor-widget-text-editor\" data-id=\"c9d9382\" data-element_type=\"widget\" data-e-type=\"widget\" data-widget_type=\"text-editor.default\">\n\t\t\t\t<div class=\"elementor-widget-container\">\n\t\t\t\t\t\t\t\t\t<p>Vive el encanto costero de Uruguay en un solo d\u00eda. Disfruta del sol, mar y tranquilidad en algunas de las playas m\u00e1s hermosas de Uruguay.<\/p>\t\t\t\t\t\t\t\t<\/div>\n\t\t\t\t<\/div>\n\t\t\t\t<div class=\"elementor-element elementor-element-dfc2ebf elementor-align-left elementor-tablet-align-center elementor-widget elementor-widget-button\" data-id=\"dfc2ebf\" data-element_type=\"widget\" data-e-type=\"widget\" data-widget_type=\"button.default\">\n\t\t\t\t<div class=\"elementor-widget-container\">\n\t\t\t\t\t\t\t\t\t<div class=\"elementor-button-wrapper\">\n\t\t\t\t\t<a class=\"elementor-button elementor-button-link elementor-size-sm\" href=\"https:\/\/jetmar.com.uy\/receptivo\/un-dia-en-una-playa-uruguaya\/\">\n\t\t\t\t\t\t<span class=\"elementor-button-content-wrapper\">\n\t\t\t\t\t\t\t\t\t<span class=\"elementor-button-text\">M\u00e1s info<\/span>\n\t\t\t\t\t<\/span>\n\t\t\t\t\t<\/a>\n\t\t\t\t<\/div>\n\t\t\t\t\t\t\t\t<\/div>\n\t\t\t\t<\/div>\n\t\t\t\t<\/div>\n\t\t\t\t<\/div>\n\t\t\t\t\t<\/div>\n\t\t\t\t<\/div>\n\t\t<div class=\"elementor-element elementor-element-e90e971 e-flex e-con-boxed e-con e-parent\" data-id=\"e90e971\" data-element_type=\"container\" data-e-type=\"container\">\n\t\t\t\t\t<div class=\"e-con-inner\">\n\t\t<div class=\"elementor-element elementor-element-a0d687e e-con-full e-flex e-con e-child\" data-id=\"a0d687e\" data-element_type=\"container\" data-e-type=\"container\">\n\t\t<div class=\"elementor-element elementor-element-deccdd2 e-con-full e-flex e-con e-child\" data-id=\"deccdd2\" data-element_type=\"container\" data-e-type=\"container\">\n\t\t\t\t<div class=\"elementor-element elementor-element-b1eff99 elementor-widget elementor-widget-image\" data-id=\"b1eff99\" data-element_type=\"widget\" data-e-type=\"widget\" data-widget_type=\"image.default\">\n\t\t\t\t<div class=\"elementor-widget-container\">\n\t\t\t\t\t\t\t\t\t\t\t\t\t\t\t<img decoding=\"async\" width=\"1600\" height=\"900\" src=\"https:\/\/i0.wp.com\/jetmar.com.uy\/receptivo\/wp-content\/uploads\/2025\/01\/birdwatching-maldonado-y-rocha-1.jpg?fit=1600%2C900&amp;ssl=1\" class=\"attachment-full size-full wp-image-2378\" alt=\"\" srcset=\"https:\/\/i0.wp.com\/jetmar.com.uy\/receptivo\/wp-content\/uploads\/2025\/01\/birdwatching-maldonado-y-rocha-1.jpg?w=1600&amp;ssl=1 1600w, https:\/\/i0.wp.com\/jetmar.com.uy\/receptivo\/wp-content\/uploads\/2025\/01\/birdwatching-maldonado-y-rocha-1.jpg?resize=300%2C169&amp;ssl=1 300w, https:\/\/i0.wp.com\/jetmar.com.uy\/receptivo\/wp-content\/uploads\/2025\/01\/birdwatching-maldonado-y-rocha-1.jpg?resize=1024%2C576&amp;ssl=1 1024w, https:\/\/i0.wp.com\/jetmar.com.uy\/receptivo\/wp-content\/uploads\/2025\/01\/birdwatching-maldonado-y-rocha-1.jpg?resize=768%2C432&amp;ssl=1 768w, https:\/\/i0.wp.com\/jetmar.com.uy\/receptivo\/wp-content\/uploads\/2025\/01\/birdwatching-maldonado-y-rocha-1.jpg?resize=1536%2C864&amp;ssl=1 1536w\" sizes=\"(max-width: 800px) 100vw, 800px\" \/>\t\t\t\t\t\t\t\t\t\t\t\t\t\t\t<\/div>\n\t\t\t\t<\/div>\n\t\t\t\t<\/div>\n\t\t<div class=\"elementor-element elementor-element-49f1da4 e-con-full e-flex e-con e-child\" data-id=\"49f1da4\" data-element_type=\"container\" data-e-type=\"container\">\n\t\t\t\t<div class=\"elementor-element elementor-element-cd16426 elementor-widget elementor-widget-heading\" data-id=\"cd16426\" data-element_type=\"widget\" data-e-type=\"widget\" data-widget_type=\"heading.default\">\n\t\t\t\t<div class=\"elementor-widget-container\">\n\t\t\t\t\t<h5 class=\"elementor-heading-title elementor-size-default\">Birdwatching<\/h5>\t\t\t\t<\/div>\n\t\t\t\t<\/div>\n\t\t\t\t<div class=\"elementor-element elementor-element-00251f0 elementor-widget elementor-widget-text-editor\" data-id=\"00251f0\" data-element_type=\"widget\" data-e-type=\"widget\" data-widget_type=\"text-editor.default\">\n\t\t\t\t<div class=\"elementor-widget-container\">\n\t\t\t\t\t\t\t\t\t<p>\u00a1Con\u00e9ctate con la naturaleza! Este tour te llevar\u00e1 a los rincones m\u00e1s tranquilos de Uruguay, donde podr\u00e1s observar aves en su h\u00e1bitat natural en dos de los destinos m\u00e1s hermosos del pa\u00eds.<\/p>\t\t\t\t\t\t\t\t<\/div>\n\t\t\t\t<\/div>\n\t\t\t\t<div class=\"elementor-element elementor-element-e5407e5 elementor-align-left elementor-tablet-align-center elementor-widget elementor-widget-button\" data-id=\"e5407e5\" data-element_type=\"widget\" data-e-type=\"widget\" data-widget_type=\"button.default\">\n\t\t\t\t<div class=\"elementor-widget-container\">\n\t\t\t\t\t\t\t\t\t<div class=\"elementor-button-wrapper\">\n\t\t\t\t\t<a class=\"elementor-button elementor-button-link elementor-size-sm\" href=\"https:\/\/jetmar.com.uy\/receptivo\/birdwatching\/\">\n\t\t\t\t\t\t<span class=\"elementor-button-content-wrapper\">\n\t\t\t\t\t\t\t\t\t<span class=\"elementor-button-text\">M\u00e1s info<\/span>\n\t\t\t\t\t<\/span>\n\t\t\t\t\t<\/a>\n\t\t\t\t<\/div>\n\t\t\t\t\t\t\t\t<\/div>\n\t\t\t\t<\/div>\n\t\t\t\t<\/div>\n\t\t\t\t<\/div>\n\t\t\t\t\t<\/div>\n\t\t\t\t<\/div>\n\t\t<div class=\"elementor-element elementor-element-3f79148 e-flex e-con-boxed e-con e-parent\" data-id=\"3f79148\" data-element_type=\"container\" data-e-type=\"container\">\n\t\t\t\t\t<div class=\"e-con-inner\">\n\t\t<div class=\"elementor-element elementor-element-455a486 e-con-full e-flex e-con e-child\" data-id=\"455a486\" data-element_type=\"container\" data-e-type=\"container\">\n\t\t<div class=\"elementor-element elementor-element-8fb2dbe e-con-full e-flex e-con e-child\" data-id=\"8fb2dbe\" data-element_type=\"container\" data-e-type=\"container\">\n\t\t\t\t<div class=\"elementor-element elementor-element-baf1f6e elementor-widget elementor-widget-image\" data-id=\"baf1f6e\" data-element_type=\"widget\" data-e-type=\"widget\" data-widget_type=\"image.default\">\n\t\t\t\t<div class=\"elementor-widget-container\">\n\t\t\t\t\t\t\t\t\t\t\t\t\t\t\t<img decoding=\"async\" width=\"1600\" height=\"900\" src=\"https:\/\/i0.wp.com\/jetmar.com.uy\/receptivo\/wp-content\/uploads\/2025\/01\/City-tour-MVD-Diversion-en-Parque-Rodo.jpg?fit=1600%2C900&amp;ssl=1\" class=\"attachment-full size-full wp-image-2358\" alt=\"\" srcset=\"https:\/\/i0.wp.com\/jetmar.com.uy\/receptivo\/wp-content\/uploads\/2025\/01\/City-tour-MVD-Diversion-en-Parque-Rodo.jpg?w=1600&amp;ssl=1 1600w, https:\/\/i0.wp.com\/jetmar.com.uy\/receptivo\/wp-content\/uploads\/2025\/01\/City-tour-MVD-Diversion-en-Parque-Rodo.jpg?resize=300%2C169&amp;ssl=1 300w, https:\/\/i0.wp.com\/jetmar.com.uy\/receptivo\/wp-content\/uploads\/2025\/01\/City-tour-MVD-Diversion-en-Parque-Rodo.jpg?resize=1024%2C576&amp;ssl=1 1024w, https:\/\/i0.wp.com\/jetmar.com.uy\/receptivo\/wp-content\/uploads\/2025\/01\/City-tour-MVD-Diversion-en-Parque-Rodo.jpg?resize=768%2C432&amp;ssl=1 768w, https:\/\/i0.wp.com\/jetmar.com.uy\/receptivo\/wp-content\/uploads\/2025\/01\/City-tour-MVD-Diversion-en-Parque-Rodo.jpg?resize=1536%2C864&amp;ssl=1 1536w\" sizes=\"(max-width: 800px) 100vw, 800px\" \/>\t\t\t\t\t\t\t\t\t\t\t\t\t\t\t<\/div>\n\t\t\t\t<\/div>\n\t\t\t\t<\/div>\n\t\t<div class=\"elementor-element elementor-element-0238126 e-con-full e-flex e-con e-child\" data-id=\"0238126\" data-element_type=\"container\" data-e-type=\"container\">\n\t\t\t\t<div class=\"elementor-element elementor-element-523d65d elementor-widget elementor-widget-heading\" data-id=\"523d65d\" data-element_type=\"widget\" data-e-type=\"widget\" data-widget_type=\"heading.default\">\n\t\t\t\t<div class=\"elementor-widget-container\">\n\t\t\t\t\t<h5 class=\"elementor-heading-title elementor-size-default\">City tour MVD + Diversi\u00f3n en Parque Rodo<\/h5>\t\t\t\t<\/div>\n\t\t\t\t<\/div>\n\t\t\t\t<div class=\"elementor-element elementor-element-16f4208 elementor-widget elementor-widget-text-editor\" data-id=\"16f4208\" data-element_type=\"widget\" data-e-type=\"widget\" data-widget_type=\"text-editor.default\">\n\t\t\t\t<div class=\"elementor-widget-container\">\n\t\t\t\t\t\t\t\t\t<p>Vive lo mejor de Montevideo con un tour que mezcla cultura, historia y diversi\u00f3n al aire libre.<\/p>\t\t\t\t\t\t\t\t<\/div>\n\t\t\t\t<\/div>\n\t\t\t\t<div class=\"elementor-element elementor-element-fffe8f7 elementor-align-left elementor-tablet-align-center elementor-widget elementor-widget-button\" data-id=\"fffe8f7\" data-element_type=\"widget\" data-e-type=\"widget\" data-widget_type=\"button.default\">\n\t\t\t\t<div class=\"elementor-widget-container\">\n\t\t\t\t\t\t\t\t\t<div class=\"elementor-button-wrapper\">\n\t\t\t\t\t<a class=\"elementor-button elementor-button-link elementor-size-sm\" href=\"https:\/\/jetmar.com.uy\/receptivo\/city-tour-mvd-diversion-en-parque-rodo\/\">\n\t\t\t\t\t\t<span class=\"elementor-button-content-wrapper\">\n\t\t\t\t\t\t\t\t\t<span class=\"elementor-button-text\">M\u00e1s info<\/span>\n\t\t\t\t\t<\/span>\n\t\t\t\t\t<\/a>\n\t\t\t\t<\/div>\n\t\t\t\t\t\t\t\t<\/div>\n\t\t\t\t<\/div>\n\t\t\t\t<\/div>\n\t\t\t\t<\/div>\n\t\t\t\t\t<\/div>\n\t\t\t\t<\/div>\n\t\t<div class=\"elementor-element elementor-element-209275e e-flex e-con-boxed e-con e-parent\" data-id=\"209275e\" data-element_type=\"container\" data-e-type=\"container\">\n\t\t\t\t\t<div class=\"e-con-inner\">\n\t\t<div class=\"elementor-element elementor-element-302f287 e-con-full e-flex e-con e-child\" data-id=\"302f287\" data-element_type=\"container\" data-e-type=\"container\">\n\t\t<div class=\"elementor-element elementor-element-8a1c4b3 e-con-full e-flex e-con e-child\" data-id=\"8a1c4b3\" data-element_type=\"container\" data-e-type=\"container\">\n\t\t\t\t<div class=\"elementor-element elementor-element-8096227 elementor-widget elementor-widget-image\" data-id=\"8096227\" data-element_type=\"widget\" data-e-type=\"widget\" data-widget_type=\"image.default\">\n\t\t\t\t<div class=\"elementor-widget-container\">\n\t\t\t\t\t\t\t\t\t\t\t\t\t\t\t<img loading=\"lazy\" decoding=\"async\" width=\"1600\" height=\"900\" src=\"https:\/\/i0.wp.com\/jetmar.com.uy\/receptivo\/wp-content\/uploads\/2025\/01\/city-tour-pde-piria1.jpg?fit=1600%2C900&amp;ssl=1\" class=\"attachment-full size-full wp-image-2361\" alt=\"\" srcset=\"https:\/\/i0.wp.com\/jetmar.com.uy\/receptivo\/wp-content\/uploads\/2025\/01\/city-tour-pde-piria1.jpg?w=1600&amp;ssl=1 1600w, https:\/\/i0.wp.com\/jetmar.com.uy\/receptivo\/wp-content\/uploads\/2025\/01\/city-tour-pde-piria1.jpg?resize=300%2C169&amp;ssl=1 300w, https:\/\/i0.wp.com\/jetmar.com.uy\/receptivo\/wp-content\/uploads\/2025\/01\/city-tour-pde-piria1.jpg?resize=1024%2C576&amp;ssl=1 1024w, https:\/\/i0.wp.com\/jetmar.com.uy\/receptivo\/wp-content\/uploads\/2025\/01\/city-tour-pde-piria1.jpg?resize=768%2C432&amp;ssl=1 768w, https:\/\/i0.wp.com\/jetmar.com.uy\/receptivo\/wp-content\/uploads\/2025\/01\/city-tour-pde-piria1.jpg?resize=1536%2C864&amp;ssl=1 1536w\" sizes=\"(max-width: 800px) 100vw, 800px\" \/>\t\t\t\t\t\t\t\t\t\t\t\t\t\t\t<\/div>\n\t\t\t\t<\/div>\n\t\t\t\t<\/div>\n\t\t<div class=\"elementor-element elementor-element-e7e823d e-con-full e-flex e-con e-child\" data-id=\"e7e823d\" data-element_type=\"container\" data-e-type=\"container\">\n\t\t\t\t<div class=\"elementor-element elementor-element-9bd4eff elementor-widget elementor-widget-heading\" data-id=\"9bd4eff\" data-element_type=\"widget\" data-e-type=\"widget\" data-widget_type=\"heading.default\">\n\t\t\t\t<div class=\"elementor-widget-container\">\n\t\t\t\t\t<h5 class=\"elementor-heading-title elementor-size-default\">City Tour Punta del Este + Piri\u00e1polis<\/h5>\t\t\t\t<\/div>\n\t\t\t\t<\/div>\n\t\t\t\t<div class=\"elementor-element elementor-element-fa76fb0 elementor-widget elementor-widget-text-editor\" data-id=\"fa76fb0\" data-element_type=\"widget\" data-e-type=\"widget\" data-widget_type=\"text-editor.default\">\n\t\t\t\t<div class=\"elementor-widget-container\">\n\t\t\t\t\t\t\t\t\t<p>\u00a1Descubre lo mejor de la costa uruguaya! Recorre dos de los destinos m\u00e1s ic\u00f3nicos, combinando el lujo de Punta del Este con el encanto de Piri\u00e1polis.<\/p>\t\t\t\t\t\t\t\t<\/div>\n\t\t\t\t<\/div>\n\t\t\t\t<div class=\"elementor-element elementor-element-f657a92 elementor-align-left elementor-tablet-align-center elementor-widget elementor-widget-button\" data-id=\"f657a92\" data-element_type=\"widget\" data-e-type=\"widget\" data-widget_type=\"button.default\">\n\t\t\t\t<div class=\"elementor-widget-container\">\n\t\t\t\t\t\t\t\t\t<div class=\"elementor-button-wrapper\">\n\t\t\t\t\t<a class=\"elementor-button elementor-button-link elementor-size-sm\" href=\"https:\/\/jetmar.com.uy\/receptivo\/punta-del-este-piriapolis\/\">\n\t\t\t\t\t\t<span class=\"elementor-button-content-wrapper\">\n\t\t\t\t\t\t\t\t\t<span class=\"elementor-button-text\">M\u00e1s info<\/span>\n\t\t\t\t\t<\/span>\n\t\t\t\t\t<\/a>\n\t\t\t\t<\/div>\n\t\t\t\t\t\t\t\t<\/div>\n\t\t\t\t<\/div>\n\t\t\t\t<\/div>\n\t\t\t\t<\/div>\n\t\t\t\t\t<\/div>\n\t\t\t\t<\/div>\n\t\t\t\t<\/div>\n\t\t","protected":false},"excerpt":{"rendered":"<p>Un d\u00eda en una playa uruguaya Vive el encanto costero de Uruguay en un solo d\u00eda. Disfruta del sol, mar y tranquilidad en algunas de las playas m\u00e1s hermosas de Uruguay. M\u00e1s info Birdwatching \u00a1Con\u00e9ctate con la naturaleza! Este tour te llevar\u00e1 a los rincones m\u00e1s tranquilos de Uruguay, donde podr\u00e1s observar aves en su [&hellip;]<\/p>\n","protected":false},"author":2,"featured_media":0,"parent":0,"menu_order":0,"comment_status":"closed","ping_status":"closed","template":"","meta":{"nf_dc_page":"","om_disable_all_campaigns":false,"_monsterinsights_skip_tracking":false,"_monsterinsights_sitenote_active":false,"_monsterinsights_sitenote_note":"","_monsterinsights_sitenote_category":0,"footnotes":""},"class_list":["post-1051","page","type-page","status-publish","hentry"],"yoast_head":"<!-- This site is optimized with the Yoast SEO plugin v27.3 - https:\/\/yoast.com\/product\/yoast-seo-wordpress\/ -->\n<title>Naturaleza - JetmarReceptivo<\/title>\n<meta name=\"robots\" content=\"index, follow, max-snippet:-1, max-image-preview:large, max-video-preview:-1\" \/>\n<link rel=\"canonical\" href=\"https:\/\/jetmar.com.uy\/receptivo\/naturaleza\/\" \/>\n<meta property=\"og:locale\" content=\"es_ES\" \/>\n<meta property=\"og:type\" content=\"article\" \/>\n<meta property=\"og:title\" content=\"Naturaleza - JetmarReceptivo\" \/>\n<meta property=\"og:description\" content=\"Un d\u00eda en una playa uruguaya Vive el encanto costero de Uruguay en un solo d\u00eda. Disfruta del sol, mar y tranquilidad en algunas de las playas m\u00e1s hermosas de Uruguay. M\u00e1s info Birdwatching \u00a1Con\u00e9ctate con la naturaleza! Este tour te llevar\u00e1 a los rincones m\u00e1s tranquilos de Uruguay, donde podr\u00e1s observar aves en su [&hellip;]\" \/>\n<meta property=\"og:url\" content=\"https:\/\/jetmar.com.uy\/receptivo\/naturaleza\/\" \/>\n<meta property=\"og:site_name\" content=\"JetmarReceptivo\" \/>\n<meta property=\"article:modified_time\" content=\"2025-02-06T17:10:27+00:00\" \/>\n<meta name=\"twitter:card\" content=\"summary_large_image\" \/>\n<meta name=\"twitter:label1\" content=\"Tiempo de lectura\" \/>\n\t<meta name=\"twitter:data1\" content=\"2 minutos\" \/>\n<script type=\"application\/ld+json\" class=\"yoast-schema-graph\">{\"@context\":\"https:\\\/\\\/schema.org\",\"@graph\":[{\"@type\":\"WebPage\",\"@id\":\"https:\\\/\\\/jetmar.com.uy\\\/receptivo\\\/naturaleza\\\/\",\"url\":\"https:\\\/\\\/jetmar.com.uy\\\/receptivo\\\/naturaleza\\\/\",\"name\":\"Naturaleza - JetmarReceptivo\",\"isPartOf\":{\"@id\":\"https:\\\/\\\/jetmar.com.uy\\\/receptivo\\\/#website\"},\"datePublished\":\"2024-10-23T17:19:00+00:00\",\"dateModified\":\"2025-02-06T17:10:27+00:00\",\"breadcrumb\":{\"@id\":\"https:\\\/\\\/jetmar.com.uy\\\/receptivo\\\/naturaleza\\\/#breadcrumb\"},\"inLanguage\":\"es-AR\",\"potentialAction\":[{\"@type\":\"ReadAction\",\"target\":[\"https:\\\/\\\/jetmar.com.uy\\\/receptivo\\\/naturaleza\\\/\"]}]},{\"@type\":\"BreadcrumbList\",\"@id\":\"https:\\\/\\\/jetmar.com.uy\\\/receptivo\\\/naturaleza\\\/#breadcrumb\",\"itemListElement\":[{\"@type\":\"ListItem\",\"position\":1,\"name\":\"Home\",\"item\":\"https:\\\/\\\/jetmar.com.uy\\\/receptivo\\\/\"},{\"@type\":\"ListItem\",\"position\":2,\"name\":\"Naturaleza\"}]},{\"@type\":\"WebSite\",\"@id\":\"https:\\\/\\\/jetmar.com.uy\\\/receptivo\\\/#website\",\"url\":\"https:\\\/\\\/jetmar.com.uy\\\/receptivo\\\/\",\"name\":\"JetmarReceptivo\",\"description\":\"Explore the globe with travel &amp; tourism\",\"publisher\":{\"@id\":\"https:\\\/\\\/jetmar.com.uy\\\/receptivo\\\/#organization\"},\"potentialAction\":[{\"@type\":\"SearchAction\",\"target\":{\"@type\":\"EntryPoint\",\"urlTemplate\":\"https:\\\/\\\/jetmar.com.uy\\\/receptivo\\\/?s={search_term_string}\"},\"query-input\":{\"@type\":\"PropertyValueSpecification\",\"valueRequired\":true,\"valueName\":\"search_term_string\"}}],\"inLanguage\":\"es-AR\"},{\"@type\":\"Organization\",\"@id\":\"https:\\\/\\\/jetmar.com.uy\\\/receptivo\\\/#organization\",\"name\":\"JetmarReceptivo\",\"url\":\"https:\\\/\\\/jetmar.com.uy\\\/receptivo\\\/\",\"logo\":{\"@type\":\"ImageObject\",\"inLanguage\":\"es-AR\",\"@id\":\"https:\\\/\\\/jetmar.com.uy\\\/receptivo\\\/#\\\/schema\\\/logo\\\/image\\\/\",\"url\":\"https:\\\/\\\/i0.wp.com\\\/jetmar.com.uy\\\/receptivo\\\/wp-content\\\/uploads\\\/2024\\\/12\\\/Jetmar_blanco.png?fit=1920%2C540&ssl=1\",\"contentUrl\":\"https:\\\/\\\/i0.wp.com\\\/jetmar.com.uy\\\/receptivo\\\/wp-content\\\/uploads\\\/2024\\\/12\\\/Jetmar_blanco.png?fit=1920%2C540&ssl=1\",\"width\":1920,\"height\":540,\"caption\":\"JetmarReceptivo\"},\"image\":{\"@id\":\"https:\\\/\\\/jetmar.com.uy\\\/receptivo\\\/#\\\/schema\\\/logo\\\/image\\\/\"}}]}<\/script>\n<!-- \/ Yoast SEO plugin. -->","yoast_head_json":{"title":"Naturaleza - JetmarReceptivo","robots":{"index":"index","follow":"follow","max-snippet":"max-snippet:-1","max-image-preview":"max-image-preview:large","max-video-preview":"max-video-preview:-1"},"canonical":"https:\/\/jetmar.com.uy\/receptivo\/naturaleza\/","og_locale":"es_ES","og_type":"article","og_title":"Naturaleza - JetmarReceptivo","og_description":"Un d\u00eda en una playa uruguaya Vive el encanto costero de Uruguay en un solo d\u00eda. Disfruta del sol, mar y tranquilidad en algunas de las playas m\u00e1s hermosas de Uruguay. M\u00e1s info Birdwatching \u00a1Con\u00e9ctate con la naturaleza! Este tour te llevar\u00e1 a los rincones m\u00e1s tranquilos de Uruguay, donde podr\u00e1s observar aves en su [&hellip;]","og_url":"https:\/\/jetmar.com.uy\/receptivo\/naturaleza\/","og_site_name":"JetmarReceptivo","article_modified_time":"2025-02-06T17:10:27+00:00","twitter_card":"summary_large_image","twitter_misc":{"Tiempo de lectura":"2 minutos"},"schema":{"@context":"https:\/\/schema.org","@graph":[{"@type":"WebPage","@id":"https:\/\/jetmar.com.uy\/receptivo\/naturaleza\/","url":"https:\/\/jetmar.com.uy\/receptivo\/naturaleza\/","name":"Naturaleza - JetmarReceptivo","isPartOf":{"@id":"https:\/\/jetmar.com.uy\/receptivo\/#website"},"datePublished":"2024-10-23T17:19:00+00:00","dateModified":"2025-02-06T17:10:27+00:00","breadcrumb":{"@id":"https:\/\/jetmar.com.uy\/receptivo\/naturaleza\/#breadcrumb"},"inLanguage":"es-AR","potentialAction":[{"@type":"ReadAction","target":["https:\/\/jetmar.com.uy\/receptivo\/naturaleza\/"]}]},{"@type":"BreadcrumbList","@id":"https:\/\/jetmar.com.uy\/receptivo\/naturaleza\/#breadcrumb","itemListElement":[{"@type":"ListItem","position":1,"name":"Home","item":"https:\/\/jetmar.com.uy\/receptivo\/"},{"@type":"ListItem","position":2,"name":"Naturaleza"}]},{"@type":"WebSite","@id":"https:\/\/jetmar.com.uy\/receptivo\/#website","url":"https:\/\/jetmar.com.uy\/receptivo\/","name":"JetmarReceptivo","description":"Explore the globe with travel &amp; tourism","publisher":{"@id":"https:\/\/jetmar.com.uy\/receptivo\/#organization"},"potentialAction":[{"@type":"SearchAction","target":{"@type":"EntryPoint","urlTemplate":"https:\/\/jetmar.com.uy\/receptivo\/?s={search_term_string}"},"query-input":{"@type":"PropertyValueSpecification","valueRequired":true,"valueName":"search_term_string"}}],"inLanguage":"es-AR"},{"@type":"Organization","@id":"https:\/\/jetmar.com.uy\/receptivo\/#organization","name":"JetmarReceptivo","url":"https:\/\/jetmar.com.uy\/receptivo\/","logo":{"@type":"ImageObject","inLanguage":"es-AR","@id":"https:\/\/jetmar.com.uy\/receptivo\/#\/schema\/logo\/image\/","url":"https:\/\/i0.wp.com\/jetmar.com.uy\/receptivo\/wp-content\/uploads\/2024\/12\/Jetmar_blanco.png?fit=1920%2C540&ssl=1","contentUrl":"https:\/\/i0.wp.com\/jetmar.com.uy\/receptivo\/wp-content\/uploads\/2024\/12\/Jetmar_blanco.png?fit=1920%2C540&ssl=1","width":1920,"height":540,"caption":"JetmarReceptivo"},"image":{"@id":"https:\/\/jetmar.com.uy\/receptivo\/#\/schema\/logo\/image\/"}}]}},"jetpack_sharing_enabled":true,"_links":{"self":[{"href":"https:\/\/jetmar.com.uy\/receptivo\/wp-json\/wp\/v2\/pages\/1051","targetHints":{"allow":["GET"]}}],"collection":[{"href":"https:\/\/jetmar.com.uy\/receptivo\/wp-json\/wp\/v2\/pages"}],"about":[{"href":"https:\/\/jetmar.com.uy\/receptivo\/wp-json\/wp\/v2\/types\/page"}],"author":[{"embeddable":true,"href":"https:\/\/jetmar.com.uy\/receptivo\/wp-json\/wp\/v2\/users\/2"}],"replies":[{"embeddable":true,"href":"https:\/\/jetmar.com.uy\/receptivo\/wp-json\/wp\/v2\/comments?post=1051"}],"version-history":[{"count":5,"href":"https:\/\/jetmar.com.uy\/receptivo\/wp-json\/wp\/v2\/pages\/1051\/revisions"}],"predecessor-version":[{"id":4008,"href":"https:\/\/jetmar.com.uy\/receptivo\/wp-json\/wp\/v2\/pages\/1051\/revisions\/4008"}],"wp:attachment":[{"href":"https:\/\/jetmar.com.uy\/receptivo\/wp-json\/wp\/v2\/media?parent=1051"}],"curies":[{"name":"wp","href":"https:\/\/api.w.org\/{rel}","templated":true}]}}