{"id":3174,"date":"2025-01-27T14:35:37","date_gmt":"2025-01-27T14:35:37","guid":{"rendered":"https:\/\/jetmar.com.uy\/receptivo\/?page_id=3174"},"modified":"2025-02-06T17:10:43","modified_gmt":"2025-02-06T17:10:43","slug":"natureza","status":"publish","type":"page","link":"https:\/\/jetmar.com.uy\/receptivo\/natureza\/","title":{"rendered":"Natureza"},"content":{"rendered":"\t\t<div data-elementor-type=\"wp-page\" data-elementor-id=\"3174\" class=\"elementor elementor-3174\" data-elementor-post-type=\"page\">\n\t\t\t\t<div class=\"elementor-element elementor-element-518e946 e-flex e-con-boxed e-con e-parent\" data-id=\"518e946\" data-element_type=\"container\" data-e-type=\"container\">\n\t\t\t\t\t<div class=\"e-con-inner\">\n\t\t<div class=\"elementor-element elementor-element-e894614 e-con-full e-flex e-con e-child\" data-id=\"e894614\" data-element_type=\"container\" data-e-type=\"container\">\n\t\t<div class=\"elementor-element elementor-element-2463933 e-con-full e-flex e-con e-child\" data-id=\"2463933\" data-element_type=\"container\" data-e-type=\"container\">\n\t\t\t\t<div class=\"elementor-element elementor-element-e761385 elementor-widget elementor-widget-image\" data-id=\"e761385\" data-element_type=\"widget\" data-e-type=\"widget\" data-widget_type=\"image.default\">\n\t\t\t\t<div class=\"elementor-widget-container\">\n\t\t\t\t\t\t\t\t\t\t\t\t\t\t\t<img fetchpriority=\"high\" decoding=\"async\" width=\"1600\" height=\"900\" src=\"https:\/\/i0.wp.com\/jetmar.com.uy\/receptivo\/wp-content\/uploads\/2025\/01\/dia-en-una-playa-uruguaya.jpg?fit=1600%2C900&amp;ssl=1\" class=\"attachment-full size-full wp-image-2368\" alt=\"\" srcset=\"https:\/\/i0.wp.com\/jetmar.com.uy\/receptivo\/wp-content\/uploads\/2025\/01\/dia-en-una-playa-uruguaya.jpg?w=1600&amp;ssl=1 1600w, https:\/\/i0.wp.com\/jetmar.com.uy\/receptivo\/wp-content\/uploads\/2025\/01\/dia-en-una-playa-uruguaya.jpg?resize=300%2C169&amp;ssl=1 300w, https:\/\/i0.wp.com\/jetmar.com.uy\/receptivo\/wp-content\/uploads\/2025\/01\/dia-en-una-playa-uruguaya.jpg?resize=1024%2C576&amp;ssl=1 1024w, https:\/\/i0.wp.com\/jetmar.com.uy\/receptivo\/wp-content\/uploads\/2025\/01\/dia-en-una-playa-uruguaya.jpg?resize=768%2C432&amp;ssl=1 768w, https:\/\/i0.wp.com\/jetmar.com.uy\/receptivo\/wp-content\/uploads\/2025\/01\/dia-en-una-playa-uruguaya.jpg?resize=1536%2C864&amp;ssl=1 1536w\" sizes=\"(max-width: 800px) 100vw, 800px\" \/>\t\t\t\t\t\t\t\t\t\t\t\t\t\t\t<\/div>\n\t\t\t\t<\/div>\n\t\t\t\t<\/div>\n\t\t<div class=\"elementor-element elementor-element-f8010e7 e-con-full e-flex e-con e-child\" data-id=\"f8010e7\" data-element_type=\"container\" data-e-type=\"container\">\n\t\t\t\t<div class=\"elementor-element elementor-element-b11fdb5 elementor-widget elementor-widget-heading\" data-id=\"b11fdb5\" data-element_type=\"widget\" data-e-type=\"widget\" data-widget_type=\"heading.default\">\n\t\t\t\t<div class=\"elementor-widget-container\">\n\t\t\t\t\t<h5 class=\"elementor-heading-title elementor-size-default\">Um dia em uma praia uruguaia<\/h5>\t\t\t\t<\/div>\n\t\t\t\t<\/div>\n\t\t\t\t<div class=\"elementor-element elementor-element-288b4ec elementor-widget elementor-widget-text-editor\" data-id=\"288b4ec\" data-element_type=\"widget\" data-e-type=\"widget\" data-widget_type=\"text-editor.default\">\n\t\t\t\t<div class=\"elementor-widget-container\">\n\t\t\t\t\t\t\t\t\t<p>Experimente o charme costeiro do Uruguai em um \u00fanico dia. Aproveite o sol, o mar e a tranquilidade em algumas das praias mais bonitas do Uruguai.<\/p>\t\t\t\t\t\t\t\t<\/div>\n\t\t\t\t<\/div>\n\t\t\t\t<div class=\"elementor-element elementor-element-f5a13ad elementor-align-left elementor-tablet-align-center elementor-widget elementor-widget-button\" data-id=\"f5a13ad\" data-element_type=\"widget\" data-e-type=\"widget\" data-widget_type=\"button.default\">\n\t\t\t\t<div class=\"elementor-widget-container\">\n\t\t\t\t\t\t\t\t\t<div class=\"elementor-button-wrapper\">\n\t\t\t\t\t<a class=\"elementor-button elementor-button-link elementor-size-sm\" href=\"https:\/\/jetmar.com.uy\/receptivo\/pt\/um-dia-em-uma-praia-uruguaia\/\">\n\t\t\t\t\t\t<span class=\"elementor-button-content-wrapper\">\n\t\t\t\t\t\t\t\t\t<span class=\"elementor-button-text\">Mais info<\/span>\n\t\t\t\t\t<\/span>\n\t\t\t\t\t<\/a>\n\t\t\t\t<\/div>\n\t\t\t\t\t\t\t\t<\/div>\n\t\t\t\t<\/div>\n\t\t\t\t<\/div>\n\t\t\t\t<\/div>\n\t\t\t\t\t<\/div>\n\t\t\t\t<\/div>\n\t\t<div class=\"elementor-element elementor-element-c15b163 e-flex e-con-boxed e-con e-parent\" data-id=\"c15b163\" data-element_type=\"container\" data-e-type=\"container\">\n\t\t\t\t\t<div class=\"e-con-inner\">\n\t\t<div class=\"elementor-element elementor-element-f1cde63 e-con-full e-flex e-con e-child\" data-id=\"f1cde63\" data-element_type=\"container\" data-e-type=\"container\">\n\t\t<div class=\"elementor-element elementor-element-c3b28de e-con-full e-flex e-con e-child\" data-id=\"c3b28de\" data-element_type=\"container\" data-e-type=\"container\">\n\t\t\t\t<div class=\"elementor-element elementor-element-f57c398 elementor-widget elementor-widget-image\" data-id=\"f57c398\" data-element_type=\"widget\" data-e-type=\"widget\" data-widget_type=\"image.default\">\n\t\t\t\t<div class=\"elementor-widget-container\">\n\t\t\t\t\t\t\t\t\t\t\t\t\t\t\t<img decoding=\"async\" width=\"1600\" height=\"900\" src=\"https:\/\/i0.wp.com\/jetmar.com.uy\/receptivo\/wp-content\/uploads\/2025\/01\/birdwatching-maldonado-y-rocha-1.jpg?fit=1600%2C900&amp;ssl=1\" class=\"attachment-full size-full wp-image-2378\" alt=\"\" srcset=\"https:\/\/i0.wp.com\/jetmar.com.uy\/receptivo\/wp-content\/uploads\/2025\/01\/birdwatching-maldonado-y-rocha-1.jpg?w=1600&amp;ssl=1 1600w, https:\/\/i0.wp.com\/jetmar.com.uy\/receptivo\/wp-content\/uploads\/2025\/01\/birdwatching-maldonado-y-rocha-1.jpg?resize=300%2C169&amp;ssl=1 300w, https:\/\/i0.wp.com\/jetmar.com.uy\/receptivo\/wp-content\/uploads\/2025\/01\/birdwatching-maldonado-y-rocha-1.jpg?resize=1024%2C576&amp;ssl=1 1024w, https:\/\/i0.wp.com\/jetmar.com.uy\/receptivo\/wp-content\/uploads\/2025\/01\/birdwatching-maldonado-y-rocha-1.jpg?resize=768%2C432&amp;ssl=1 768w, https:\/\/i0.wp.com\/jetmar.com.uy\/receptivo\/wp-content\/uploads\/2025\/01\/birdwatching-maldonado-y-rocha-1.jpg?resize=1536%2C864&amp;ssl=1 1536w\" sizes=\"(max-width: 800px) 100vw, 800px\" \/>\t\t\t\t\t\t\t\t\t\t\t\t\t\t\t<\/div>\n\t\t\t\t<\/div>\n\t\t\t\t<\/div>\n\t\t<div class=\"elementor-element elementor-element-1b018a5 e-con-full e-flex e-con e-child\" data-id=\"1b018a5\" data-element_type=\"container\" data-e-type=\"container\">\n\t\t\t\t<div class=\"elementor-element elementor-element-96b260f elementor-widget elementor-widget-heading\" data-id=\"96b260f\" data-element_type=\"widget\" data-e-type=\"widget\" data-widget_type=\"heading.default\">\n\t\t\t\t<div class=\"elementor-widget-container\">\n\t\t\t\t\t<h5 class=\"elementor-heading-title elementor-size-default\">Birdwatching<\/h5>\t\t\t\t<\/div>\n\t\t\t\t<\/div>\n\t\t\t\t<div class=\"elementor-element elementor-element-dc1f34a elementor-widget elementor-widget-text-editor\" data-id=\"dc1f34a\" data-element_type=\"widget\" data-e-type=\"widget\" data-widget_type=\"text-editor.default\">\n\t\t\t\t<div class=\"elementor-widget-container\">\n\t\t\t\t\t\t\t\t\t<p>Conecte-se com a natureza! Este passeio levar\u00e1 voc\u00ea aos cantos mais tranquilos do Uruguai, onde voc\u00ea poder\u00e1 observar p\u00e1ssaros em seu habitat natural em dois dos destinos mais bonitos do pa\u00eds.<\/p>\t\t\t\t\t\t\t\t<\/div>\n\t\t\t\t<\/div>\n\t\t\t\t<div class=\"elementor-element elementor-element-8282679 elementor-align-left elementor-tablet-align-center elementor-widget elementor-widget-button\" data-id=\"8282679\" data-element_type=\"widget\" data-e-type=\"widget\" data-widget_type=\"button.default\">\n\t\t\t\t<div class=\"elementor-widget-container\">\n\t\t\t\t\t\t\t\t\t<div class=\"elementor-button-wrapper\">\n\t\t\t\t\t<a class=\"elementor-button elementor-button-link elementor-size-sm\" href=\"https:\/\/jetmar.com.uy\/receptivo\/pt\/observacao-de-aves\/\">\n\t\t\t\t\t\t<span class=\"elementor-button-content-wrapper\">\n\t\t\t\t\t\t\t\t\t<span class=\"elementor-button-text\">Mais info<\/span>\n\t\t\t\t\t<\/span>\n\t\t\t\t\t<\/a>\n\t\t\t\t<\/div>\n\t\t\t\t\t\t\t\t<\/div>\n\t\t\t\t<\/div>\n\t\t\t\t<\/div>\n\t\t\t\t<\/div>\n\t\t\t\t\t<\/div>\n\t\t\t\t<\/div>\n\t\t<div class=\"elementor-element elementor-element-92b6575 e-flex e-con-boxed e-con e-parent\" data-id=\"92b6575\" data-element_type=\"container\" data-e-type=\"container\">\n\t\t\t\t\t<div class=\"e-con-inner\">\n\t\t<div class=\"elementor-element elementor-element-07aafed e-con-full e-flex e-con e-child\" data-id=\"07aafed\" data-element_type=\"container\" data-e-type=\"container\">\n\t\t<div class=\"elementor-element elementor-element-ce5c36b e-con-full e-flex e-con e-child\" data-id=\"ce5c36b\" data-element_type=\"container\" data-e-type=\"container\">\n\t\t\t\t<div class=\"elementor-element elementor-element-8b42988 elementor-widget elementor-widget-image\" data-id=\"8b42988\" data-element_type=\"widget\" data-e-type=\"widget\" data-widget_type=\"image.default\">\n\t\t\t\t<div class=\"elementor-widget-container\">\n\t\t\t\t\t\t\t\t\t\t\t\t\t\t\t<img decoding=\"async\" width=\"800\" height=\"450\" src=\"https:\/\/i0.wp.com\/jetmar.com.uy\/receptivo\/wp-content\/uploads\/2025\/01\/City-tour-MVD-Diversion-en-Parque-Rodo.jpg?fit=800%2C450&amp;ssl=1\" class=\"attachment-large size-large wp-image-2358\" alt=\"\" srcset=\"https:\/\/i0.wp.com\/jetmar.com.uy\/receptivo\/wp-content\/uploads\/2025\/01\/City-tour-MVD-Diversion-en-Parque-Rodo.jpg?w=1600&amp;ssl=1 1600w, https:\/\/i0.wp.com\/jetmar.com.uy\/receptivo\/wp-content\/uploads\/2025\/01\/City-tour-MVD-Diversion-en-Parque-Rodo.jpg?resize=300%2C169&amp;ssl=1 300w, https:\/\/i0.wp.com\/jetmar.com.uy\/receptivo\/wp-content\/uploads\/2025\/01\/City-tour-MVD-Diversion-en-Parque-Rodo.jpg?resize=1024%2C576&amp;ssl=1 1024w, https:\/\/i0.wp.com\/jetmar.com.uy\/receptivo\/wp-content\/uploads\/2025\/01\/City-tour-MVD-Diversion-en-Parque-Rodo.jpg?resize=768%2C432&amp;ssl=1 768w, https:\/\/i0.wp.com\/jetmar.com.uy\/receptivo\/wp-content\/uploads\/2025\/01\/City-tour-MVD-Diversion-en-Parque-Rodo.jpg?resize=1536%2C864&amp;ssl=1 1536w\" sizes=\"(max-width: 800px) 100vw, 800px\" \/>\t\t\t\t\t\t\t\t\t\t\t\t\t\t\t<\/div>\n\t\t\t\t<\/div>\n\t\t\t\t<\/div>\n\t\t<div class=\"elementor-element elementor-element-83a0998 e-con-full e-flex e-con e-child\" data-id=\"83a0998\" data-element_type=\"container\" data-e-type=\"container\">\n\t\t\t\t<div class=\"elementor-element elementor-element-9e44612 elementor-widget elementor-widget-heading\" data-id=\"9e44612\" data-element_type=\"widget\" data-e-type=\"widget\" data-widget_type=\"heading.default\">\n\t\t\t\t<div class=\"elementor-widget-container\">\n\t\t\t\t\t<h5 class=\"elementor-heading-title elementor-size-default\">City tour MVD + Divers\u00e3o no Parque Rodo\n<\/h5>\t\t\t\t<\/div>\n\t\t\t\t<\/div>\n\t\t\t\t<div class=\"elementor-element elementor-element-3d5dd64 elementor-widget elementor-widget-text-editor\" data-id=\"3d5dd64\" data-element_type=\"widget\" data-e-type=\"widget\" data-widget_type=\"text-editor.default\">\n\t\t\t\t<div class=\"elementor-widget-container\">\n\t\t\t\t\t\t\t\t\t<p>Conhe\u00e7a o melhor de Montevideo com um passeio que mistura cultura, hist\u00f3ria e divers\u00e3o ao ar livre.<\/p>\t\t\t\t\t\t\t\t<\/div>\n\t\t\t\t<\/div>\n\t\t\t\t<div class=\"elementor-element elementor-element-639fa38 elementor-align-left elementor-tablet-align-center elementor-widget elementor-widget-button\" data-id=\"639fa38\" data-element_type=\"widget\" data-e-type=\"widget\" data-widget_type=\"button.default\">\n\t\t\t\t<div class=\"elementor-widget-container\">\n\t\t\t\t\t\t\t\t\t<div class=\"elementor-button-wrapper\">\n\t\t\t\t\t<a class=\"elementor-button elementor-button-link elementor-size-sm\" href=\"https:\/\/jetmar.com.uy\/receptivo\/pt\/city-tour-mvd-diversao-no-parque-rodo\/\">\n\t\t\t\t\t\t<span class=\"elementor-button-content-wrapper\">\n\t\t\t\t\t\t\t\t\t<span class=\"elementor-button-text\">Mais info<\/span>\n\t\t\t\t\t<\/span>\n\t\t\t\t\t<\/a>\n\t\t\t\t<\/div>\n\t\t\t\t\t\t\t\t<\/div>\n\t\t\t\t<\/div>\n\t\t\t\t<\/div>\n\t\t\t\t<\/div>\n\t\t\t\t\t<\/div>\n\t\t\t\t<\/div>\n\t\t<div class=\"elementor-element elementor-element-a68bccc e-flex e-con-boxed e-con e-parent\" data-id=\"a68bccc\" data-element_type=\"container\" data-e-type=\"container\">\n\t\t\t\t\t<div class=\"e-con-inner\">\n\t\t<div class=\"elementor-element elementor-element-1207622 e-con-full e-flex e-con e-child\" data-id=\"1207622\" data-element_type=\"container\" data-e-type=\"container\">\n\t\t<div class=\"elementor-element elementor-element-6fe113b e-con-full e-flex e-con e-child\" data-id=\"6fe113b\" data-element_type=\"container\" data-e-type=\"container\">\n\t\t\t\t<div class=\"elementor-element elementor-element-ac58dfa elementor-widget elementor-widget-image\" data-id=\"ac58dfa\" data-element_type=\"widget\" data-e-type=\"widget\" data-widget_type=\"image.default\">\n\t\t\t\t<div class=\"elementor-widget-container\">\n\t\t\t\t\t\t\t\t\t\t\t\t\t\t\t<img loading=\"lazy\" decoding=\"async\" width=\"800\" height=\"450\" src=\"https:\/\/i0.wp.com\/jetmar.com.uy\/receptivo\/wp-content\/uploads\/2025\/01\/city-tour-pde-piria1.jpg?fit=800%2C450&amp;ssl=1\" class=\"attachment-large size-large wp-image-2361\" alt=\"\" srcset=\"https:\/\/i0.wp.com\/jetmar.com.uy\/receptivo\/wp-content\/uploads\/2025\/01\/city-tour-pde-piria1.jpg?w=1600&amp;ssl=1 1600w, https:\/\/i0.wp.com\/jetmar.com.uy\/receptivo\/wp-content\/uploads\/2025\/01\/city-tour-pde-piria1.jpg?resize=300%2C169&amp;ssl=1 300w, https:\/\/i0.wp.com\/jetmar.com.uy\/receptivo\/wp-content\/uploads\/2025\/01\/city-tour-pde-piria1.jpg?resize=1024%2C576&amp;ssl=1 1024w, https:\/\/i0.wp.com\/jetmar.com.uy\/receptivo\/wp-content\/uploads\/2025\/01\/city-tour-pde-piria1.jpg?resize=768%2C432&amp;ssl=1 768w, https:\/\/i0.wp.com\/jetmar.com.uy\/receptivo\/wp-content\/uploads\/2025\/01\/city-tour-pde-piria1.jpg?resize=1536%2C864&amp;ssl=1 1536w\" sizes=\"(max-width: 800px) 100vw, 800px\" \/>\t\t\t\t\t\t\t\t\t\t\t\t\t\t\t<\/div>\n\t\t\t\t<\/div>\n\t\t\t\t<\/div>\n\t\t<div class=\"elementor-element elementor-element-6458f94 e-con-full e-flex e-con e-child\" data-id=\"6458f94\" data-element_type=\"container\" data-e-type=\"container\">\n\t\t\t\t<div class=\"elementor-element elementor-element-aa5be4c elementor-widget elementor-widget-heading\" data-id=\"aa5be4c\" data-element_type=\"widget\" data-e-type=\"widget\" data-widget_type=\"heading.default\">\n\t\t\t\t<div class=\"elementor-widget-container\">\n\t\t\t\t\t<h5 class=\"elementor-heading-title elementor-size-default\">City Tour Punta del Este + Piri\u00e1polis<\/h5>\t\t\t\t<\/div>\n\t\t\t\t<\/div>\n\t\t\t\t<div class=\"elementor-element elementor-element-97e31cb elementor-widget elementor-widget-text-editor\" data-id=\"97e31cb\" data-element_type=\"widget\" data-e-type=\"widget\" data-widget_type=\"text-editor.default\">\n\t\t\t\t<div class=\"elementor-widget-container\">\n\t\t\t\t\t\t\t\t\t<p>Descubra o melhor do litoral uruguaio! Explore dois dos destinos mais emblem\u00e1ticos, combinando o luxo de Punta del Este com o charme de Piri\u00e1polis.<\/p>\t\t\t\t\t\t\t\t<\/div>\n\t\t\t\t<\/div>\n\t\t\t\t<div class=\"elementor-element elementor-element-7f2a668 elementor-align-left elementor-tablet-align-center elementor-widget elementor-widget-button\" data-id=\"7f2a668\" data-element_type=\"widget\" data-e-type=\"widget\" data-widget_type=\"button.default\">\n\t\t\t\t<div class=\"elementor-widget-container\">\n\t\t\t\t\t\t\t\t\t<div class=\"elementor-button-wrapper\">\n\t\t\t\t\t<a class=\"elementor-button elementor-button-link elementor-size-sm\" href=\"https:\/\/jetmar.com.uy\/receptivo\/pt\/city-tour-punta-del-este-piriapolis-2\/\">\n\t\t\t\t\t\t<span class=\"elementor-button-content-wrapper\">\n\t\t\t\t\t\t\t\t\t<span class=\"elementor-button-text\">Mais info<\/span>\n\t\t\t\t\t<\/span>\n\t\t\t\t\t<\/a>\n\t\t\t\t<\/div>\n\t\t\t\t\t\t\t\t<\/div>\n\t\t\t\t<\/div>\n\t\t\t\t<\/div>\n\t\t\t\t<\/div>\n\t\t\t\t\t<\/div>\n\t\t\t\t<\/div>\n\t\t\t\t<\/div>\n\t\t","protected":false},"excerpt":{"rendered":"<p>Um dia em uma praia uruguaia Experimente o charme costeiro do Uruguai em um \u00fanico dia. Aproveite o sol, o mar e a tranquilidade em algumas das praias mais bonitas do Uruguai. Mais info Birdwatching Conecte-se com a natureza! Este passeio levar\u00e1 voc\u00ea aos cantos mais tranquilos do Uruguai, onde voc\u00ea poder\u00e1 observar p\u00e1ssaros em [&hellip;]<\/p>\n","protected":false},"author":2,"featured_media":0,"parent":0,"menu_order":0,"comment_status":"closed","ping_status":"closed","template":"","meta":{"nf_dc_page":"","om_disable_all_campaigns":false,"_monsterinsights_skip_tracking":false,"_monsterinsights_sitenote_active":false,"_monsterinsights_sitenote_note":"","_monsterinsights_sitenote_category":0,"footnotes":""},"class_list":["post-3174","page","type-page","status-publish","hentry"],"yoast_head":"<!-- This site is optimized with the Yoast SEO plugin v27.3 - https:\/\/yoast.com\/product\/yoast-seo-wordpress\/ -->\n<title>Natureza - JetmarReceptivo<\/title>\n<meta name=\"robots\" content=\"index, follow, max-snippet:-1, max-image-preview:large, max-video-preview:-1\" \/>\n<link rel=\"canonical\" href=\"https:\/\/jetmar.com.uy\/receptivo\/natureza\/\" \/>\n<meta property=\"og:locale\" content=\"es_ES\" \/>\n<meta property=\"og:type\" content=\"article\" \/>\n<meta property=\"og:title\" content=\"Natureza - JetmarReceptivo\" \/>\n<meta property=\"og:description\" content=\"Um dia em uma praia uruguaia Experimente o charme costeiro do Uruguai em um \u00fanico dia. Aproveite o sol, o mar e a tranquilidade em algumas das praias mais bonitas do Uruguai. Mais info Birdwatching Conecte-se com a natureza! Este passeio levar\u00e1 voc\u00ea aos cantos mais tranquilos do Uruguai, onde voc\u00ea poder\u00e1 observar p\u00e1ssaros em [&hellip;]\" \/>\n<meta property=\"og:url\" content=\"https:\/\/jetmar.com.uy\/receptivo\/natureza\/\" \/>\n<meta property=\"og:site_name\" content=\"JetmarReceptivo\" \/>\n<meta property=\"article:modified_time\" content=\"2025-02-06T17:10:43+00:00\" \/>\n<meta name=\"twitter:card\" content=\"summary_large_image\" \/>\n<meta name=\"twitter:label1\" content=\"Tiempo de lectura\" \/>\n\t<meta name=\"twitter:data1\" content=\"2 minutos\" \/>\n<script type=\"application\/ld+json\" class=\"yoast-schema-graph\">{\"@context\":\"https:\\\/\\\/schema.org\",\"@graph\":[{\"@type\":\"WebPage\",\"@id\":\"https:\\\/\\\/jetmar.com.uy\\\/receptivo\\\/natureza\\\/\",\"url\":\"https:\\\/\\\/jetmar.com.uy\\\/receptivo\\\/natureza\\\/\",\"name\":\"Natureza - JetmarReceptivo\",\"isPartOf\":{\"@id\":\"https:\\\/\\\/jetmar.com.uy\\\/receptivo\\\/#website\"},\"datePublished\":\"2025-01-27T14:35:37+00:00\",\"dateModified\":\"2025-02-06T17:10:43+00:00\",\"breadcrumb\":{\"@id\":\"https:\\\/\\\/jetmar.com.uy\\\/receptivo\\\/natureza\\\/#breadcrumb\"},\"inLanguage\":\"es-AR\",\"potentialAction\":[{\"@type\":\"ReadAction\",\"target\":[\"https:\\\/\\\/jetmar.com.uy\\\/receptivo\\\/natureza\\\/\"]}]},{\"@type\":\"BreadcrumbList\",\"@id\":\"https:\\\/\\\/jetmar.com.uy\\\/receptivo\\\/natureza\\\/#breadcrumb\",\"itemListElement\":[{\"@type\":\"ListItem\",\"position\":1,\"name\":\"Home\",\"item\":\"https:\\\/\\\/jetmar.com.uy\\\/receptivo\\\/\"},{\"@type\":\"ListItem\",\"position\":2,\"name\":\"Natureza\"}]},{\"@type\":\"WebSite\",\"@id\":\"https:\\\/\\\/jetmar.com.uy\\\/receptivo\\\/#website\",\"url\":\"https:\\\/\\\/jetmar.com.uy\\\/receptivo\\\/\",\"name\":\"JetmarReceptivo\",\"description\":\"Explore the globe with travel &amp; tourism\",\"publisher\":{\"@id\":\"https:\\\/\\\/jetmar.com.uy\\\/receptivo\\\/#organization\"},\"potentialAction\":[{\"@type\":\"SearchAction\",\"target\":{\"@type\":\"EntryPoint\",\"urlTemplate\":\"https:\\\/\\\/jetmar.com.uy\\\/receptivo\\\/?s={search_term_string}\"},\"query-input\":{\"@type\":\"PropertyValueSpecification\",\"valueRequired\":true,\"valueName\":\"search_term_string\"}}],\"inLanguage\":\"es-AR\"},{\"@type\":\"Organization\",\"@id\":\"https:\\\/\\\/jetmar.com.uy\\\/receptivo\\\/#organization\",\"name\":\"JetmarReceptivo\",\"url\":\"https:\\\/\\\/jetmar.com.uy\\\/receptivo\\\/\",\"logo\":{\"@type\":\"ImageObject\",\"inLanguage\":\"es-AR\",\"@id\":\"https:\\\/\\\/jetmar.com.uy\\\/receptivo\\\/#\\\/schema\\\/logo\\\/image\\\/\",\"url\":\"https:\\\/\\\/i0.wp.com\\\/jetmar.com.uy\\\/receptivo\\\/wp-content\\\/uploads\\\/2024\\\/12\\\/Jetmar_blanco.png?fit=1920%2C540&ssl=1\",\"contentUrl\":\"https:\\\/\\\/i0.wp.com\\\/jetmar.com.uy\\\/receptivo\\\/wp-content\\\/uploads\\\/2024\\\/12\\\/Jetmar_blanco.png?fit=1920%2C540&ssl=1\",\"width\":1920,\"height\":540,\"caption\":\"JetmarReceptivo\"},\"image\":{\"@id\":\"https:\\\/\\\/jetmar.com.uy\\\/receptivo\\\/#\\\/schema\\\/logo\\\/image\\\/\"}}]}<\/script>\n<!-- \/ Yoast SEO plugin. -->","yoast_head_json":{"title":"Natureza - JetmarReceptivo","robots":{"index":"index","follow":"follow","max-snippet":"max-snippet:-1","max-image-preview":"max-image-preview:large","max-video-preview":"max-video-preview:-1"},"canonical":"https:\/\/jetmar.com.uy\/receptivo\/natureza\/","og_locale":"es_ES","og_type":"article","og_title":"Natureza - JetmarReceptivo","og_description":"Um dia em uma praia uruguaia Experimente o charme costeiro do Uruguai em um \u00fanico dia. Aproveite o sol, o mar e a tranquilidade em algumas das praias mais bonitas do Uruguai. Mais info Birdwatching Conecte-se com a natureza! Este passeio levar\u00e1 voc\u00ea aos cantos mais tranquilos do Uruguai, onde voc\u00ea poder\u00e1 observar p\u00e1ssaros em [&hellip;]","og_url":"https:\/\/jetmar.com.uy\/receptivo\/natureza\/","og_site_name":"JetmarReceptivo","article_modified_time":"2025-02-06T17:10:43+00:00","twitter_card":"summary_large_image","twitter_misc":{"Tiempo de lectura":"2 minutos"},"schema":{"@context":"https:\/\/schema.org","@graph":[{"@type":"WebPage","@id":"https:\/\/jetmar.com.uy\/receptivo\/natureza\/","url":"https:\/\/jetmar.com.uy\/receptivo\/natureza\/","name":"Natureza - JetmarReceptivo","isPartOf":{"@id":"https:\/\/jetmar.com.uy\/receptivo\/#website"},"datePublished":"2025-01-27T14:35:37+00:00","dateModified":"2025-02-06T17:10:43+00:00","breadcrumb":{"@id":"https:\/\/jetmar.com.uy\/receptivo\/natureza\/#breadcrumb"},"inLanguage":"es-AR","potentialAction":[{"@type":"ReadAction","target":["https:\/\/jetmar.com.uy\/receptivo\/natureza\/"]}]},{"@type":"BreadcrumbList","@id":"https:\/\/jetmar.com.uy\/receptivo\/natureza\/#breadcrumb","itemListElement":[{"@type":"ListItem","position":1,"name":"Home","item":"https:\/\/jetmar.com.uy\/receptivo\/"},{"@type":"ListItem","position":2,"name":"Natureza"}]},{"@type":"WebSite","@id":"https:\/\/jetmar.com.uy\/receptivo\/#website","url":"https:\/\/jetmar.com.uy\/receptivo\/","name":"JetmarReceptivo","description":"Explore the globe with travel &amp; tourism","publisher":{"@id":"https:\/\/jetmar.com.uy\/receptivo\/#organization"},"potentialAction":[{"@type":"SearchAction","target":{"@type":"EntryPoint","urlTemplate":"https:\/\/jetmar.com.uy\/receptivo\/?s={search_term_string}"},"query-input":{"@type":"PropertyValueSpecification","valueRequired":true,"valueName":"search_term_string"}}],"inLanguage":"es-AR"},{"@type":"Organization","@id":"https:\/\/jetmar.com.uy\/receptivo\/#organization","name":"JetmarReceptivo","url":"https:\/\/jetmar.com.uy\/receptivo\/","logo":{"@type":"ImageObject","inLanguage":"es-AR","@id":"https:\/\/jetmar.com.uy\/receptivo\/#\/schema\/logo\/image\/","url":"https:\/\/i0.wp.com\/jetmar.com.uy\/receptivo\/wp-content\/uploads\/2024\/12\/Jetmar_blanco.png?fit=1920%2C540&ssl=1","contentUrl":"https:\/\/i0.wp.com\/jetmar.com.uy\/receptivo\/wp-content\/uploads\/2024\/12\/Jetmar_blanco.png?fit=1920%2C540&ssl=1","width":1920,"height":540,"caption":"JetmarReceptivo"},"image":{"@id":"https:\/\/jetmar.com.uy\/receptivo\/#\/schema\/logo\/image\/"}}]}},"jetpack_sharing_enabled":true,"_links":{"self":[{"href":"https:\/\/jetmar.com.uy\/receptivo\/wp-json\/wp\/v2\/pages\/3174","targetHints":{"allow":["GET"]}}],"collection":[{"href":"https:\/\/jetmar.com.uy\/receptivo\/wp-json\/wp\/v2\/pages"}],"about":[{"href":"https:\/\/jetmar.com.uy\/receptivo\/wp-json\/wp\/v2\/types\/page"}],"author":[{"embeddable":true,"href":"https:\/\/jetmar.com.uy\/receptivo\/wp-json\/wp\/v2\/users\/2"}],"replies":[{"embeddable":true,"href":"https:\/\/jetmar.com.uy\/receptivo\/wp-json\/wp\/v2\/comments?post=3174"}],"version-history":[{"count":5,"href":"https:\/\/jetmar.com.uy\/receptivo\/wp-json\/wp\/v2\/pages\/3174\/revisions"}],"predecessor-version":[{"id":4010,"href":"https:\/\/jetmar.com.uy\/receptivo\/wp-json\/wp\/v2\/pages\/3174\/revisions\/4010"}],"wp:attachment":[{"href":"https:\/\/jetmar.com.uy\/receptivo\/wp-json\/wp\/v2\/media?parent=3174"}],"curies":[{"name":"wp","href":"https:\/\/api.w.org\/{rel}","templated":true}]}}