{"id":3216,"date":"2025-01-27T15:07:00","date_gmt":"2025-01-27T15:07:00","guid":{"rendered":"https:\/\/jetmar.com.uy\/receptivo\/?page_id=3216"},"modified":"2025-02-06T17:11:14","modified_gmt":"2025-02-06T17:11:14","slug":"sobre-nos","status":"publish","type":"page","link":"https:\/\/jetmar.com.uy\/receptivo\/sobre-nos\/","title":{"rendered":"Sobre n\u00f3s"},"content":{"rendered":"\t\t<div data-elementor-type=\"wp-page\" data-elementor-id=\"3216\" class=\"elementor elementor-3216\" data-elementor-post-type=\"page\">\n\t\t\t\t<div class=\"elementor-element elementor-element-b2833ed e-flex e-con-boxed e-con e-parent\" data-id=\"b2833ed\" data-element_type=\"container\" data-e-type=\"container\">\n\t\t\t\t\t<div class=\"e-con-inner\">\n\t\t\t\t<div class=\"elementor-element elementor-element-f2ed2f9 elementor-widget elementor-widget-heading\" data-id=\"f2ed2f9\" data-element_type=\"widget\" data-e-type=\"widget\" data-widget_type=\"heading.default\">\n\t\t\t\t<div class=\"elementor-widget-container\">\n\t\t\t\t\t<h2 class=\"elementor-heading-title elementor-size-default\">Por que escolher a Jetmar?<\/h2>\t\t\t\t<\/div>\n\t\t\t\t<\/div>\n\t\t\t\t<div class=\"elementor-element elementor-element-bcb0046 elementor-widget elementor-widget-text-editor\" data-id=\"bcb0046\" data-element_type=\"widget\" data-e-type=\"widget\" data-widget_type=\"text-editor.default\">\n\t\t\t\t<div class=\"elementor-widget-container\">\n\t\t\t\t\t\t\t\t\t<p>N\u00e3o se chega a ser o melhor da noite para o dia. Levamos muitos anos para nos tornar a ag\u00eancia l\u00edder em nosso pa\u00eds e somos apaixonados por manter esse lugar. Todo dia, defendemos nossa posi\u00e7\u00e3o com inova\u00e7\u00e3o, qualidade e negocia\u00e7\u00f5es que garantem os melhores pre\u00e7os e servi\u00e7os.<\/p><p>Damos mais, estamos mais perto, nos adaptamos ao contexto, \u00e0s tend\u00eancias e, acima de tudo: ouvimos.<\/p><p>Somos inquietos, nos transformamos, n\u00e3o s\u00f3 vestimos a camisa: a suamos. Acreditamos que n\u00e3o tem m\u00e9rito ser o melhor, se voc\u00ea n\u00e3o for o melhor que pode ser.<\/p><p>Voc\u00ea nos encontra onde e quando quiser: 13 filiais \u2013 Site de e-commerce \u2013 Chat online \u2013 Redes sociais \u2013 WhatsApp \u2013 Unidade de vendas telef\u00f4nicas. Atendimento todos os 365 dias do ano. Consultores de vendas para viagens de lazer e corporativas.<\/p><p>Somos 250 colaboradores apaixonados por fazer parte dessa equipe e por honrar o esp\u00edrito do nosso manifesto.<\/p>\t\t\t\t\t\t\t\t<\/div>\n\t\t\t\t<\/div>\n\t\t\t\t\t<\/div>\n\t\t\t\t<\/div>\n\t\t<div class=\"elementor-element elementor-element-248eedc e-flex e-con-boxed e-con e-parent\" data-id=\"248eedc\" data-element_type=\"container\" data-e-type=\"container\">\n\t\t\t\t\t<div class=\"e-con-inner\">\n\t\t\t\t<div class=\"elementor-element elementor-element-cc07bff elementor-widget elementor-widget-heading\" data-id=\"cc07bff\" data-element_type=\"widget\" data-e-type=\"widget\" data-widget_type=\"heading.default\">\n\t\t\t\t<div class=\"elementor-widget-container\">\n\t\t\t\t\t<h2 class=\"elementor-heading-title elementor-size-default\">Nosso Manifesto<\/h2>\t\t\t\t<\/div>\n\t\t\t\t<\/div>\n\t\t\t\t<div class=\"elementor-element elementor-element-851b6cd elementor-widget elementor-widget-text-editor\" data-id=\"851b6cd\" data-element_type=\"widget\" data-e-type=\"widget\" data-widget_type=\"text-editor.default\">\n\t\t\t\t<div class=\"elementor-widget-container\">\n\t\t\t\t\t\t\t\t\t<p>Trabalhamos para os amantes da vida. Para aqueles que sabem que a vida \u00e9 curta em rela\u00e7\u00e3o \u00e0s enormes oportunidades de aproveit\u00e1-la, e desejam compartilhar experi\u00eancias reais. Para quem sabe que o material n\u00e3o vale nada se n\u00e3o for aproveitado, e que sente que o tempo \u00e9 agora, aqueles que entendem que a rotina precisa ser desafiada com novas experi\u00eancias. Para os aventureiros, en\u00e9rgicos, otimistas, presentes, para os que t\u00eam cora\u00e7\u00f5es e neg\u00f3cios sem fronteiras. Para os que gostam de experimentar e sentir coisas novas.<\/p>\t\t\t\t\t\t\t\t<\/div>\n\t\t\t\t<\/div>\n\t\t\t\t\t<\/div>\n\t\t\t\t<\/div>\n\t\t<div class=\"elementor-element elementor-element-5063c7e e-flex e-con-boxed e-con e-parent\" data-id=\"5063c7e\" data-element_type=\"container\" data-e-type=\"container\">\n\t\t\t\t\t<div class=\"e-con-inner\">\n\t\t\t\t<div class=\"elementor-element elementor-element-d1056aa elementor-widget elementor-widget-heading\" data-id=\"d1056aa\" data-element_type=\"widget\" data-e-type=\"widget\" data-widget_type=\"heading.default\">\n\t\t\t\t<div class=\"elementor-widget-container\">\n\t\t\t\t\t<h2 class=\"elementor-heading-title elementor-size-default\">O que vendemos?<\/h2>\t\t\t\t<\/div>\n\t\t\t\t<\/div>\n\t\t\t\t<div class=\"elementor-element elementor-element-2603b96 elementor-widget elementor-widget-text-editor\" data-id=\"2603b96\" data-element_type=\"widget\" data-e-type=\"widget\" data-widget_type=\"text-editor.default\">\n\t\t\t\t<div class=\"elementor-widget-container\">\n\t\t\t\t\t\t\t\t\t<p>Vendemos experi\u00eancias reais na vida. A vida \u00e9 para ser vivida, n\u00e3o apenas para ser transitada. Do que s\u00e3o feitos os bons momentos da vida? De experi\u00eancias e pessoas queridas. Acreditamos que cada vez que ajudamos as pessoas a viajar, estamos ajudando-as a viver experi\u00eancias \u00fanicas, a aproveitar a vida ao m\u00e1ximo, a se tornarem pessoas mais interessantes, a criar um monte de boas lembran\u00e7as.<\/p>\t\t\t\t\t\t\t\t<\/div>\n\t\t\t\t<\/div>\n\t\t\t\t\t<\/div>\n\t\t\t\t<\/div>\n\t\t<div class=\"elementor-element elementor-element-373e4d9 e-flex e-con-boxed e-con e-parent\" data-id=\"373e4d9\" data-element_type=\"container\" data-e-type=\"container\">\n\t\t\t\t\t<div class=\"e-con-inner\">\n\t\t\t\t<div class=\"elementor-element elementor-element-08ec4ee elementor-widget elementor-widget-heading\" data-id=\"08ec4ee\" data-element_type=\"widget\" data-e-type=\"widget\" data-widget_type=\"heading.default\">\n\t\t\t\t<div class=\"elementor-widget-container\">\n\t\t\t\t\t<h2 class=\"elementor-heading-title elementor-size-default\">Qual \u00e9 o nosso benef\u00edcio funcional?<\/h2>\t\t\t\t<\/div>\n\t\t\t\t<\/div>\n\t\t\t\t<div class=\"elementor-element elementor-element-0f7cdbe elementor-widget elementor-widget-text-editor\" data-id=\"0f7cdbe\" data-element_type=\"widget\" data-e-type=\"widget\" data-widget_type=\"text-editor.default\">\n\t\t\t\t<div class=\"elementor-widget-container\">\n\t\t\t\t\t\t\t\t\t<p>Sempre prontos para viajar. Somos os melhores em oferecer solu\u00e7\u00f5es de viagem. Seja qual for o motivo, o momento ou o meio pelo qual queiram comprar sua viagem, estamos sempre prontos para atend\u00ea-los. A qualidade do nosso servi\u00e7o \u00e9 o nosso&nbsp;<span style=\"text-align: var(--text-align);\">maior diferencial. Nosso prop\u00f3sito: Fazer da viagem um sentimento de orgulho de uma vida plenamente vivida.<\/span><\/p>\t\t\t\t\t\t\t\t<\/div>\n\t\t\t\t<\/div>\n\t\t\t\t\t<\/div>\n\t\t\t\t<\/div>\n\t\t\t\t<\/div>\n\t\t","protected":false},"excerpt":{"rendered":"<p>Por que escolher a Jetmar? N\u00e3o se chega a ser o melhor da noite para o dia. Levamos muitos anos para nos tornar a ag\u00eancia l\u00edder em nosso pa\u00eds e somos apaixonados por manter esse lugar. Todo dia, defendemos nossa posi\u00e7\u00e3o com inova\u00e7\u00e3o, qualidade e negocia\u00e7\u00f5es que garantem os melhores pre\u00e7os e servi\u00e7os. Damos mais, [&hellip;]<\/p>\n","protected":false},"author":2,"featured_media":0,"parent":0,"menu_order":0,"comment_status":"closed","ping_status":"closed","template":"","meta":{"nf_dc_page":"","om_disable_all_campaigns":false,"_monsterinsights_skip_tracking":false,"_monsterinsights_sitenote_active":false,"_monsterinsights_sitenote_note":"","_monsterinsights_sitenote_category":0,"footnotes":""},"class_list":["post-3216","page","type-page","status-publish","hentry"],"yoast_head":"<!-- This site is optimized with the Yoast SEO plugin v27.3 - https:\/\/yoast.com\/product\/yoast-seo-wordpress\/ -->\n<title>Sobre n\u00f3s - JetmarReceptivo<\/title>\n<meta name=\"robots\" content=\"index, follow, max-snippet:-1, max-image-preview:large, max-video-preview:-1\" \/>\n<link rel=\"canonical\" href=\"https:\/\/jetmar.com.uy\/receptivo\/sobre-nos\/\" \/>\n<meta property=\"og:locale\" content=\"es_ES\" \/>\n<meta property=\"og:type\" content=\"article\" \/>\n<meta property=\"og:title\" content=\"Sobre n\u00f3s - JetmarReceptivo\" \/>\n<meta property=\"og:description\" content=\"Por que escolher a Jetmar? N\u00e3o se chega a ser o melhor da noite para o dia. Levamos muitos anos para nos tornar a ag\u00eancia l\u00edder em nosso pa\u00eds e somos apaixonados por manter esse lugar. Todo dia, defendemos nossa posi\u00e7\u00e3o com inova\u00e7\u00e3o, qualidade e negocia\u00e7\u00f5es que garantem os melhores pre\u00e7os e servi\u00e7os. Damos mais, [&hellip;]\" \/>\n<meta property=\"og:url\" content=\"https:\/\/jetmar.com.uy\/receptivo\/sobre-nos\/\" \/>\n<meta property=\"og:site_name\" content=\"JetmarReceptivo\" \/>\n<meta property=\"article:modified_time\" content=\"2025-02-06T17:11:14+00:00\" \/>\n<meta name=\"twitter:card\" content=\"summary_large_image\" \/>\n<meta name=\"twitter:label1\" content=\"Tiempo de lectura\" \/>\n\t<meta name=\"twitter:data1\" content=\"2 minutos\" \/>\n<script type=\"application\/ld+json\" class=\"yoast-schema-graph\">{\"@context\":\"https:\\\/\\\/schema.org\",\"@graph\":[{\"@type\":\"WebPage\",\"@id\":\"https:\\\/\\\/jetmar.com.uy\\\/receptivo\\\/sobre-nos\\\/\",\"url\":\"https:\\\/\\\/jetmar.com.uy\\\/receptivo\\\/sobre-nos\\\/\",\"name\":\"Sobre n\u00f3s - JetmarReceptivo\",\"isPartOf\":{\"@id\":\"https:\\\/\\\/jetmar.com.uy\\\/receptivo\\\/#website\"},\"datePublished\":\"2025-01-27T15:07:00+00:00\",\"dateModified\":\"2025-02-06T17:11:14+00:00\",\"breadcrumb\":{\"@id\":\"https:\\\/\\\/jetmar.com.uy\\\/receptivo\\\/sobre-nos\\\/#breadcrumb\"},\"inLanguage\":\"es-AR\",\"potentialAction\":[{\"@type\":\"ReadAction\",\"target\":[\"https:\\\/\\\/jetmar.com.uy\\\/receptivo\\\/sobre-nos\\\/\"]}]},{\"@type\":\"BreadcrumbList\",\"@id\":\"https:\\\/\\\/jetmar.com.uy\\\/receptivo\\\/sobre-nos\\\/#breadcrumb\",\"itemListElement\":[{\"@type\":\"ListItem\",\"position\":1,\"name\":\"Home\",\"item\":\"https:\\\/\\\/jetmar.com.uy\\\/receptivo\\\/\"},{\"@type\":\"ListItem\",\"position\":2,\"name\":\"Sobre n\u00f3s\"}]},{\"@type\":\"WebSite\",\"@id\":\"https:\\\/\\\/jetmar.com.uy\\\/receptivo\\\/#website\",\"url\":\"https:\\\/\\\/jetmar.com.uy\\\/receptivo\\\/\",\"name\":\"JetmarReceptivo\",\"description\":\"Explore the globe with travel &amp; tourism\",\"publisher\":{\"@id\":\"https:\\\/\\\/jetmar.com.uy\\\/receptivo\\\/#organization\"},\"potentialAction\":[{\"@type\":\"SearchAction\",\"target\":{\"@type\":\"EntryPoint\",\"urlTemplate\":\"https:\\\/\\\/jetmar.com.uy\\\/receptivo\\\/?s={search_term_string}\"},\"query-input\":{\"@type\":\"PropertyValueSpecification\",\"valueRequired\":true,\"valueName\":\"search_term_string\"}}],\"inLanguage\":\"es-AR\"},{\"@type\":\"Organization\",\"@id\":\"https:\\\/\\\/jetmar.com.uy\\\/receptivo\\\/#organization\",\"name\":\"JetmarReceptivo\",\"url\":\"https:\\\/\\\/jetmar.com.uy\\\/receptivo\\\/\",\"logo\":{\"@type\":\"ImageObject\",\"inLanguage\":\"es-AR\",\"@id\":\"https:\\\/\\\/jetmar.com.uy\\\/receptivo\\\/#\\\/schema\\\/logo\\\/image\\\/\",\"url\":\"https:\\\/\\\/i0.wp.com\\\/jetmar.com.uy\\\/receptivo\\\/wp-content\\\/uploads\\\/2024\\\/12\\\/Jetmar_blanco.png?fit=1920%2C540&ssl=1\",\"contentUrl\":\"https:\\\/\\\/i0.wp.com\\\/jetmar.com.uy\\\/receptivo\\\/wp-content\\\/uploads\\\/2024\\\/12\\\/Jetmar_blanco.png?fit=1920%2C540&ssl=1\",\"width\":1920,\"height\":540,\"caption\":\"JetmarReceptivo\"},\"image\":{\"@id\":\"https:\\\/\\\/jetmar.com.uy\\\/receptivo\\\/#\\\/schema\\\/logo\\\/image\\\/\"}}]}<\/script>\n<!-- \/ Yoast SEO plugin. -->","yoast_head_json":{"title":"Sobre n\u00f3s - JetmarReceptivo","robots":{"index":"index","follow":"follow","max-snippet":"max-snippet:-1","max-image-preview":"max-image-preview:large","max-video-preview":"max-video-preview:-1"},"canonical":"https:\/\/jetmar.com.uy\/receptivo\/sobre-nos\/","og_locale":"es_ES","og_type":"article","og_title":"Sobre n\u00f3s - JetmarReceptivo","og_description":"Por que escolher a Jetmar? N\u00e3o se chega a ser o melhor da noite para o dia. Levamos muitos anos para nos tornar a ag\u00eancia l\u00edder em nosso pa\u00eds e somos apaixonados por manter esse lugar. Todo dia, defendemos nossa posi\u00e7\u00e3o com inova\u00e7\u00e3o, qualidade e negocia\u00e7\u00f5es que garantem os melhores pre\u00e7os e servi\u00e7os. Damos mais, [&hellip;]","og_url":"https:\/\/jetmar.com.uy\/receptivo\/sobre-nos\/","og_site_name":"JetmarReceptivo","article_modified_time":"2025-02-06T17:11:14+00:00","twitter_card":"summary_large_image","twitter_misc":{"Tiempo de lectura":"2 minutos"},"schema":{"@context":"https:\/\/schema.org","@graph":[{"@type":"WebPage","@id":"https:\/\/jetmar.com.uy\/receptivo\/sobre-nos\/","url":"https:\/\/jetmar.com.uy\/receptivo\/sobre-nos\/","name":"Sobre n\u00f3s - JetmarReceptivo","isPartOf":{"@id":"https:\/\/jetmar.com.uy\/receptivo\/#website"},"datePublished":"2025-01-27T15:07:00+00:00","dateModified":"2025-02-06T17:11:14+00:00","breadcrumb":{"@id":"https:\/\/jetmar.com.uy\/receptivo\/sobre-nos\/#breadcrumb"},"inLanguage":"es-AR","potentialAction":[{"@type":"ReadAction","target":["https:\/\/jetmar.com.uy\/receptivo\/sobre-nos\/"]}]},{"@type":"BreadcrumbList","@id":"https:\/\/jetmar.com.uy\/receptivo\/sobre-nos\/#breadcrumb","itemListElement":[{"@type":"ListItem","position":1,"name":"Home","item":"https:\/\/jetmar.com.uy\/receptivo\/"},{"@type":"ListItem","position":2,"name":"Sobre n\u00f3s"}]},{"@type":"WebSite","@id":"https:\/\/jetmar.com.uy\/receptivo\/#website","url":"https:\/\/jetmar.com.uy\/receptivo\/","name":"JetmarReceptivo","description":"Explore the globe with travel &amp; tourism","publisher":{"@id":"https:\/\/jetmar.com.uy\/receptivo\/#organization"},"potentialAction":[{"@type":"SearchAction","target":{"@type":"EntryPoint","urlTemplate":"https:\/\/jetmar.com.uy\/receptivo\/?s={search_term_string}"},"query-input":{"@type":"PropertyValueSpecification","valueRequired":true,"valueName":"search_term_string"}}],"inLanguage":"es-AR"},{"@type":"Organization","@id":"https:\/\/jetmar.com.uy\/receptivo\/#organization","name":"JetmarReceptivo","url":"https:\/\/jetmar.com.uy\/receptivo\/","logo":{"@type":"ImageObject","inLanguage":"es-AR","@id":"https:\/\/jetmar.com.uy\/receptivo\/#\/schema\/logo\/image\/","url":"https:\/\/i0.wp.com\/jetmar.com.uy\/receptivo\/wp-content\/uploads\/2024\/12\/Jetmar_blanco.png?fit=1920%2C540&ssl=1","contentUrl":"https:\/\/i0.wp.com\/jetmar.com.uy\/receptivo\/wp-content\/uploads\/2024\/12\/Jetmar_blanco.png?fit=1920%2C540&ssl=1","width":1920,"height":540,"caption":"JetmarReceptivo"},"image":{"@id":"https:\/\/jetmar.com.uy\/receptivo\/#\/schema\/logo\/image\/"}}]}},"jetpack_sharing_enabled":true,"_links":{"self":[{"href":"https:\/\/jetmar.com.uy\/receptivo\/wp-json\/wp\/v2\/pages\/3216","targetHints":{"allow":["GET"]}}],"collection":[{"href":"https:\/\/jetmar.com.uy\/receptivo\/wp-json\/wp\/v2\/pages"}],"about":[{"href":"https:\/\/jetmar.com.uy\/receptivo\/wp-json\/wp\/v2\/types\/page"}],"author":[{"embeddable":true,"href":"https:\/\/jetmar.com.uy\/receptivo\/wp-json\/wp\/v2\/users\/2"}],"replies":[{"embeddable":true,"href":"https:\/\/jetmar.com.uy\/receptivo\/wp-json\/wp\/v2\/comments?post=3216"}],"version-history":[{"count":5,"href":"https:\/\/jetmar.com.uy\/receptivo\/wp-json\/wp\/v2\/pages\/3216\/revisions"}],"predecessor-version":[{"id":4016,"href":"https:\/\/jetmar.com.uy\/receptivo\/wp-json\/wp\/v2\/pages\/3216\/revisions\/4016"}],"wp:attachment":[{"href":"https:\/\/jetmar.com.uy\/receptivo\/wp-json\/wp\/v2\/media?parent=3216"}],"curies":[{"name":"wp","href":"https:\/\/api.w.org\/{rel}","templated":true}]}}