{"id":51,"date":"2024-10-10T14:06:14","date_gmt":"2024-10-10T14:06:14","guid":{"rendered":"https:\/\/jetmar.com.uy\/receptivo\/?page_id=51"},"modified":"2025-02-06T17:11:28","modified_gmt":"2025-02-06T17:11:28","slug":"uruguay","status":"publish","type":"page","link":"https:\/\/jetmar.com.uy\/receptivo\/uruguay\/","title":{"rendered":"Uruguay"},"content":{"rendered":"\t\t<div data-elementor-type=\"wp-page\" data-elementor-id=\"51\" class=\"elementor elementor-51\" data-elementor-post-type=\"page\">\n\t\t\t\t<div class=\"elementor-element elementor-element-4d7f772 e-flex e-con-boxed e-con e-parent\" data-id=\"4d7f772\" data-element_type=\"container\" data-e-type=\"container\">\n\t\t\t\t\t<div class=\"e-con-inner\">\n\t\t<div class=\"elementor-element elementor-element-1b2f9cc e-con-full e-flex e-con e-child\" data-id=\"1b2f9cc\" data-element_type=\"container\" data-e-type=\"container\">\n\t\t\t\t<div class=\"elementor-element elementor-element-85e79dd elementor-widget elementor-widget-heading\" data-id=\"85e79dd\" data-element_type=\"widget\" data-e-type=\"widget\" data-widget_type=\"heading.default\">\n\t\t\t\t<div class=\"elementor-widget-container\">\n\t\t\t\t\t<h1 class=\"elementor-heading-title elementor-size-default\">\u00a1Bienvenidos a Uruguay! Un destino \u00fanico en Sudam\u00e9rica!<\/h1>\t\t\t\t<\/div>\n\t\t\t\t<\/div>\n\t\t\t\t<div class=\"elementor-element elementor-element-ae238de elementor-widget elementor-widget-text-editor\" data-id=\"ae238de\" data-element_type=\"widget\" data-e-type=\"widget\" data-widget_type=\"text-editor.default\">\n\t\t\t\t<div class=\"elementor-widget-container\">\n\t\t\t\t\t\t\t\t\t<p>Uruguay es un peque\u00f1o pero fascinante pa\u00eds en el sur de Am\u00e9rica Latina, conocido por su hospitalidad, su cultura vibrante y su impresionante belleza natural. Situado entre Argentina y Brasil, Uruguay ofrece una combinaci\u00f3n perfecta de paisajes tranquilos, playas paradis\u00edacas, rica historia y una excelente calidad de vida.<\/p>\t\t\t\t\t\t\t\t<\/div>\n\t\t\t\t<\/div>\n\t\t\t\t<\/div>\n\t\t<div class=\"elementor-element elementor-element-99eefd2 e-con-full e-flex e-con e-child\" data-id=\"99eefd2\" data-element_type=\"container\" data-e-type=\"container\">\n\t\t\t\t<div class=\"elementor-element elementor-element-87d000a elementor-widget elementor-widget-heading\" data-id=\"87d000a\" data-element_type=\"widget\" data-e-type=\"widget\" data-widget_type=\"heading.default\">\n\t\t\t\t<div class=\"elementor-widget-container\">\n\t\t\t\t\t<h3 class=\"elementor-heading-title elementor-size-default\">\u00bfPor qu\u00e9 visitar Uruguay?<\/h3>\t\t\t\t<\/div>\n\t\t\t\t<\/div>\n\t\t\t\t<\/div>\n\t\t<div class=\"elementor-element elementor-element-2c23eb0 e-con-full e-flex e-con e-child\" data-id=\"2c23eb0\" data-element_type=\"container\" data-e-type=\"container\">\n\t\t\t\t<div class=\"elementor-element elementor-element-774dfdb elementor-widget elementor-widget-heading\" data-id=\"774dfdb\" data-element_type=\"widget\" data-e-type=\"widget\" data-widget_type=\"heading.default\">\n\t\t\t\t<div class=\"elementor-widget-container\">\n\t\t\t\t\t<h3 class=\"elementor-heading-title elementor-size-default\">Un destino seguro y amigable<\/h3>\t\t\t\t<\/div>\n\t\t\t\t<\/div>\n\t\t\t\t<div class=\"elementor-element elementor-element-7003245 elementor-widget elementor-widget-text-editor\" data-id=\"7003245\" data-element_type=\"widget\" data-e-type=\"widget\" data-widget_type=\"text-editor.default\">\n\t\t\t\t<div class=\"elementor-widget-container\">\n\t\t\t\t\t\t\t\t\t<p>Uruguay se destaca por su estabilidad pol\u00edtica, bajos \u00edndices de criminalidad y su alto nivel de seguridad, lo que lo convierte en un destino tranquilo y accesible para todo tipo de viajeros.<\/p>\t\t\t\t\t\t\t\t<\/div>\n\t\t\t\t<\/div>\n\t\t\t\t<\/div>\n\t\t<div class=\"elementor-element elementor-element-3893ecf e-con-full e-flex e-con e-child\" data-id=\"3893ecf\" data-element_type=\"container\" data-e-type=\"container\">\n\t\t\t\t<div class=\"elementor-element elementor-element-560a980 elementor-widget elementor-widget-heading\" data-id=\"560a980\" data-element_type=\"widget\" data-e-type=\"widget\" data-widget_type=\"heading.default\">\n\t\t\t\t<div class=\"elementor-widget-container\">\n\t\t\t\t\t<h3 class=\"elementor-heading-title elementor-size-default\">Un pa\u00eds de cultura rica y diversa<\/h3>\t\t\t\t<\/div>\n\t\t\t\t<\/div>\n\t\t\t\t<div class=\"elementor-element elementor-element-9f4371e elementor-widget elementor-widget-text-editor\" data-id=\"9f4371e\" data-element_type=\"widget\" data-e-type=\"widget\" data-widget_type=\"text-editor.default\">\n\t\t\t\t<div class=\"elementor-widget-container\">\n\t\t\t\t\t\t\t\t\t<p>La cultura uruguaya es una mezcla \u00fanica de influencias europeas e ind\u00edgenas. Conocido mundialmente por su m\u00fasica, especialmente el candombe y el tango, y la tradici\u00f3n del mate, los visitantes pueden sumergirse en la historia de los pueblos originarios, la colonizaci\u00f3n espa\u00f1ola y la independencia nacional.<\/p>\t\t\t\t\t\t\t\t<\/div>\n\t\t\t\t<\/div>\n\t\t\t\t<\/div>\n\t\t<div class=\"elementor-element elementor-element-a773aa2 e-con-full e-flex e-con e-child\" data-id=\"a773aa2\" data-element_type=\"container\" data-e-type=\"container\">\n\t\t\t\t<div class=\"elementor-element elementor-element-589d4f9 elementor-widget elementor-widget-heading\" data-id=\"589d4f9\" data-element_type=\"widget\" data-e-type=\"widget\" data-widget_type=\"heading.default\">\n\t\t\t\t<div class=\"elementor-widget-container\">\n\t\t\t\t\t<h3 class=\"elementor-heading-title elementor-size-default\">Gastronom\u00eda de primer nivel<\/h3>\t\t\t\t<\/div>\n\t\t\t\t<\/div>\n\t\t\t\t<div class=\"elementor-element elementor-element-cb4e906 elementor-widget elementor-widget-text-editor\" data-id=\"cb4e906\" data-element_type=\"widget\" data-e-type=\"widget\" data-widget_type=\"text-editor.default\">\n\t\t\t\t<div class=\"elementor-widget-container\">\n\t\t\t\t\t\t\t\t\t<p>Uruguay es reconocido por su carne de res, de excelente calidad. Los amantes de la carne disfrutar\u00e1n de un asado tradicional en cualquier rinc\u00f3n del pa\u00eds. Adem\u00e1s, la oferta gastron\u00f3mica se complementa con vinos premiados, especialmente los provenientes de las bodegas en la regi\u00f3n de Canelones.<\/p>\t\t\t\t\t\t\t\t<\/div>\n\t\t\t\t<\/div>\n\t\t\t\t<\/div>\n\t\t<div class=\"elementor-element elementor-element-efd45d4 e-con-full e-flex e-con e-child\" data-id=\"efd45d4\" data-element_type=\"container\" data-e-type=\"container\">\n\t\t\t\t<div class=\"elementor-element elementor-element-c9cc564 elementor-widget elementor-widget-heading\" data-id=\"c9cc564\" data-element_type=\"widget\" data-e-type=\"widget\" data-widget_type=\"heading.default\">\n\t\t\t\t<div class=\"elementor-widget-container\">\n\t\t\t\t\t<h3 class=\"elementor-heading-title elementor-size-default\">Ciudades patrimonio hist\u00f3rico<\/h3>\t\t\t\t<\/div>\n\t\t\t\t<\/div>\n\t\t\t\t<div class=\"elementor-element elementor-element-df81aff elementor-widget elementor-widget-text-editor\" data-id=\"df81aff\" data-element_type=\"widget\" data-e-type=\"widget\" data-widget_type=\"text-editor.default\">\n\t\t\t\t<div class=\"elementor-widget-container\">\n\t\t\t\t\t\t\t\t\t<p>Ciudades con un vibrante casco hist\u00f3rico, con calles llenas de historia y arquitectura colonial.<\/p>\t\t\t\t\t\t\t\t<\/div>\n\t\t\t\t<\/div>\n\t\t\t\t<\/div>\n\t\t<div class=\"elementor-element elementor-element-3b7e6f1 e-con-full e-flex e-con e-child\" data-id=\"3b7e6f1\" data-element_type=\"container\" data-e-type=\"container\">\n\t\t\t\t<div class=\"elementor-element elementor-element-8265f24 elementor-widget elementor-widget-heading\" data-id=\"8265f24\" data-element_type=\"widget\" data-e-type=\"widget\" data-widget_type=\"heading.default\">\n\t\t\t\t<div class=\"elementor-widget-container\">\n\t\t\t\t\t<h3 class=\"elementor-heading-title elementor-size-default\">\u00c1reas protegidas<\/h3>\t\t\t\t<\/div>\n\t\t\t\t<\/div>\n\t\t\t\t<div class=\"elementor-element elementor-element-4d92b7e elementor-widget elementor-widget-text-editor\" data-id=\"4d92b7e\" data-element_type=\"widget\" data-e-type=\"widget\" data-widget_type=\"text-editor.default\">\n\t\t\t\t<div class=\"elementor-widget-container\">\n\t\t\t\t\t\t\t\t\t<p>Uruguay cuenta con varias \u00e1reas protegidas que buscan preservar su biodiversidad, ecosistemas y patrimonio natural. Estas \u00e1reas son fundamentales tanto para la conservaci\u00f3n del medio ambiente como para el turismo sostenible.<\/p>\t\t\t\t\t\t\t\t<\/div>\n\t\t\t\t<\/div>\n\t\t\t\t<\/div>\n\t\t<div class=\"elementor-element elementor-element-f97a92d e-con-full e-flex e-con e-child\" data-id=\"f97a92d\" data-element_type=\"container\" data-e-type=\"container\">\n\t\t\t\t<div class=\"elementor-element elementor-element-2594870 elementor-widget elementor-widget-heading\" data-id=\"2594870\" data-element_type=\"widget\" data-e-type=\"widget\" data-widget_type=\"heading.default\">\n\t\t\t\t<div class=\"elementor-widget-container\">\n\t\t\t\t\t<h3 class=\"elementor-heading-title elementor-size-default\">Playas y costa impresionante<\/h3>\t\t\t\t<\/div>\n\t\t\t\t<\/div>\n\t\t\t\t<div class=\"elementor-element elementor-element-2d638de elementor-widget elementor-widget-text-editor\" data-id=\"2d638de\" data-element_type=\"widget\" data-e-type=\"widget\" data-widget_type=\"text-editor.default\">\n\t\t\t\t<div class=\"elementor-widget-container\">\n\t\t\t\t\t\t\t\t\t<p>Uruguay cuenta con m\u00e1s de 600 kil\u00f3metros de costa sobre el R\u00edo de la Plata y el Oc\u00e9ano Atl\u00e1ntico, lo que lo convierte en un destino ideal para los amantes del sol y el mar. Desde las famosas playas de Punta del Este, con su animada vida nocturna y eventos internacionales,<\/p><p>hasta las m\u00e1s tranquilas y naturales de Cabo Polonio y La Paloma, hay opciones para todos los gustos.<\/p>\t\t\t\t\t\t\t\t<\/div>\n\t\t\t\t<\/div>\n\t\t\t\t<\/div>\n\t\t<div class=\"elementor-element elementor-element-be8a157 e-con-full e-flex e-con e-child\" data-id=\"be8a157\" data-element_type=\"container\" data-e-type=\"container\">\n\t\t\t\t<div class=\"elementor-element elementor-element-d4861de elementor-widget elementor-widget-heading\" data-id=\"d4861de\" data-element_type=\"widget\" data-e-type=\"widget\" data-widget_type=\"heading.default\">\n\t\t\t\t<div class=\"elementor-widget-container\">\n\t\t\t\t\t<h3 class=\"elementor-heading-title elementor-size-default\">Aventura y deportes<\/h3>\t\t\t\t<\/div>\n\t\t\t\t<\/div>\n\t\t\t\t<div class=\"elementor-element elementor-element-87a3abd elementor-widget elementor-widget-text-editor\" data-id=\"87a3abd\" data-element_type=\"widget\" data-e-type=\"widget\" data-widget_type=\"text-editor.default\">\n\t\t\t\t<div class=\"elementor-widget-container\">\n\t\t\t\t\t\t\t\t\t<p>Uruguay ofrece una variedad de actividades para los amantes de la aventura. Desde surf en las costas de Punta del Este y La Paloma, hasta senderismo en la Reserva de Cabo Polonio, el pa\u00eds es ideal para disfrutar del turismo activo. Tambi\u00e9n puedes practicar pesca deportiva o disfrutar de paseos en kayak por sus r\u00edos.<\/p>\t\t\t\t\t\t\t\t<\/div>\n\t\t\t\t<\/div>\n\t\t\t\t<\/div>\n\t\t<div class=\"elementor-element elementor-element-9f0becf e-con-full e-flex e-con e-child\" data-id=\"9f0becf\" data-element_type=\"container\" data-e-type=\"container\">\n\t\t\t\t<div class=\"elementor-element elementor-element-52d2f9e elementor-widget elementor-widget-heading\" data-id=\"52d2f9e\" data-element_type=\"widget\" data-e-type=\"widget\" data-widget_type=\"heading.default\">\n\t\t\t\t<div class=\"elementor-widget-container\">\n\t\t\t\t\t<h3 class=\"elementor-heading-title elementor-size-default\">Consejos para tu viaje a Uruguay:<\/h3>\t\t\t\t<\/div>\n\t\t\t\t<\/div>\n\t\t\t\t<\/div>\n\t\t\t\t<div class=\"elementor-element elementor-element-e25b648 elementor-align-start elementor-icon-list--layout-traditional elementor-list-item-link-full_width elementor-widget elementor-widget-icon-list\" data-id=\"e25b648\" data-element_type=\"widget\" data-e-type=\"widget\" data-widget_type=\"icon-list.default\">\n\t\t\t\t<div class=\"elementor-widget-container\">\n\t\t\t\t\t\t\t<ul class=\"elementor-icon-list-items\">\n\t\t\t\t\t\t\t<li class=\"elementor-icon-list-item\">\n\t\t\t\t\t\t\t\t\t\t\t<span class=\"elementor-icon-list-icon\">\n\t\t\t\t\t\t\t<svg aria-hidden=\"true\" class=\"e-font-icon-svg e-fas-umbrella-beach\" viewBox=\"0 0 640 512\" xmlns=\"http:\/\/www.w3.org\/2000\/svg\"><path d=\"M115.38 136.9l102.11 37.18c35.19-81.54 86.21-144.29 139-173.7-95.88-4.89-188.78 36.96-248.53 111.8-6.69 8.4-2.66 21.05 7.42 24.72zm132.25 48.16l238.48 86.83c35.76-121.38 18.7-231.66-42.63-253.98-7.4-2.7-15.13-4-23.09-4-58.02.01-128.27 69.17-172.76 171.15zM521.48 60.5c6.22 16.3 10.83 34.6 13.2 55.19 5.74 49.89-1.42 108.23-18.95 166.98l102.62 37.36c10.09 3.67 21.31-3.43 21.57-14.17 2.32-95.69-41.91-187.44-118.44-245.36zM560 447.98H321.06L386 269.5l-60.14-21.9-72.9 200.37H16c-8.84 0-16 7.16-16 16.01v32.01C0 504.83 7.16 512 16 512h544c8.84 0 16-7.17 16-16.01v-32.01c0-8.84-7.16-16-16-16z\"><\/path><\/svg>\t\t\t\t\t\t<\/span>\n\t\t\t\t\t\t\t\t\t\t<span class=\"elementor-icon-list-text\">Mejor \u00e9poca para viajar: De diciembre a marzo, durante el verano, el clima es ideal para disfrutar de las playas y eventos. Si prefieres un clima m\u00e1s templado, la primavera y el oto\u00f1o (de septiembre a noviembre y de marzo a mayo) tambi\u00e9n son perfectos para explorar el pa\u00eds.<\/span>\n\t\t\t\t\t\t\t\t\t<\/li>\n\t\t\t\t\t\t\t\t<li class=\"elementor-icon-list-item\">\n\t\t\t\t\t\t\t\t\t\t\t<span class=\"elementor-icon-list-icon\">\n\t\t\t\t\t\t\t<svg aria-hidden=\"true\" class=\"e-font-icon-svg e-fas-dollar-sign\" viewBox=\"0 0 288 512\" xmlns=\"http:\/\/www.w3.org\/2000\/svg\"><path d=\"M209.2 233.4l-108-31.6C88.7 198.2 80 186.5 80 173.5c0-16.3 13.2-29.5 29.5-29.5h66.3c12.2 0 24.2 3.7 34.2 10.5 6.1 4.1 14.3 3.1 19.5-2l34.8-34c7.1-6.9 6.1-18.4-1.8-24.5C238 74.8 207.4 64.1 176 64V16c0-8.8-7.2-16-16-16h-32c-8.8 0-16 7.2-16 16v48h-2.5C45.8 64-5.4 118.7.5 183.6c4.2 46.1 39.4 83.6 83.8 96.6l102.5 30c12.5 3.7 21.2 15.3 21.2 28.3 0 16.3-13.2 29.5-29.5 29.5h-66.3C100 368 88 364.3 78 357.5c-6.1-4.1-14.3-3.1-19.5 2l-34.8 34c-7.1 6.9-6.1 18.4 1.8 24.5 24.5 19.2 55.1 29.9 86.5 30v48c0 8.8 7.2 16 16 16h32c8.8 0 16-7.2 16-16v-48.2c46.6-.9 90.3-28.6 105.7-72.7 21.5-61.6-14.6-124.8-72.5-141.7z\"><\/path><\/svg>\t\t\t\t\t\t<\/span>\n\t\t\t\t\t\t\t\t\t\t<span class=\"elementor-icon-list-text\">Moneda: El peso uruguayo (UYU). Sin embargo, muchas tiendas y restaurantes aceptan d\u00f3lares.<\/span>\n\t\t\t\t\t\t\t\t\t<\/li>\n\t\t\t\t\t\t\t\t<li class=\"elementor-icon-list-item\">\n\t\t\t\t\t\t\t\t\t\t\t<span class=\"elementor-icon-list-icon\">\n\t\t\t\t\t\t\t<svg aria-hidden=\"true\" class=\"e-font-icon-svg e-fas-language\" viewBox=\"0 0 640 512\" xmlns=\"http:\/\/www.w3.org\/2000\/svg\"><path d=\"M152.1 236.2c-3.5-12.1-7.8-33.2-7.8-33.2h-.5s-4.3 21.1-7.8 33.2l-11.1 37.5H163zM616 96H336v320h280c13.3 0 24-10.7 24-24V120c0-13.3-10.7-24-24-24zm-24 120c0 6.6-5.4 12-12 12h-11.4c-6.9 23.6-21.7 47.4-42.7 69.9 8.4 6.4 17.1 12.5 26.1 18 5.5 3.4 7.3 10.5 4.1 16.2l-7.9 13.9c-3.4 5.9-10.9 7.8-16.7 4.3-12.6-7.8-24.5-16.1-35.4-24.9-10.9 8.7-22.7 17.1-35.4 24.9-5.8 3.5-13.3 1.6-16.7-4.3l-7.9-13.9c-3.2-5.6-1.4-12.8 4.2-16.2 9.3-5.7 18-11.7 26.1-18-7.9-8.4-14.9-17-21-25.7-4-5.7-2.2-13.6 3.7-17.1l6.5-3.9 7.3-4.3c5.4-3.2 12.4-1.7 16 3.4 5 7 10.8 14 17.4 20.9 13.5-14.2 23.8-28.9 30-43.2H412c-6.6 0-12-5.4-12-12v-16c0-6.6 5.4-12 12-12h64v-16c0-6.6 5.4-12 12-12h16c6.6 0 12 5.4 12 12v16h64c6.6 0 12 5.4 12 12zM0 120v272c0 13.3 10.7 24 24 24h280V96H24c-13.3 0-24 10.7-24 24zm58.9 216.1L116.4 167c1.7-4.9 6.2-8.1 11.4-8.1h32.5c5.1 0 9.7 3.3 11.4 8.1l57.5 169.1c2.6 7.8-3.1 15.9-11.4 15.9h-22.9a12 12 0 0 1-11.5-8.6l-9.4-31.9h-60.2l-9.1 31.8c-1.5 5.1-6.2 8.7-11.5 8.7H70.3c-8.2 0-14-8.1-11.4-15.9z\"><\/path><\/svg>\t\t\t\t\t\t<\/span>\n\t\t\t\t\t\t\t\t\t\t<span class=\"elementor-icon-list-text\">Idioma: El idioma oficial es el espa\u00f1ol, pero en \u00e1reas tur\u00edsticas se habla bastante ingl\u00e9s y portugu\u00e9s.<\/span>\n\t\t\t\t\t\t\t\t\t<\/li>\n\t\t\t\t\t\t<\/ul>\n\t\t\t\t\t\t<\/div>\n\t\t\t\t<\/div>\n\t\t\t\t\t<\/div>\n\t\t\t\t<\/div>\n\t\t<div class=\"elementor-element elementor-element-85adcfc e-con-full e-flex e-con e-child\" data-id=\"85adcfc\" data-element_type=\"container\" data-e-type=\"container\">\n\t\t\t\t<div class=\"elementor-element elementor-element-e0deaaf elementor-widget elementor-widget-heading\" data-id=\"e0deaaf\" data-element_type=\"widget\" data-e-type=\"widget\" data-widget_type=\"heading.default\">\n\t\t\t\t<div class=\"elementor-widget-container\">\n\t\t\t\t\t<h2 class=\"elementor-heading-title elementor-size-default\">Uruguay te espera con su hospitalidad, su belleza natural y su rica cultura. \u00a1Ven y descubre todo lo que este peque\u00f1o gran pa\u00eds tiene para ofrecer!<\/h2>\t\t\t\t<\/div>\n\t\t\t\t<\/div>\n\t\t\t\t<\/div>\n\t\t\t\t<\/div>\n\t\t","protected":false},"excerpt":{"rendered":"<p>\u00a1Bienvenidos a Uruguay! Un destino \u00fanico en Sudam\u00e9rica! Uruguay es un peque\u00f1o pero fascinante pa\u00eds en el sur de Am\u00e9rica Latina, conocido por su hospitalidad, su cultura vibrante y su impresionante belleza natural. Situado entre Argentina y Brasil, Uruguay ofrece una combinaci\u00f3n perfecta de paisajes tranquilos, playas paradis\u00edacas, rica historia y una excelente calidad de [&hellip;]<\/p>\n","protected":false},"author":1,"featured_media":0,"parent":0,"menu_order":0,"comment_status":"closed","ping_status":"closed","template":"","meta":{"nf_dc_page":"","om_disable_all_campaigns":false,"_monsterinsights_skip_tracking":false,"_monsterinsights_sitenote_active":false,"_monsterinsights_sitenote_note":"","_monsterinsights_sitenote_category":0,"footnotes":""},"class_list":["post-51","page","type-page","status-publish","hentry"],"yoast_head":"<!-- This site is optimized with the Yoast SEO plugin v27.3 - https:\/\/yoast.com\/product\/yoast-seo-wordpress\/ -->\n<title>Uruguay - JetmarReceptivo<\/title>\n<meta name=\"robots\" content=\"index, follow, max-snippet:-1, max-image-preview:large, max-video-preview:-1\" \/>\n<link rel=\"canonical\" href=\"https:\/\/jetmar.com.uy\/receptivo\/uruguay\/\" \/>\n<meta property=\"og:locale\" content=\"es_ES\" \/>\n<meta property=\"og:type\" content=\"article\" \/>\n<meta property=\"og:title\" content=\"Uruguay - JetmarReceptivo\" \/>\n<meta property=\"og:description\" content=\"\u00a1Bienvenidos a Uruguay! Un destino \u00fanico en Sudam\u00e9rica! Uruguay es un peque\u00f1o pero fascinante pa\u00eds en el sur de Am\u00e9rica Latina, conocido por su hospitalidad, su cultura vibrante y su impresionante belleza natural. Situado entre Argentina y Brasil, Uruguay ofrece una combinaci\u00f3n perfecta de paisajes tranquilos, playas paradis\u00edacas, rica historia y una excelente calidad de [&hellip;]\" \/>\n<meta property=\"og:url\" content=\"https:\/\/jetmar.com.uy\/receptivo\/uruguay\/\" \/>\n<meta property=\"og:site_name\" content=\"JetmarReceptivo\" \/>\n<meta property=\"article:modified_time\" content=\"2025-02-06T17:11:28+00:00\" \/>\n<meta name=\"twitter:card\" content=\"summary_large_image\" \/>\n<meta name=\"twitter:label1\" content=\"Tiempo de lectura\" \/>\n\t<meta name=\"twitter:data1\" content=\"3 minutos\" \/>\n<script type=\"application\/ld+json\" class=\"yoast-schema-graph\">{\"@context\":\"https:\\\/\\\/schema.org\",\"@graph\":[{\"@type\":\"WebPage\",\"@id\":\"https:\\\/\\\/jetmar.com.uy\\\/receptivo\\\/uruguay\\\/\",\"url\":\"https:\\\/\\\/jetmar.com.uy\\\/receptivo\\\/uruguay\\\/\",\"name\":\"Uruguay - JetmarReceptivo\",\"isPartOf\":{\"@id\":\"https:\\\/\\\/jetmar.com.uy\\\/receptivo\\\/#website\"},\"datePublished\":\"2024-10-10T14:06:14+00:00\",\"dateModified\":\"2025-02-06T17:11:28+00:00\",\"breadcrumb\":{\"@id\":\"https:\\\/\\\/jetmar.com.uy\\\/receptivo\\\/uruguay\\\/#breadcrumb\"},\"inLanguage\":\"es-AR\",\"potentialAction\":[{\"@type\":\"ReadAction\",\"target\":[\"https:\\\/\\\/jetmar.com.uy\\\/receptivo\\\/uruguay\\\/\"]}]},{\"@type\":\"BreadcrumbList\",\"@id\":\"https:\\\/\\\/jetmar.com.uy\\\/receptivo\\\/uruguay\\\/#breadcrumb\",\"itemListElement\":[{\"@type\":\"ListItem\",\"position\":1,\"name\":\"Home\",\"item\":\"https:\\\/\\\/jetmar.com.uy\\\/receptivo\\\/\"},{\"@type\":\"ListItem\",\"position\":2,\"name\":\"Uruguay\"}]},{\"@type\":\"WebSite\",\"@id\":\"https:\\\/\\\/jetmar.com.uy\\\/receptivo\\\/#website\",\"url\":\"https:\\\/\\\/jetmar.com.uy\\\/receptivo\\\/\",\"name\":\"JetmarReceptivo\",\"description\":\"Explore the globe with travel &amp; tourism\",\"publisher\":{\"@id\":\"https:\\\/\\\/jetmar.com.uy\\\/receptivo\\\/#organization\"},\"potentialAction\":[{\"@type\":\"SearchAction\",\"target\":{\"@type\":\"EntryPoint\",\"urlTemplate\":\"https:\\\/\\\/jetmar.com.uy\\\/receptivo\\\/?s={search_term_string}\"},\"query-input\":{\"@type\":\"PropertyValueSpecification\",\"valueRequired\":true,\"valueName\":\"search_term_string\"}}],\"inLanguage\":\"es-AR\"},{\"@type\":\"Organization\",\"@id\":\"https:\\\/\\\/jetmar.com.uy\\\/receptivo\\\/#organization\",\"name\":\"JetmarReceptivo\",\"url\":\"https:\\\/\\\/jetmar.com.uy\\\/receptivo\\\/\",\"logo\":{\"@type\":\"ImageObject\",\"inLanguage\":\"es-AR\",\"@id\":\"https:\\\/\\\/jetmar.com.uy\\\/receptivo\\\/#\\\/schema\\\/logo\\\/image\\\/\",\"url\":\"https:\\\/\\\/i0.wp.com\\\/jetmar.com.uy\\\/receptivo\\\/wp-content\\\/uploads\\\/2024\\\/12\\\/Jetmar_blanco.png?fit=1920%2C540&ssl=1\",\"contentUrl\":\"https:\\\/\\\/i0.wp.com\\\/jetmar.com.uy\\\/receptivo\\\/wp-content\\\/uploads\\\/2024\\\/12\\\/Jetmar_blanco.png?fit=1920%2C540&ssl=1\",\"width\":1920,\"height\":540,\"caption\":\"JetmarReceptivo\"},\"image\":{\"@id\":\"https:\\\/\\\/jetmar.com.uy\\\/receptivo\\\/#\\\/schema\\\/logo\\\/image\\\/\"}}]}<\/script>\n<!-- \/ Yoast SEO plugin. -->","yoast_head_json":{"title":"Uruguay - JetmarReceptivo","robots":{"index":"index","follow":"follow","max-snippet":"max-snippet:-1","max-image-preview":"max-image-preview:large","max-video-preview":"max-video-preview:-1"},"canonical":"https:\/\/jetmar.com.uy\/receptivo\/uruguay\/","og_locale":"es_ES","og_type":"article","og_title":"Uruguay - JetmarReceptivo","og_description":"\u00a1Bienvenidos a Uruguay! Un destino \u00fanico en Sudam\u00e9rica! Uruguay es un peque\u00f1o pero fascinante pa\u00eds en el sur de Am\u00e9rica Latina, conocido por su hospitalidad, su cultura vibrante y su impresionante belleza natural. Situado entre Argentina y Brasil, Uruguay ofrece una combinaci\u00f3n perfecta de paisajes tranquilos, playas paradis\u00edacas, rica historia y una excelente calidad de [&hellip;]","og_url":"https:\/\/jetmar.com.uy\/receptivo\/uruguay\/","og_site_name":"JetmarReceptivo","article_modified_time":"2025-02-06T17:11:28+00:00","twitter_card":"summary_large_image","twitter_misc":{"Tiempo de lectura":"3 minutos"},"schema":{"@context":"https:\/\/schema.org","@graph":[{"@type":"WebPage","@id":"https:\/\/jetmar.com.uy\/receptivo\/uruguay\/","url":"https:\/\/jetmar.com.uy\/receptivo\/uruguay\/","name":"Uruguay - JetmarReceptivo","isPartOf":{"@id":"https:\/\/jetmar.com.uy\/receptivo\/#website"},"datePublished":"2024-10-10T14:06:14+00:00","dateModified":"2025-02-06T17:11:28+00:00","breadcrumb":{"@id":"https:\/\/jetmar.com.uy\/receptivo\/uruguay\/#breadcrumb"},"inLanguage":"es-AR","potentialAction":[{"@type":"ReadAction","target":["https:\/\/jetmar.com.uy\/receptivo\/uruguay\/"]}]},{"@type":"BreadcrumbList","@id":"https:\/\/jetmar.com.uy\/receptivo\/uruguay\/#breadcrumb","itemListElement":[{"@type":"ListItem","position":1,"name":"Home","item":"https:\/\/jetmar.com.uy\/receptivo\/"},{"@type":"ListItem","position":2,"name":"Uruguay"}]},{"@type":"WebSite","@id":"https:\/\/jetmar.com.uy\/receptivo\/#website","url":"https:\/\/jetmar.com.uy\/receptivo\/","name":"JetmarReceptivo","description":"Explore the globe with travel &amp; tourism","publisher":{"@id":"https:\/\/jetmar.com.uy\/receptivo\/#organization"},"potentialAction":[{"@type":"SearchAction","target":{"@type":"EntryPoint","urlTemplate":"https:\/\/jetmar.com.uy\/receptivo\/?s={search_term_string}"},"query-input":{"@type":"PropertyValueSpecification","valueRequired":true,"valueName":"search_term_string"}}],"inLanguage":"es-AR"},{"@type":"Organization","@id":"https:\/\/jetmar.com.uy\/receptivo\/#organization","name":"JetmarReceptivo","url":"https:\/\/jetmar.com.uy\/receptivo\/","logo":{"@type":"ImageObject","inLanguage":"es-AR","@id":"https:\/\/jetmar.com.uy\/receptivo\/#\/schema\/logo\/image\/","url":"https:\/\/i0.wp.com\/jetmar.com.uy\/receptivo\/wp-content\/uploads\/2024\/12\/Jetmar_blanco.png?fit=1920%2C540&ssl=1","contentUrl":"https:\/\/i0.wp.com\/jetmar.com.uy\/receptivo\/wp-content\/uploads\/2024\/12\/Jetmar_blanco.png?fit=1920%2C540&ssl=1","width":1920,"height":540,"caption":"JetmarReceptivo"},"image":{"@id":"https:\/\/jetmar.com.uy\/receptivo\/#\/schema\/logo\/image\/"}}]}},"jetpack_sharing_enabled":true,"_links":{"self":[{"href":"https:\/\/jetmar.com.uy\/receptivo\/wp-json\/wp\/v2\/pages\/51","targetHints":{"allow":["GET"]}}],"collection":[{"href":"https:\/\/jetmar.com.uy\/receptivo\/wp-json\/wp\/v2\/pages"}],"about":[{"href":"https:\/\/jetmar.com.uy\/receptivo\/wp-json\/wp\/v2\/types\/page"}],"author":[{"embeddable":true,"href":"https:\/\/jetmar.com.uy\/receptivo\/wp-json\/wp\/v2\/users\/1"}],"replies":[{"embeddable":true,"href":"https:\/\/jetmar.com.uy\/receptivo\/wp-json\/wp\/v2\/comments?post=51"}],"version-history":[{"count":5,"href":"https:\/\/jetmar.com.uy\/receptivo\/wp-json\/wp\/v2\/pages\/51\/revisions"}],"predecessor-version":[{"id":4019,"href":"https:\/\/jetmar.com.uy\/receptivo\/wp-json\/wp\/v2\/pages\/51\/revisions\/4019"}],"wp:attachment":[{"href":"https:\/\/jetmar.com.uy\/receptivo\/wp-json\/wp\/v2\/media?parent=51"}],"curies":[{"name":"wp","href":"https:\/\/api.w.org\/{rel}","templated":true}]}}